{"id":16452,"date":"2025-01-24T13:08:44","date_gmt":"2025-01-24T13:08:44","guid":{"rendered":"https:\/\/staging2.stylingagenten.com\/sv\/produkt\/hermes-h24-deo-stick-75ml\/"},"modified":"2026-03-07T22:14:27","modified_gmt":"2026-03-07T22:14:27","slug":"hermes-h24-deo-stick-75ml","status":"publish","type":"product","link":"https:\/\/stylingagenten.com\/sv\/produkt\/hermes-h24-deo-stick-75ml\/","title":{"rendered":"Hermes H24 Deo Stick 75ml"},"content":{"rendered":"<p>Hermes H24 Deo Stick 75ml<br \/>PRODUKTEN<br \/>F\u00f6r att vara mannens dagliga f\u00f6ljeslagare ingjuter H24 sitt aromatiska, fr\u00e4scha och vegetabiliska doftsp\u00e5r i en komplett hudv\u00e5rdslinje. Andra steget i H24-ritualen: det fr\u00e4scha deosticket ger en k\u00e4nsla av omedelbar fr\u00e4sch\u00f6r och varaktigt v\u00e4lbefinnande.<br \/>TEXTUR<br \/>Ett deostick med sm\u00e4ltande textur som inte klibbar.<br \/>FORMULAN<br \/>Dess formula utan alkohol best\u00e5r av 86 % ingredienser av naturligt ursprung.<br \/>HUDV\u00c5RDSRESULTATET<br \/>Den l\u00e4mnar huden mjuk, \u00e5terfuktad och skyddad fr\u00e5n fukt och svettlukter.<\/p>\n","protected":false},"excerpt":{"rendered":"<p>Hermes H24 Deo Stick 75mlPRODUKTENF\u00f6r att vara mannens dagliga f\u00f6ljeslagare ingjuter H24 sitt aromatiska, fr\u00e4scha och vegetabiliska doftsp\u00e5r i en komplett hudv\u00e5rdslinje. Andra steget i H24-ritualen: det fr\u00e4scha deosticket ger en k\u00e4nsla av omedelbar fr\u00e4sch\u00f6r och varaktigt v\u00e4lbefinnande.TEXTUREtt deostick med sm\u00e4ltande textur som inte klibbar.FORMULANDess formula utan alkohol best\u00e5r av 86 % ingredienser av naturligt [&hellip;]<\/p>\n","protected":false},"featured_media":16450,"comment_status":"open","ping_status":"closed","template":"","meta":{"_trash_the_other_posts":false},"product_brand":[],"product_cat":[720,1006],"product_tag":[],"berocket_brand":[1337],"class_list":{"0":"post-16452","1":"product","2":"type-product","3":"status-publish","4":"has-post-thumbnail","6":"product_cat-deostick-herr","7":"product_cat-kampanjpris","8":"pa_brand-hermes","9":"berocket_brand-hermes","11":"first","12":"outofstock","13":"sale","14":"taxable","15":"shipping-taxable","16":"purchasable","17":"product-type-simple"},"_links":{"self":[{"href":"https:\/\/stylingagenten.com\/sv\/wp-json\/wp\/v2\/product\/16452","targetHints":{"allow":["GET"]}}],"collection":[{"href":"https:\/\/stylingagenten.com\/sv\/wp-json\/wp\/v2\/product"}],"about":[{"href":"https:\/\/stylingagenten.com\/sv\/wp-json\/wp\/v2\/types\/product"}],"replies":[{"embeddable":true,"href":"https:\/\/stylingagenten.com\/sv\/wp-json\/wp\/v2\/comments?post=16452"}],"version-history":[{"count":0,"href":"https:\/\/stylingagenten.com\/sv\/wp-json\/wp\/v2\/product\/16452\/revisions"}],"wp:featuredmedia":[{"embeddable":true,"href":"https:\/\/stylingagenten.com\/sv\/wp-json\/wp\/v2\/media\/16450"}],"wp:attachment":[{"href":"https:\/\/stylingagenten.com\/sv\/wp-json\/wp\/v2\/media?parent=16452"}],"wp:term":[{"taxonomy":"product_brand","embeddable":true,"href":"https:\/\/stylingagenten.com\/sv\/wp-json\/wp\/v2\/product_brand?post=16452"},{"taxonomy":"product_cat","embeddable":true,"href":"https:\/\/stylingagenten.com\/sv\/wp-json\/wp\/v2\/product_cat?post=16452"},{"taxonomy":"product_tag","embeddable":true,"href":"https:\/\/stylingagenten.com\/sv\/wp-json\/wp\/v2\/product_tag?post=16452"},{"taxonomy":"berocket_brand","embeddable":true,"href":"https:\/\/stylingagenten.com\/sv\/wp-json\/wp\/v2\/berocket_brand?post=16452"}],"curies":[{"name":"wp","href":"https:\/\/api.w.org\/{rel}","templated":true}]}}