{"id":16427,"date":"2025-01-24T13:08:30","date_gmt":"2025-01-24T13:08:30","guid":{"rendered":"https:\/\/staging2.stylingagenten.com\/sv\/produkt\/calvin-klein-eternity-flame-for-women-edp-100ml\/"},"modified":"2026-04-14T21:08:40","modified_gmt":"2026-04-14T21:08:40","slug":"calvin-klein-eternity-flame-for-women-edp-100ml","status":"publish","type":"product","link":"https:\/\/stylingagenten.com\/sv\/produkt\/calvin-klein-eternity-flame-for-women-edp-100ml\/","title":{"rendered":"Calvin Klein Eternity Flame For Women Edp 100ml"},"content":{"rendered":"<p>Calvin Klein Eternity Flame for Women Edp \u00e4r en sensuell version av de klassiska Eternity dofterna. En orientalisk blommig och frisk doft som kan beskrivas som ljus, kryddig och sensuell. En ov\u00e4ntad blandning av ljusa frukter och delikata blommor kontrasterade med orientaliska smaker.<br \/>Toppnoter: mandarin<br \/>Hj\u00e4rtnoter: lukt\u00e4rt<br \/>Basnoter: labdanum<\/p>\n","protected":false},"excerpt":{"rendered":"<p>Calvin Klein Eternity Flame for Women Edp \u00e4r en sensuell version av de klassiska Eternity dofterna. En orientalisk blommig och frisk doft som kan beskrivas som ljus, kryddig och sensuell. En ov\u00e4ntad blandning av ljusa frukter och delikata blommor kontrasterade med orientaliska smaker.Toppnoter: mandarinHj\u00e4rtnoter: lukt\u00e4rtBasnoter: labdanum<\/p>\n","protected":false},"featured_media":16424,"comment_status":"open","ping_status":"closed","template":"","meta":{"_trash_the_other_posts":false},"product_brand":[],"product_cat":[707,735,999,1006,534],"product_tag":[],"berocket_brand":[1014],"class_list":{"0":"post-16427","1":"product","2":"type-product","3":"status-publish","4":"has-post-thumbnail","6":"product_cat-eau-de-toilette-dam","7":"product_cat-kampanj","8":"product_cat-kampanj-for-henne","9":"product_cat-kampanjpris","10":"product_cat-parfym-dam","11":"pa_brand-calvin-klein","12":"berocket_brand-calvin-klein","14":"first","15":"instock","16":"sale","17":"taxable","18":"shipping-taxable","19":"purchasable","20":"product-type-simple"},"_links":{"self":[{"href":"https:\/\/stylingagenten.com\/sv\/wp-json\/wp\/v2\/product\/16427","targetHints":{"allow":["GET"]}}],"collection":[{"href":"https:\/\/stylingagenten.com\/sv\/wp-json\/wp\/v2\/product"}],"about":[{"href":"https:\/\/stylingagenten.com\/sv\/wp-json\/wp\/v2\/types\/product"}],"replies":[{"embeddable":true,"href":"https:\/\/stylingagenten.com\/sv\/wp-json\/wp\/v2\/comments?post=16427"}],"version-history":[{"count":0,"href":"https:\/\/stylingagenten.com\/sv\/wp-json\/wp\/v2\/product\/16427\/revisions"}],"wp:featuredmedia":[{"embeddable":true,"href":"https:\/\/stylingagenten.com\/sv\/wp-json\/wp\/v2\/media\/16424"}],"wp:attachment":[{"href":"https:\/\/stylingagenten.com\/sv\/wp-json\/wp\/v2\/media?parent=16427"}],"wp:term":[{"taxonomy":"product_brand","embeddable":true,"href":"https:\/\/stylingagenten.com\/sv\/wp-json\/wp\/v2\/product_brand?post=16427"},{"taxonomy":"product_cat","embeddable":true,"href":"https:\/\/stylingagenten.com\/sv\/wp-json\/wp\/v2\/product_cat?post=16427"},{"taxonomy":"product_tag","embeddable":true,"href":"https:\/\/stylingagenten.com\/sv\/wp-json\/wp\/v2\/product_tag?post=16427"},{"taxonomy":"berocket_brand","embeddable":true,"href":"https:\/\/stylingagenten.com\/sv\/wp-json\/wp\/v2\/berocket_brand?post=16427"}],"curies":[{"name":"wp","href":"https:\/\/api.w.org\/{rel}","templated":true}]}}