{"id":16422,"date":"2025-01-24T13:08:28","date_gmt":"2025-01-24T13:08:28","guid":{"rendered":"https:\/\/staging2.stylingagenten.com\/sv\/produkt\/escada-show-me-love-edp-100ml\/"},"modified":"2026-03-11T22:04:54","modified_gmt":"2026-03-11T22:04:54","slug":"escada-show-me-love-edp-100ml","status":"publish","type":"product","link":"https:\/\/stylingagenten.com\/sv\/produkt\/escada-show-me-love-edp-100ml\/","title":{"rendered":"Escada Show Me Love Edp 100ml"},"content":{"rendered":"<p>Escada Show Me Love Edp 100ml<br \/>Det finns en ny Broadway-favorit i stan som stj\u00e4l hela showen. Denna vinter introducerar ESCADA ett nytt hj\u00e4rta i kollektionen: Show Me Love \u00e4r den f\u00f6rsta Escada-parfymen som f\u00e5r dig att leva ditt liv som en stj\u00e4rna.<br \/>&#8211;<br \/>Show Me Love \u00e4r en parfym till den sj\u00e4lvs\u00e4kra kvinnan med den ultimata blandningen av sensualitet och aptit p\u00e5 livet. Saftiga noter av bl\u00e5b\u00e4r blandar sig med sensuell jasmin och uts\u00f6kta noter av bl\u00e5b\u00e4rsmacaroner rundar av doften med en underbar s\u00f6tma. Show Me Love \u00e4r en vegansk blomparfym som speglar ESCADAs tanke om att skapa moderna dofter som blir allt mer milj\u00f6v\u00e4nliga.<\/p>\n","protected":false},"excerpt":{"rendered":"<p>Escada Show Me Love Edp 100mlDet finns en ny Broadway-favorit i stan som stj\u00e4l hela showen. Denna vinter introducerar ESCADA ett nytt hj\u00e4rta i kollektionen: Show Me Love \u00e4r den f\u00f6rsta Escada-parfymen som f\u00e5r dig att leva ditt liv som en stj\u00e4rna.&#8211;Show Me Love \u00e4r en parfym till den sj\u00e4lvs\u00e4kra kvinnan med den ultimata blandningen [&hellip;]<\/p>\n","protected":false},"featured_media":16416,"comment_status":"open","ping_status":"closed","template":"","meta":{"_trash_the_other_posts":false},"product_brand":[],"product_cat":[735,999,1006,534],"product_tag":[2936],"berocket_brand":[1306],"class_list":{"0":"post-16422","1":"product","2":"type-product","3":"status-publish","4":"has-post-thumbnail","6":"product_cat-kampanj","7":"product_cat-kampanj-for-henne","8":"product_cat-kampanjpris","9":"product_cat-parfym-dam","10":"product_tag-escada-show-me-love-edp","11":"pa_brand-escada","12":"pa_variant-100ml","13":"berocket_brand-escada","15":"first","16":"instock","17":"sale","18":"taxable","19":"shipping-taxable","20":"purchasable","21":"product-type-simple"},"_links":{"self":[{"href":"https:\/\/stylingagenten.com\/sv\/wp-json\/wp\/v2\/product\/16422","targetHints":{"allow":["GET"]}}],"collection":[{"href":"https:\/\/stylingagenten.com\/sv\/wp-json\/wp\/v2\/product"}],"about":[{"href":"https:\/\/stylingagenten.com\/sv\/wp-json\/wp\/v2\/types\/product"}],"replies":[{"embeddable":true,"href":"https:\/\/stylingagenten.com\/sv\/wp-json\/wp\/v2\/comments?post=16422"}],"version-history":[{"count":0,"href":"https:\/\/stylingagenten.com\/sv\/wp-json\/wp\/v2\/product\/16422\/revisions"}],"wp:featuredmedia":[{"embeddable":true,"href":"https:\/\/stylingagenten.com\/sv\/wp-json\/wp\/v2\/media\/16416"}],"wp:attachment":[{"href":"https:\/\/stylingagenten.com\/sv\/wp-json\/wp\/v2\/media?parent=16422"}],"wp:term":[{"taxonomy":"product_brand","embeddable":true,"href":"https:\/\/stylingagenten.com\/sv\/wp-json\/wp\/v2\/product_brand?post=16422"},{"taxonomy":"product_cat","embeddable":true,"href":"https:\/\/stylingagenten.com\/sv\/wp-json\/wp\/v2\/product_cat?post=16422"},{"taxonomy":"product_tag","embeddable":true,"href":"https:\/\/stylingagenten.com\/sv\/wp-json\/wp\/v2\/product_tag?post=16422"},{"taxonomy":"berocket_brand","embeddable":true,"href":"https:\/\/stylingagenten.com\/sv\/wp-json\/wp\/v2\/berocket_brand?post=16422"}],"curies":[{"name":"wp","href":"https:\/\/api.w.org\/{rel}","templated":true}]}}