{"id":16399,"date":"2025-01-24T13:08:25","date_gmt":"2025-01-24T13:08:25","guid":{"rendered":"https:\/\/staging2.stylingagenten.com\/sv\/produkt\/hugo-boss-hugo-jeans-edt-75ml\/"},"modified":"2026-04-12T13:18:22","modified_gmt":"2026-04-12T13:18:22","slug":"hugo-boss-hugo-jeans-edt-75ml","status":"publish","type":"product","link":"https:\/\/stylingagenten.com\/sv\/produkt\/hugo-boss-hugo-jeans-edt-75ml\/","title":{"rendered":"Hugo Boss Hugo Jeans Edt 75ml"},"content":{"rendered":"<p>Hugo Boss Hugo Jeans Edt 75ml<br \/>Till den modiga rebellen! Nu lanseras HUGO JEANS Eau de Toilette for Men \u2013 en dj\u00e4rv och frisk herrparfym f\u00f6r mannen som \u00e4lskar att g\u00e5 din egen v\u00e4g.<br \/>&#8211;<br \/>Toppnoter av saftig grapefrukt och uppfriskande lime blandar sig med pepparmint och enb\u00e4r i hj\u00e4rtat och skapar en boost av energi. H\u00e4rliga noter av sandeltr\u00e4 kombineras med vetiver och cedertr\u00e4 som ger doften en inbjudande v\u00e4rme \u2013 och helheten \u00e4r oemotst\u00e5ndlig. Denna maskulina eau de toilette kan b\u00e4ras var som helst och n\u00e4r som helst \u2013 precis som ett par jeans som sitter helt perfekt.<\/p>\n","protected":false},"excerpt":{"rendered":"<p>Hugo Boss Hugo Jeans Edt 75mlTill den modiga rebellen! Nu lanseras HUGO JEANS Eau de Toilette for Men \u2013 en dj\u00e4rv och frisk herrparfym f\u00f6r mannen som \u00e4lskar att g\u00e5 din egen v\u00e4g.&#8211;Toppnoter av saftig grapefrukt och uppfriskande lime blandar sig med pepparmint och enb\u00e4r i hj\u00e4rtat och skapar en boost av energi. H\u00e4rliga noter [&hellip;]<\/p>\n","protected":false},"featured_media":16395,"comment_status":"open","ping_status":"closed","template":"","meta":{"_trash_the_other_posts":false},"product_brand":[],"product_cat":[709,735,1000,1006,535],"product_tag":[],"berocket_brand":[1339],"class_list":{"0":"post-16399","1":"product","2":"type-product","3":"status-publish","4":"has-post-thumbnail","6":"product_cat-eau-de-toilette-herr","7":"product_cat-kampanj","8":"product_cat-kampanj-for-honom","9":"product_cat-kampanjpris","10":"product_cat-parfym-herr","11":"pa_brand-hugo-boss","12":"berocket_brand-hugo-boss","14":"first","15":"instock","16":"sale","17":"taxable","18":"shipping-taxable","19":"purchasable","20":"product-type-simple"},"_links":{"self":[{"href":"https:\/\/stylingagenten.com\/sv\/wp-json\/wp\/v2\/product\/16399","targetHints":{"allow":["GET"]}}],"collection":[{"href":"https:\/\/stylingagenten.com\/sv\/wp-json\/wp\/v2\/product"}],"about":[{"href":"https:\/\/stylingagenten.com\/sv\/wp-json\/wp\/v2\/types\/product"}],"replies":[{"embeddable":true,"href":"https:\/\/stylingagenten.com\/sv\/wp-json\/wp\/v2\/comments?post=16399"}],"version-history":[{"count":0,"href":"https:\/\/stylingagenten.com\/sv\/wp-json\/wp\/v2\/product\/16399\/revisions"}],"wp:featuredmedia":[{"embeddable":true,"href":"https:\/\/stylingagenten.com\/sv\/wp-json\/wp\/v2\/media\/16395"}],"wp:attachment":[{"href":"https:\/\/stylingagenten.com\/sv\/wp-json\/wp\/v2\/media?parent=16399"}],"wp:term":[{"taxonomy":"product_brand","embeddable":true,"href":"https:\/\/stylingagenten.com\/sv\/wp-json\/wp\/v2\/product_brand?post=16399"},{"taxonomy":"product_cat","embeddable":true,"href":"https:\/\/stylingagenten.com\/sv\/wp-json\/wp\/v2\/product_cat?post=16399"},{"taxonomy":"product_tag","embeddable":true,"href":"https:\/\/stylingagenten.com\/sv\/wp-json\/wp\/v2\/product_tag?post=16399"},{"taxonomy":"berocket_brand","embeddable":true,"href":"https:\/\/stylingagenten.com\/sv\/wp-json\/wp\/v2\/berocket_brand?post=16399"}],"curies":[{"name":"wp","href":"https:\/\/api.w.org\/{rel}","templated":true}]}}