{"id":16379,"date":"2025-01-24T13:08:22","date_gmt":"2025-01-24T13:08:22","guid":{"rendered":"https:\/\/staging2.stylingagenten.com\/sv\/produkt\/parlux-advance-pink\/"},"modified":"2026-03-11T22:06:24","modified_gmt":"2026-03-11T22:06:24","slug":"parlux-advance-pink","status":"publish","type":"product","link":"https:\/\/stylingagenten.com\/sv\/produkt\/parlux-advance-pink\/","title":{"rendered":"Parlux Advance Pink"},"content":{"rendered":"<p>Parlux Advance Pink<br \/>Det nyaste tillskottet i Parluxfamiljen heter Parlux Advance. Den f\u00f6rb\u00e4ttrade motorn ger en \u00f6verl\u00e4gsen prestanda med l\u00e4ngre livsl\u00e4ngd. Parlux Advance \u00e4r l\u00e4tt och v\u00e4lbalanserad med ett sk\u00f6nt grepp. F\u00f6nen med alla teknikegenskaper \u00e4r nu redo att m\u00f6ta fris\u00f6rernas h\u00f6ga krav och bli den nya favoritf\u00f6nen.<\/p>\n<p>F\u00f6rdelar: V\u00e4ldigt kraftfull f\u00f6r sin vikt, milj\u00f6v\u00e4nlig.<br \/>Effekt: 1350 liter luft\/minut.<br \/>K\u00e4nnetecken: 2200 Watt, 4 temperaturinst\u00e4llningar, 2 fartinst\u00e4llningar, omedelbar nerkylningsknapp, Utvecklad Klamination motor, Keramisk\/jonisk teknologi, inbyggd ljudd\u00e4mpare.<br \/>Vikt: 470g<br \/>Sladd: 3 meter<br \/>Inkluderat: 2 munstycken<br \/>F\u00f6nens munstycke i diameter: 4.5cm<\/p>\n","protected":false},"excerpt":{"rendered":"<p>Parlux Advance PinkDet nyaste tillskottet i Parluxfamiljen heter Parlux Advance. Den f\u00f6rb\u00e4ttrade motorn ger en \u00f6verl\u00e4gsen prestanda med l\u00e4ngre livsl\u00e4ngd. Parlux Advance \u00e4r l\u00e4tt och v\u00e4lbalanserad med ett sk\u00f6nt grepp. F\u00f6nen med alla teknikegenskaper \u00e4r nu redo att m\u00f6ta fris\u00f6rernas h\u00f6ga krav och bli den nya favoritf\u00f6nen. F\u00f6rdelar: V\u00e4ldigt kraftfull f\u00f6r sin vikt, milj\u00f6v\u00e4nlig.Effekt: 1350 [&hellip;]<\/p>\n","protected":false},"featured_media":16377,"comment_status":"open","ping_status":"closed","template":"","meta":{"_trash_the_other_posts":false},"product_brand":[],"product_cat":[612],"product_tag":[],"berocket_brand":[1162],"class_list":{"0":"post-16379","1":"product","2":"type-product","3":"status-publish","4":"has-post-thumbnail","6":"product_cat-harfon","7":"pa_brand-parlux","8":"berocket_brand-parlux","10":"first","11":"instock","12":"taxable","13":"shipping-taxable","14":"purchasable","15":"product-type-simple"},"_links":{"self":[{"href":"https:\/\/stylingagenten.com\/sv\/wp-json\/wp\/v2\/product\/16379","targetHints":{"allow":["GET"]}}],"collection":[{"href":"https:\/\/stylingagenten.com\/sv\/wp-json\/wp\/v2\/product"}],"about":[{"href":"https:\/\/stylingagenten.com\/sv\/wp-json\/wp\/v2\/types\/product"}],"replies":[{"embeddable":true,"href":"https:\/\/stylingagenten.com\/sv\/wp-json\/wp\/v2\/comments?post=16379"}],"version-history":[{"count":0,"href":"https:\/\/stylingagenten.com\/sv\/wp-json\/wp\/v2\/product\/16379\/revisions"}],"wp:featuredmedia":[{"embeddable":true,"href":"https:\/\/stylingagenten.com\/sv\/wp-json\/wp\/v2\/media\/16377"}],"wp:attachment":[{"href":"https:\/\/stylingagenten.com\/sv\/wp-json\/wp\/v2\/media?parent=16379"}],"wp:term":[{"taxonomy":"product_brand","embeddable":true,"href":"https:\/\/stylingagenten.com\/sv\/wp-json\/wp\/v2\/product_brand?post=16379"},{"taxonomy":"product_cat","embeddable":true,"href":"https:\/\/stylingagenten.com\/sv\/wp-json\/wp\/v2\/product_cat?post=16379"},{"taxonomy":"product_tag","embeddable":true,"href":"https:\/\/stylingagenten.com\/sv\/wp-json\/wp\/v2\/product_tag?post=16379"},{"taxonomy":"berocket_brand","embeddable":true,"href":"https:\/\/stylingagenten.com\/sv\/wp-json\/wp\/v2\/berocket_brand?post=16379"}],"curies":[{"name":"wp","href":"https:\/\/api.w.org\/{rel}","templated":true}]}}