{"id":16261,"date":"2025-01-24T13:07:55","date_gmt":"2025-01-24T13:07:55","guid":{"rendered":"https:\/\/staging2.stylingagenten.com\/sv\/produkt\/elizabeth-arden-blue-grass-cream-deodorant-40ml\/"},"modified":"2026-03-25T06:18:53","modified_gmt":"2026-03-25T06:18:53","slug":"elizabeth-arden-blue-grass-cream-deodorant-40ml","status":"publish","type":"product","link":"https:\/\/stylingagenten.com\/sv\/produkt\/elizabeth-arden-blue-grass-cream-deodorant-40ml\/","title":{"rendered":"Elizabeth Arden Blue Grass Cream Deodorant 40ml"},"content":{"rendered":"<p>Elizabeth Arden Blue Grass Cream Deodorant 40ml<br \/>Deodorantkr\u00e4men Arden Blue Grass v\u00e5rdar och skyddar med en lika ovanlig som vitaliserande kombination av sprudlande, fr\u00e4scha citrusnoter.<\/p>\n","protected":false},"excerpt":{"rendered":"<p>Elizabeth Arden Blue Grass Cream Deodorant 40mlDeodorantkr\u00e4men Arden Blue Grass v\u00e5rdar och skyddar med en lika ovanlig som vitaliserande kombination av sprudlande, fr\u00e4scha citrusnoter.<\/p>\n","protected":false},"featured_media":16259,"comment_status":"open","ping_status":"closed","template":"","meta":{"_trash_the_other_posts":false},"product_brand":[],"product_cat":[537,735,999,1006],"product_tag":[],"berocket_brand":[1303],"class_list":{"0":"post-16261","1":"product","2":"type-product","3":"status-publish","4":"has-post-thumbnail","6":"product_cat-deodorant-dam","7":"product_cat-kampanj","8":"product_cat-kampanj-for-henne","9":"product_cat-kampanjpris","10":"pa_brand-elizabeth-arden","11":"berocket_brand-elizabeth-arden","13":"first","14":"instock","15":"sale","16":"taxable","17":"shipping-taxable","18":"purchasable","19":"product-type-simple"},"_links":{"self":[{"href":"https:\/\/stylingagenten.com\/sv\/wp-json\/wp\/v2\/product\/16261","targetHints":{"allow":["GET"]}}],"collection":[{"href":"https:\/\/stylingagenten.com\/sv\/wp-json\/wp\/v2\/product"}],"about":[{"href":"https:\/\/stylingagenten.com\/sv\/wp-json\/wp\/v2\/types\/product"}],"replies":[{"embeddable":true,"href":"https:\/\/stylingagenten.com\/sv\/wp-json\/wp\/v2\/comments?post=16261"}],"version-history":[{"count":0,"href":"https:\/\/stylingagenten.com\/sv\/wp-json\/wp\/v2\/product\/16261\/revisions"}],"wp:featuredmedia":[{"embeddable":true,"href":"https:\/\/stylingagenten.com\/sv\/wp-json\/wp\/v2\/media\/16259"}],"wp:attachment":[{"href":"https:\/\/stylingagenten.com\/sv\/wp-json\/wp\/v2\/media?parent=16261"}],"wp:term":[{"taxonomy":"product_brand","embeddable":true,"href":"https:\/\/stylingagenten.com\/sv\/wp-json\/wp\/v2\/product_brand?post=16261"},{"taxonomy":"product_cat","embeddable":true,"href":"https:\/\/stylingagenten.com\/sv\/wp-json\/wp\/v2\/product_cat?post=16261"},{"taxonomy":"product_tag","embeddable":true,"href":"https:\/\/stylingagenten.com\/sv\/wp-json\/wp\/v2\/product_tag?post=16261"},{"taxonomy":"berocket_brand","embeddable":true,"href":"https:\/\/stylingagenten.com\/sv\/wp-json\/wp\/v2\/berocket_brand?post=16261"}],"curies":[{"name":"wp","href":"https:\/\/api.w.org\/{rel}","templated":true}]}}