{"id":16173,"date":"2025-01-24T13:07:37","date_gmt":"2025-01-24T13:07:37","guid":{"rendered":"https:\/\/staging2.stylingagenten.com\/sv\/produkt\/giftset-paco-rabanne-1-million-edt-100ml-shower-gel-100ml\/"},"modified":"2026-03-17T15:27:13","modified_gmt":"2026-03-17T15:27:13","slug":"giftset-paco-rabanne-1-million-edt-100ml-shower-gel-100ml","status":"publish","type":"product","link":"https:\/\/stylingagenten.com\/sv\/produkt\/giftset-paco-rabanne-1-million-edt-100ml-shower-gel-100ml\/","title":{"rendered":"Giftset Paco Rabanne 1 Million Edt 100ml + Shower Gel 100ml"},"content":{"rendered":"<p>Giftset Paco Rabanne 1 Million Edt 100ml + Shower Gel 100ml<\/p>\n<p>1 Million, EdT av Paco Rabanne \u00e4r en fr\u00e4sch och sensuell doft som utstr\u00e5lar makt, rikedom och lyx. Blandningen av tr\u00e4iga och kryddiga noter ger ett maskulint djup som kombineras med friska inslag av grapefrukt, mynta och blodapelsin. Doftfamilj \u2013 Tr\u00e4\/Kryddig Toppnoter \u2013 Blodapelsin, grapefrukt och mynta Mellannoter \u2013 Rosor, kanel och kryddiga noter Basnoter \u2013 Ljust l\u00e4der, patchouli, ambra och tr\u00e4iga noter<\/p>\n<p>Inneh\u00e5ller:<br \/>Paco Rabanne 1 Million Edt 100ml<br \/>Paco Rabanne 1 Million Shower Gel 100ml<\/p>\n","protected":false},"excerpt":{"rendered":"<p>Giftset Paco Rabanne 1 Million Edt 100ml + Shower Gel 100ml 1 Million, EdT av Paco Rabanne \u00e4r en fr\u00e4sch och sensuell doft som utstr\u00e5lar makt, rikedom och lyx. Blandningen av tr\u00e4iga och kryddiga noter ger ett maskulint djup som kombineras med friska inslag av grapefrukt, mynta och blodapelsin. Doftfamilj \u2013 Tr\u00e4\/Kryddig Toppnoter \u2013 Blodapelsin, [&hellip;]<\/p>\n","protected":false},"featured_media":74036,"comment_status":"open","ping_status":"closed","template":"","meta":{"_trash_the_other_posts":false},"product_brand":[],"product_cat":[548,735,1000],"product_tag":[],"berocket_brand":[1048],"class_list":{"0":"post-16173","1":"product","2":"type-product","3":"status-publish","4":"has-post-thumbnail","6":"product_cat-giftset-parfym-herr","7":"product_cat-kampanj","8":"product_cat-kampanj-for-honom","9":"pa_brand-paco-rabanne","10":"berocket_brand-paco-rabanne","12":"first","13":"instock","14":"sale","15":"taxable","16":"shipping-taxable","17":"purchasable","18":"product-type-simple"},"_links":{"self":[{"href":"https:\/\/stylingagenten.com\/sv\/wp-json\/wp\/v2\/product\/16173","targetHints":{"allow":["GET"]}}],"collection":[{"href":"https:\/\/stylingagenten.com\/sv\/wp-json\/wp\/v2\/product"}],"about":[{"href":"https:\/\/stylingagenten.com\/sv\/wp-json\/wp\/v2\/types\/product"}],"replies":[{"embeddable":true,"href":"https:\/\/stylingagenten.com\/sv\/wp-json\/wp\/v2\/comments?post=16173"}],"version-history":[{"count":0,"href":"https:\/\/stylingagenten.com\/sv\/wp-json\/wp\/v2\/product\/16173\/revisions"}],"wp:featuredmedia":[{"embeddable":true,"href":"https:\/\/stylingagenten.com\/sv\/wp-json\/wp\/v2\/media\/74036"}],"wp:attachment":[{"href":"https:\/\/stylingagenten.com\/sv\/wp-json\/wp\/v2\/media?parent=16173"}],"wp:term":[{"taxonomy":"product_brand","embeddable":true,"href":"https:\/\/stylingagenten.com\/sv\/wp-json\/wp\/v2\/product_brand?post=16173"},{"taxonomy":"product_cat","embeddable":true,"href":"https:\/\/stylingagenten.com\/sv\/wp-json\/wp\/v2\/product_cat?post=16173"},{"taxonomy":"product_tag","embeddable":true,"href":"https:\/\/stylingagenten.com\/sv\/wp-json\/wp\/v2\/product_tag?post=16173"},{"taxonomy":"berocket_brand","embeddable":true,"href":"https:\/\/stylingagenten.com\/sv\/wp-json\/wp\/v2\/berocket_brand?post=16173"}],"curies":[{"name":"wp","href":"https:\/\/api.w.org\/{rel}","templated":true}]}}