{"id":16172,"date":"2025-01-24T13:07:37","date_gmt":"2025-01-24T13:07:37","guid":{"rendered":"https:\/\/staging2.stylingagenten.com\/sv\/produkt\/giftset-paco-rabanne-invictus-edt-100ml-all-over-shampoo-100ml\/"},"modified":"2026-03-17T15:27:13","modified_gmt":"2026-03-17T15:27:13","slug":"giftset-paco-rabanne-invictus-edt-100ml-all-over-shampoo-100ml","status":"publish","type":"product","link":"https:\/\/stylingagenten.com\/sv\/produkt\/giftset-paco-rabanne-invictus-edt-100ml-all-over-shampoo-100ml\/","title":{"rendered":"Giftset Paco Rabanne Invictus Edt 100ml + All Over Shampoo 100ml"},"content":{"rendered":"<p>Giftset Paco Rabanne Invictus Edt 100ml + All Over Shampoo 100ml<br \/>Andas in doften av seger med Invictus, den nya maskulina doften fr\u00e5n Paco Rabanne. Denna sensuellt fr\u00e4scha doft s\u00e4tter en modern syn p\u00e5 manlighet. Doften \u00f6ppnar sig med f\u00e4rsk grapefrukt, lagerblad och jasmin som leder till en tr\u00e4ig bas av guaiactr\u00e4, patchouli, ekmossa och ambra. En modern parfym f\u00f6r varje vinnare som vill h\u00e5lla sig fr\u00e4sch hela dagen.<\/p>\n<p>Detta giftset inneh\u00e5ller:<br \/>\u2022Paco Rabanne Invictus Edt 100ml<br \/>\u2022Paco Rabanne All Over Shampoo 100ml<\/p>\n","protected":false},"excerpt":{"rendered":"<p>Giftset Paco Rabanne Invictus Edt 100ml + All Over Shampoo 100mlAndas in doften av seger med Invictus, den nya maskulina doften fr\u00e5n Paco Rabanne. Denna sensuellt fr\u00e4scha doft s\u00e4tter en modern syn p\u00e5 manlighet. Doften \u00f6ppnar sig med f\u00e4rsk grapefrukt, lagerblad och jasmin som leder till en tr\u00e4ig bas av guaiactr\u00e4, patchouli, ekmossa och ambra. [&hellip;]<\/p>\n","protected":false},"featured_media":16170,"comment_status":"open","ping_status":"closed","template":"","meta":{"_trash_the_other_posts":false},"product_brand":[],"product_cat":[548,735,1000],"product_tag":[],"berocket_brand":[1048],"class_list":{"0":"post-16172","1":"product","2":"type-product","3":"status-publish","4":"has-post-thumbnail","6":"product_cat-giftset-parfym-herr","7":"product_cat-kampanj","8":"product_cat-kampanj-for-honom","9":"pa_brand-paco-rabanne","10":"berocket_brand-paco-rabanne","12":"first","13":"instock","14":"sale","15":"taxable","16":"shipping-taxable","17":"purchasable","18":"product-type-simple"},"_links":{"self":[{"href":"https:\/\/stylingagenten.com\/sv\/wp-json\/wp\/v2\/product\/16172","targetHints":{"allow":["GET"]}}],"collection":[{"href":"https:\/\/stylingagenten.com\/sv\/wp-json\/wp\/v2\/product"}],"about":[{"href":"https:\/\/stylingagenten.com\/sv\/wp-json\/wp\/v2\/types\/product"}],"replies":[{"embeddable":true,"href":"https:\/\/stylingagenten.com\/sv\/wp-json\/wp\/v2\/comments?post=16172"}],"version-history":[{"count":0,"href":"https:\/\/stylingagenten.com\/sv\/wp-json\/wp\/v2\/product\/16172\/revisions"}],"wp:featuredmedia":[{"embeddable":true,"href":"https:\/\/stylingagenten.com\/sv\/wp-json\/wp\/v2\/media\/16170"}],"wp:attachment":[{"href":"https:\/\/stylingagenten.com\/sv\/wp-json\/wp\/v2\/media?parent=16172"}],"wp:term":[{"taxonomy":"product_brand","embeddable":true,"href":"https:\/\/stylingagenten.com\/sv\/wp-json\/wp\/v2\/product_brand?post=16172"},{"taxonomy":"product_cat","embeddable":true,"href":"https:\/\/stylingagenten.com\/sv\/wp-json\/wp\/v2\/product_cat?post=16172"},{"taxonomy":"product_tag","embeddable":true,"href":"https:\/\/stylingagenten.com\/sv\/wp-json\/wp\/v2\/product_tag?post=16172"},{"taxonomy":"berocket_brand","embeddable":true,"href":"https:\/\/stylingagenten.com\/sv\/wp-json\/wp\/v2\/berocket_brand?post=16172"}],"curies":[{"name":"wp","href":"https:\/\/api.w.org\/{rel}","templated":true}]}}