{"id":16154,"date":"2025-01-24T13:07:32","date_gmt":"2025-01-24T13:07:32","guid":{"rendered":"https:\/\/staging2.stylingagenten.com\/sv\/produkt\/armani-my-way-edp-15ml\/"},"modified":"2025-11-18T15:49:06","modified_gmt":"2025-11-18T15:49:06","slug":"armani-my-way-edp-15ml","status":"publish","type":"product","link":"https:\/\/stylingagenten.com\/sv\/produkt\/armani-my-way-edp-15ml\/","title":{"rendered":"Armani My Way Edp 15ml"},"content":{"rendered":"<p>My Way \u00e4r doften av uppt\u00e4ckter och anknytning f\u00f6r en \u00f6ppensinnad, nyfiken och genuin kvinna redo f\u00f6r nya perspektiv och m\u00f6ten med m\u00e4nniskor v\u00e4rlden \u00f6ver. Denna feminina doft \u00e4r sammansatt av h\u00e5llbart framtagna ingridienser. Italiensk bergamot m\u00f6ter Egyptisk apelsinblomma i en sprudlande \u00f6ppning av doften. Hj\u00e4rtat utg\u00f6rs av en klar, ljus blombukett av tuberos och jasmin fr\u00e5n Indien. Doften rundas sedan av i noter av livfullt cedertr\u00e4 fr\u00e5n Virginia tillsammans med sensuell vanilj fr\u00e5n Madagaskar och vit mysk. <\/p>\n","protected":false},"excerpt":{"rendered":"<p>My Way \u00e4r doften av uppt\u00e4ckter och anknytning f\u00f6r en \u00f6ppensinnad, nyfiken och genuin kvinna redo f\u00f6r nya perspektiv och m\u00f6ten med m\u00e4nniskor v\u00e4rlden \u00f6ver. Denna feminina doft \u00e4r sammansatt av h\u00e5llbart framtagna ingridienser. Italiensk bergamot m\u00f6ter Egyptisk apelsinblomma i en sprudlande \u00f6ppning av doften. Hj\u00e4rtat utg\u00f6rs av en klar, ljus blombukett av tuberos och [&hellip;]<\/p>\n","protected":false},"featured_media":16147,"comment_status":"open","ping_status":"closed","template":"","meta":{"_trash_the_other_posts":false},"product_brand":[],"product_cat":[706,534],"product_tag":[],"berocket_brand":[1038],"class_list":{"0":"post-16154","1":"product","2":"type-product","3":"status-publish","4":"has-post-thumbnail","6":"product_cat-eau-de-parfum-dam","7":"product_cat-parfym-dam","8":"pa_brand-armani","9":"berocket_brand-armani","11":"first","12":"outofstock","13":"sale","14":"taxable","15":"shipping-taxable","16":"purchasable","17":"product-type-simple"},"_links":{"self":[{"href":"https:\/\/stylingagenten.com\/sv\/wp-json\/wp\/v2\/product\/16154","targetHints":{"allow":["GET"]}}],"collection":[{"href":"https:\/\/stylingagenten.com\/sv\/wp-json\/wp\/v2\/product"}],"about":[{"href":"https:\/\/stylingagenten.com\/sv\/wp-json\/wp\/v2\/types\/product"}],"replies":[{"embeddable":true,"href":"https:\/\/stylingagenten.com\/sv\/wp-json\/wp\/v2\/comments?post=16154"}],"version-history":[{"count":0,"href":"https:\/\/stylingagenten.com\/sv\/wp-json\/wp\/v2\/product\/16154\/revisions"}],"wp:featuredmedia":[{"embeddable":true,"href":"https:\/\/stylingagenten.com\/sv\/wp-json\/wp\/v2\/media\/16147"}],"wp:attachment":[{"href":"https:\/\/stylingagenten.com\/sv\/wp-json\/wp\/v2\/media?parent=16154"}],"wp:term":[{"taxonomy":"product_brand","embeddable":true,"href":"https:\/\/stylingagenten.com\/sv\/wp-json\/wp\/v2\/product_brand?post=16154"},{"taxonomy":"product_cat","embeddable":true,"href":"https:\/\/stylingagenten.com\/sv\/wp-json\/wp\/v2\/product_cat?post=16154"},{"taxonomy":"product_tag","embeddable":true,"href":"https:\/\/stylingagenten.com\/sv\/wp-json\/wp\/v2\/product_tag?post=16154"},{"taxonomy":"berocket_brand","embeddable":true,"href":"https:\/\/stylingagenten.com\/sv\/wp-json\/wp\/v2\/berocket_brand?post=16154"}],"curies":[{"name":"wp","href":"https:\/\/api.w.org\/{rel}","templated":true}]}}