{"id":16150,"date":"2025-01-24T13:07:32","date_gmt":"2025-01-24T13:07:32","guid":{"rendered":"https:\/\/staging2.stylingagenten.com\/sv\/produkt\/calvin-klein-defy-for-him-edt-100ml\/"},"modified":"2026-04-13T20:18:46","modified_gmt":"2026-04-13T20:18:46","slug":"calvin-klein-defy-for-him-edt-100ml","status":"publish","type":"product","link":"https:\/\/stylingagenten.com\/sv\/produkt\/calvin-klein-defy-for-him-edt-100ml\/","title":{"rendered":"Calvin Klein DEFY For Him Edt 100ml"},"content":{"rendered":"<p>Calvin Klein DEFY For Him Edt 100ml<br \/>Fr\u00e4sch. Maskulin. Beroendeframkallande.<br \/>&#8211;<br \/>Calvin Klein Defy Eau de Toilette for Men \u00e4r en dj\u00e4rv kontrast av uppfriskande friskhet och kraftfulla tr\u00e4slag: en Eau de Toilette f\u00f6r m\u00e4n som v\u00e5gar t\u00e4nja p\u00e5 gr\u00e4nserna och ta riskerna.<br \/>&#8211;<br \/>Denna energifyllda och fr\u00e4scha Calvin Klein-parfym \u00f6ppnar med en sp\u00e4nnande citrusblandning av krispig bergamott och uppfriskande lavendel absolute. I hj\u00e4rtat finns etiskt framst\u00e4lld vetiver fr\u00e5n Haiti, som f\u00f6rst\u00e4rker doftens maskulina k\u00e4nsla och i basen finns sensuell, lockande amber som tillf\u00f6r en h\u00e4rlig v\u00e4rme. Den moderna, stilrena flaskan speglar Calvin Kleins ikoniska k\u00e4nnetecken &#8211; jeansbl\u00e5tt och minimalism med en sensuell touch.<br \/>Dare to Defy.<br \/>&#8211;<br \/>Doftfamilj : Woody-Aromatic. Toppnot : Bergamot, Lavendel. Hj\u00e4rtnot: Vetiver. Basnot: Amber<\/p>\n","protected":false},"excerpt":{"rendered":"<p>Calvin Klein DEFY For Him Edt 100mlFr\u00e4sch. Maskulin. Beroendeframkallande.&#8211;Calvin Klein Defy Eau de Toilette for Men \u00e4r en dj\u00e4rv kontrast av uppfriskande friskhet och kraftfulla tr\u00e4slag: en Eau de Toilette f\u00f6r m\u00e4n som v\u00e5gar t\u00e4nja p\u00e5 gr\u00e4nserna och ta riskerna.&#8211;Denna energifyllda och fr\u00e4scha Calvin Klein-parfym \u00f6ppnar med en sp\u00e4nnande citrusblandning av krispig bergamott och uppfriskande [&hellip;]<\/p>\n","protected":false},"featured_media":16145,"comment_status":"open","ping_status":"closed","template":"","meta":{"_trash_the_other_posts":false},"product_brand":[],"product_cat":[709,735,1000,1006,535],"product_tag":[2657],"berocket_brand":[1014],"class_list":{"0":"post-16150","1":"product","2":"type-product","3":"status-publish","4":"has-post-thumbnail","6":"product_cat-eau-de-toilette-herr","7":"product_cat-kampanj","8":"product_cat-kampanj-for-honom","9":"product_cat-kampanjpris","10":"product_cat-parfym-herr","11":"product_tag-calvin-klein-defy-for-him-edt","12":"pa_brand-calvin-klein","13":"pa_variant-100ml","14":"berocket_brand-calvin-klein","16":"first","17":"instock","18":"sale","19":"taxable","20":"shipping-taxable","21":"purchasable","22":"product-type-simple"},"_links":{"self":[{"href":"https:\/\/stylingagenten.com\/sv\/wp-json\/wp\/v2\/product\/16150","targetHints":{"allow":["GET"]}}],"collection":[{"href":"https:\/\/stylingagenten.com\/sv\/wp-json\/wp\/v2\/product"}],"about":[{"href":"https:\/\/stylingagenten.com\/sv\/wp-json\/wp\/v2\/types\/product"}],"replies":[{"embeddable":true,"href":"https:\/\/stylingagenten.com\/sv\/wp-json\/wp\/v2\/comments?post=16150"}],"version-history":[{"count":0,"href":"https:\/\/stylingagenten.com\/sv\/wp-json\/wp\/v2\/product\/16150\/revisions"}],"wp:featuredmedia":[{"embeddable":true,"href":"https:\/\/stylingagenten.com\/sv\/wp-json\/wp\/v2\/media\/16145"}],"wp:attachment":[{"href":"https:\/\/stylingagenten.com\/sv\/wp-json\/wp\/v2\/media?parent=16150"}],"wp:term":[{"taxonomy":"product_brand","embeddable":true,"href":"https:\/\/stylingagenten.com\/sv\/wp-json\/wp\/v2\/product_brand?post=16150"},{"taxonomy":"product_cat","embeddable":true,"href":"https:\/\/stylingagenten.com\/sv\/wp-json\/wp\/v2\/product_cat?post=16150"},{"taxonomy":"product_tag","embeddable":true,"href":"https:\/\/stylingagenten.com\/sv\/wp-json\/wp\/v2\/product_tag?post=16150"},{"taxonomy":"berocket_brand","embeddable":true,"href":"https:\/\/stylingagenten.com\/sv\/wp-json\/wp\/v2\/berocket_brand?post=16150"}],"curies":[{"name":"wp","href":"https:\/\/api.w.org\/{rel}","templated":true}]}}