{"id":16144,"date":"2025-01-24T13:07:30","date_gmt":"2025-01-24T13:07:30","guid":{"rendered":"https:\/\/staging2.stylingagenten.com\/sv\/produkt\/marc-jacobs-perfect-edt-50ml\/"},"modified":"2026-03-17T14:33:43","modified_gmt":"2026-03-17T14:33:43","slug":"marc-jacobs-perfect-edt-50ml","status":"publish","type":"product","link":"https:\/\/stylingagenten.com\/sv\/produkt\/marc-jacobs-perfect-edt-50ml\/","title":{"rendered":"Marc Jacobs Perfect Edt 50ml"},"content":{"rendered":"<p>Marc Jacobs Perfect Edt 50ml<br \/>En blommig, feminin och uppfriskande version av ikoniska Perfect fr\u00e5n Marc Jacobs. En doft som utstr\u00e5lar sj\u00e4lvf\u00f6rtroende och som uppmuntrar alla att v\u00e5ga vara sig sj\u00e4lva.<br \/>Marc Jacobs Perfect edt \u00e4r en fr\u00e4sch och sprudlande doft som \u00e4r full av liv! En mer intim tolkning av mottot #PerfectAsIAm.<br \/>Toppnoter: Ros\u00e9peppar, Polygonum<br \/>Hj\u00e4rtnoter: Gula blommor, Narciss<br \/>Basnoter: Cedertr\u00e4<\/p>\n","protected":false},"excerpt":{"rendered":"<p>Marc Jacobs Perfect Edt 50mlEn blommig, feminin och uppfriskande version av ikoniska Perfect fr\u00e5n Marc Jacobs. En doft som utstr\u00e5lar sj\u00e4lvf\u00f6rtroende och som uppmuntrar alla att v\u00e5ga vara sig sj\u00e4lva.Marc Jacobs Perfect edt \u00e4r en fr\u00e4sch och sprudlande doft som \u00e4r full av liv! En mer intim tolkning av mottot #PerfectAsIAm.Toppnoter: Ros\u00e9peppar, PolygonumHj\u00e4rtnoter: Gula blommor, [&hellip;]<\/p>\n","protected":false},"featured_media":16137,"comment_status":"open","ping_status":"closed","template":"","meta":{"_trash_the_other_posts":false},"product_brand":[],"product_cat":[707,735,999,1006,534],"product_tag":[3496],"berocket_brand":[1069],"class_list":{"0":"post-16144","1":"product","2":"type-product","3":"status-publish","4":"has-post-thumbnail","6":"product_cat-eau-de-toilette-dam","7":"product_cat-kampanj","8":"product_cat-kampanj-for-henne","9":"product_cat-kampanjpris","10":"product_cat-parfym-dam","11":"product_tag-marc-jacobs-perfect-edt","12":"pa_brand-marc-jacobs","13":"pa_variant-50ml","14":"berocket_brand-marc-jacobs","16":"first","17":"instock","18":"sale","19":"taxable","20":"shipping-taxable","21":"purchasable","22":"product-type-simple"},"_links":{"self":[{"href":"https:\/\/stylingagenten.com\/sv\/wp-json\/wp\/v2\/product\/16144","targetHints":{"allow":["GET"]}}],"collection":[{"href":"https:\/\/stylingagenten.com\/sv\/wp-json\/wp\/v2\/product"}],"about":[{"href":"https:\/\/stylingagenten.com\/sv\/wp-json\/wp\/v2\/types\/product"}],"replies":[{"embeddable":true,"href":"https:\/\/stylingagenten.com\/sv\/wp-json\/wp\/v2\/comments?post=16144"}],"version-history":[{"count":0,"href":"https:\/\/stylingagenten.com\/sv\/wp-json\/wp\/v2\/product\/16144\/revisions"}],"wp:featuredmedia":[{"embeddable":true,"href":"https:\/\/stylingagenten.com\/sv\/wp-json\/wp\/v2\/media\/16137"}],"wp:attachment":[{"href":"https:\/\/stylingagenten.com\/sv\/wp-json\/wp\/v2\/media?parent=16144"}],"wp:term":[{"taxonomy":"product_brand","embeddable":true,"href":"https:\/\/stylingagenten.com\/sv\/wp-json\/wp\/v2\/product_brand?post=16144"},{"taxonomy":"product_cat","embeddable":true,"href":"https:\/\/stylingagenten.com\/sv\/wp-json\/wp\/v2\/product_cat?post=16144"},{"taxonomy":"product_tag","embeddable":true,"href":"https:\/\/stylingagenten.com\/sv\/wp-json\/wp\/v2\/product_tag?post=16144"},{"taxonomy":"berocket_brand","embeddable":true,"href":"https:\/\/stylingagenten.com\/sv\/wp-json\/wp\/v2\/berocket_brand?post=16144"}],"curies":[{"name":"wp","href":"https:\/\/api.w.org\/{rel}","templated":true}]}}