{"id":16142,"date":"2025-01-24T13:07:29","date_gmt":"2025-01-24T13:07:29","guid":{"rendered":"https:\/\/staging2.stylingagenten.com\/sv\/produkt\/calvin-klein-ck-everyone-edt-100ml\/"},"modified":"2026-02-15T22:11:23","modified_gmt":"2026-02-15T22:11:23","slug":"calvin-klein-ck-everyone-edt-100ml","status":"publish","type":"product","link":"https:\/\/stylingagenten.com\/sv\/produkt\/calvin-klein-ck-everyone-edt-100ml\/","title":{"rendered":"Calvin Klein CK Everyone Edt 100ml"},"content":{"rendered":"<p>Calvin Klein CK Everyone Edt 100ml<br \/>En clean, fr\u00e4sch citrusdoft, Calvin Klein CK Everyone Eau de Toilette Unisex \u00e4r en doft som hyllar friheten att uttrycka sig sj\u00e4lv. Med CK ONEs ikoniska arv till grund \u00e4r CK EVERYONE Calvin Kleins f\u00f6rsta clean doft &#8211; vegansk, tillverkad p\u00e5 naturlig h\u00e4rledd alkohol och med ingredienser av naturliga ursprung. Doften \u00f6ppnas upp med en topp av ekologiska apelsiner som m\u00f6ter bl\u00e5tt teackord och en myskig bas av cedertr\u00e4, som tillsammans skapar en komplex och upplyftande doft. CK EVERYONE anpassar sig till varje b\u00e4rares hud och skapar en personlig doftsignatur. Runt glasflaskan, som du kan \u00e5tervinna efter att ha avl\u00e4gsnat pumpen, finns ett elastiskt band, en hyllning till Calvin Klein Underwear, som du kan b\u00e4ra och \u00e5teranv\u00e4nda. Love every one of you in CK EVERYONE.<\/p>\n<p>Doftnoter: Toppnot: Ekologisk apelsin.<br \/>Hj\u00e4rtnot: Bl\u00e5tt teackord.<br \/>Basnot: Cedertr\u00e4.<\/p>\n","protected":false},"excerpt":{"rendered":"<p>Calvin Klein CK Everyone Edt 100mlEn clean, fr\u00e4sch citrusdoft, Calvin Klein CK Everyone Eau de Toilette Unisex \u00e4r en doft som hyllar friheten att uttrycka sig sj\u00e4lv. Med CK ONEs ikoniska arv till grund \u00e4r CK EVERYONE Calvin Kleins f\u00f6rsta clean doft &#8211; vegansk, tillverkad p\u00e5 naturlig h\u00e4rledd alkohol och med ingredienser av naturliga ursprung. [&hellip;]<\/p>\n","protected":false},"featured_media":16135,"comment_status":"open","ping_status":"closed","template":"","meta":{"_trash_the_other_posts":false},"product_brand":[],"product_cat":[709,1006,713],"product_tag":[2645],"berocket_brand":[1014],"class_list":{"0":"post-16142","1":"product","2":"type-product","3":"status-publish","4":"has-post-thumbnail","6":"product_cat-eau-de-toilette-herr","7":"product_cat-kampanjpris","8":"product_cat-parfym-unisex","9":"product_tag-calvin-klein-ck-everyone-edt","10":"pa_brand-calvin-klein","11":"pa_variant-100ml","12":"berocket_brand-calvin-klein","14":"first","15":"outofstock","16":"sale","17":"taxable","18":"shipping-taxable","19":"purchasable","20":"product-type-simple"},"_links":{"self":[{"href":"https:\/\/stylingagenten.com\/sv\/wp-json\/wp\/v2\/product\/16142","targetHints":{"allow":["GET"]}}],"collection":[{"href":"https:\/\/stylingagenten.com\/sv\/wp-json\/wp\/v2\/product"}],"about":[{"href":"https:\/\/stylingagenten.com\/sv\/wp-json\/wp\/v2\/types\/product"}],"replies":[{"embeddable":true,"href":"https:\/\/stylingagenten.com\/sv\/wp-json\/wp\/v2\/comments?post=16142"}],"version-history":[{"count":0,"href":"https:\/\/stylingagenten.com\/sv\/wp-json\/wp\/v2\/product\/16142\/revisions"}],"wp:featuredmedia":[{"embeddable":true,"href":"https:\/\/stylingagenten.com\/sv\/wp-json\/wp\/v2\/media\/16135"}],"wp:attachment":[{"href":"https:\/\/stylingagenten.com\/sv\/wp-json\/wp\/v2\/media?parent=16142"}],"wp:term":[{"taxonomy":"product_brand","embeddable":true,"href":"https:\/\/stylingagenten.com\/sv\/wp-json\/wp\/v2\/product_brand?post=16142"},{"taxonomy":"product_cat","embeddable":true,"href":"https:\/\/stylingagenten.com\/sv\/wp-json\/wp\/v2\/product_cat?post=16142"},{"taxonomy":"product_tag","embeddable":true,"href":"https:\/\/stylingagenten.com\/sv\/wp-json\/wp\/v2\/product_tag?post=16142"},{"taxonomy":"berocket_brand","embeddable":true,"href":"https:\/\/stylingagenten.com\/sv\/wp-json\/wp\/v2\/berocket_brand?post=16142"}],"curies":[{"name":"wp","href":"https:\/\/api.w.org\/{rel}","templated":true}]}}