{"id":16136,"date":"2025-01-24T13:07:29","date_gmt":"2025-01-24T13:07:29","guid":{"rendered":"https:\/\/staging2.stylingagenten.com\/sv\/produkt\/giftset-paco-rabanne-olympea-edp-80ml-body-lotion-100ml\/"},"modified":"2026-03-17T15:38:12","modified_gmt":"2026-03-17T15:38:12","slug":"giftset-paco-rabanne-olympea-edp-80ml-body-lotion-100ml","status":"publish","type":"product","link":"https:\/\/stylingagenten.com\/sv\/produkt\/giftset-paco-rabanne-olympea-edp-80ml-body-lotion-100ml\/","title":{"rendered":"Giftset Paco Rabanne Olympea Edp 80ml + Body Lotion 100ml"},"content":{"rendered":"<p>Giftset Paco Rabanne Olympea Edp 80ml + Body Lotion 100ml<\/p>\n<p>DOFTNOTER:<br \/>Toppnoter: Gr\u00f6n mandarin, vattenjasmin, ingef\u00e4rsblomma<br \/>Mellannoter: Salt vanilj<br \/>Basnoter: Ambergris, kashmiriskt tr\u00e4<\/p>\n<p>Inneh\u00e5ller:<br \/>Paco Rabanne Olympea Edp 80ml<br \/>Paco Rabanne Olympea Body Lotion 100ml<\/p>\n","protected":false},"excerpt":{"rendered":"<p>Giftset Paco Rabanne Olympea Edp 80ml + Body Lotion 100ml DOFTNOTER:Toppnoter: Gr\u00f6n mandarin, vattenjasmin, ingef\u00e4rsblommaMellannoter: Salt vaniljBasnoter: Ambergris, kashmiriskt tr\u00e4 Inneh\u00e5ller:Paco Rabanne Olympea Edp 80mlPaco Rabanne Olympea Body Lotion 100ml<\/p>\n","protected":false},"featured_media":16134,"comment_status":"open","ping_status":"closed","template":"","meta":{"_trash_the_other_posts":false},"product_brand":[],"product_cat":[548,735,999],"product_tag":[],"berocket_brand":[1048],"class_list":{"0":"post-16136","1":"product","2":"type-product","3":"status-publish","4":"has-post-thumbnail","6":"product_cat-giftset-parfym-herr","7":"product_cat-kampanj","8":"product_cat-kampanj-for-henne","9":"pa_brand-paco-rabanne","10":"berocket_brand-paco-rabanne","12":"first","13":"instock","14":"sale","15":"taxable","16":"shipping-taxable","17":"purchasable","18":"product-type-simple"},"_links":{"self":[{"href":"https:\/\/stylingagenten.com\/sv\/wp-json\/wp\/v2\/product\/16136","targetHints":{"allow":["GET"]}}],"collection":[{"href":"https:\/\/stylingagenten.com\/sv\/wp-json\/wp\/v2\/product"}],"about":[{"href":"https:\/\/stylingagenten.com\/sv\/wp-json\/wp\/v2\/types\/product"}],"replies":[{"embeddable":true,"href":"https:\/\/stylingagenten.com\/sv\/wp-json\/wp\/v2\/comments?post=16136"}],"version-history":[{"count":0,"href":"https:\/\/stylingagenten.com\/sv\/wp-json\/wp\/v2\/product\/16136\/revisions"}],"wp:featuredmedia":[{"embeddable":true,"href":"https:\/\/stylingagenten.com\/sv\/wp-json\/wp\/v2\/media\/16134"}],"wp:attachment":[{"href":"https:\/\/stylingagenten.com\/sv\/wp-json\/wp\/v2\/media?parent=16136"}],"wp:term":[{"taxonomy":"product_brand","embeddable":true,"href":"https:\/\/stylingagenten.com\/sv\/wp-json\/wp\/v2\/product_brand?post=16136"},{"taxonomy":"product_cat","embeddable":true,"href":"https:\/\/stylingagenten.com\/sv\/wp-json\/wp\/v2\/product_cat?post=16136"},{"taxonomy":"product_tag","embeddable":true,"href":"https:\/\/stylingagenten.com\/sv\/wp-json\/wp\/v2\/product_tag?post=16136"},{"taxonomy":"berocket_brand","embeddable":true,"href":"https:\/\/stylingagenten.com\/sv\/wp-json\/wp\/v2\/berocket_brand?post=16136"}],"curies":[{"name":"wp","href":"https:\/\/api.w.org\/{rel}","templated":true}]}}