{"id":16116,"date":"2025-01-24T13:07:25","date_gmt":"2025-01-24T13:07:25","guid":{"rendered":"https:\/\/staging2.stylingagenten.com\/sv\/produkt\/lancome-la-vie-est-belle-iris-absolu-edp-50ml\/"},"modified":"2026-03-11T22:07:17","modified_gmt":"2026-03-11T22:07:17","slug":"lancome-la-vie-est-belle-iris-absolu-edp-50ml","status":"publish","type":"product","link":"https:\/\/stylingagenten.com\/sv\/produkt\/lancome-la-vie-est-belle-iris-absolu-edp-50ml\/","title":{"rendered":"Lancome La Vie Est Belle Iris Absolu Edp 50ml"},"content":{"rendered":"<p>Lancome La Vie Est Belle Iris Absolu Edp 50ml<br \/>HAPPINESS HAPPINESS \u00e4r inte bara en sinnesst\u00e4mning, det \u00e4r en ren k\u00e4nsla. En kraftfull, vibrerande och universell k\u00e4nsla i st\u00e4ndig r\u00f6relse.<br \/>&#8211;<br \/>HAPPINESS smittar av sig fr\u00e5n en person till en annan, och varje g\u00e5ng blir den mer kraftfull och f\u00f6r oss samman. EN NY BEROENDEFRAMKALLANDE TOLKNING La Vie est Belle Iris Absolu Eau de Parfum \u00e4r en str\u00e5lande, sofistikerad och sensuell tolkning av ikoniska La Vie est Belle Eau de Parfum.<br \/>&#8211;<br \/>La Vie est Belle Iris Absolu \u00e4r en beroendeframkallande doft med en otroligt h\u00f6g koncentration av Iris, 10 g\u00e5nger mer iris \u00e4n den klassiska La vie est Belle Eau de Parfum, och d\u00e4rf\u00f6r finns irisen ocks\u00e5 med i doftens namn f\u00f6r f\u00f6rsta g\u00e5ngen.<br \/>&#8211;<br \/>DOFTEN La vie est Belle Iris Absolu \u00e4r en str\u00e5lande blomdoft med en sofistikerad doftkomposition best\u00e5ende av fruktiga toppnoter av mandarin och ett soligt fikonackord blandat med knoppar av svarta vinb\u00e4r.<br \/>&#8211;<br \/>Doftens hj\u00e4rta best\u00e5r av en gener\u00f6s blombukett bunden kring rika noter av ros och med friskheten fr\u00e5n jasmin som ger doften lysande och feminina drag.<br \/>&#8211;<br \/>I basnoterna \u00e4r irisen \u00f6verv\u00e4gande f\u00f6r att framh\u00e4va den beroendeframkallande Iris Absolu-signaturen. H\u00e4r finns \u00e4ven noter av patchouli och sensualiteten f\u00f6rst\u00e4rks av ett sandeltr\u00e4ackord och ett beroendeframkallande gourmandackord.<br \/>&#8211;<br \/>FLASKAN La Vie est Belle flaskan, med sitt ikoniska kristalleende, har omtolkats i en modern och estetisk utg\u00e5va. Flaskan har ett \u00e4ndl\u00f6st leende och symboliserar en glad och fri kvinna.<br \/>&#8211;<br \/>Som en symbol f\u00f6r frihet omges flaskans hals av ett band med tv\u00e5 vingar i organza \u2013 frihetens vingar. FAMILJEN La vie est Belle Iris Absolu ing\u00e5r i La vie est Belle-familjen.<br \/>&#8211;<br \/>La vie est Belle \u00e4r en \u00f6vertygelse, ett tillk\u00e4nnagivande till v\u00e4rlden om att livet \u00e4r vackert n\u00e4r du v\u00e4ljer din egen v\u00e4g till lycka.<\/p>\n","protected":false},"excerpt":{"rendered":"<p>Lancome La Vie Est Belle Iris Absolu Edp 50mlHAPPINESS HAPPINESS \u00e4r inte bara en sinnesst\u00e4mning, det \u00e4r en ren k\u00e4nsla. En kraftfull, vibrerande och universell k\u00e4nsla i st\u00e4ndig r\u00f6relse.&#8211;HAPPINESS smittar av sig fr\u00e5n en person till en annan, och varje g\u00e5ng blir den mer kraftfull och f\u00f6r oss samman. EN NY BEROENDEFRAMKALLANDE TOLKNING La Vie [&hellip;]<\/p>\n","protected":false},"featured_media":16114,"comment_status":"open","ping_status":"closed","template":"","meta":{"_trash_the_other_posts":false},"product_brand":[],"product_cat":[706,735,999,1006,534],"product_tag":[3281],"berocket_brand":[1128],"class_list":{"0":"post-16116","1":"product","2":"type-product","3":"status-publish","4":"has-post-thumbnail","6":"product_cat-eau-de-parfum-dam","7":"product_cat-kampanj","8":"product_cat-kampanj-for-henne","9":"product_cat-kampanjpris","10":"product_cat-parfym-dam","11":"product_tag-lancome-la-vie-est-belle-iris-absolu-edp","12":"pa_brand-lancome","13":"pa_variant-50ml","14":"berocket_brand-lancome","16":"first","17":"instock","18":"sale","19":"taxable","20":"shipping-taxable","21":"purchasable","22":"product-type-simple"},"_links":{"self":[{"href":"https:\/\/stylingagenten.com\/sv\/wp-json\/wp\/v2\/product\/16116","targetHints":{"allow":["GET"]}}],"collection":[{"href":"https:\/\/stylingagenten.com\/sv\/wp-json\/wp\/v2\/product"}],"about":[{"href":"https:\/\/stylingagenten.com\/sv\/wp-json\/wp\/v2\/types\/product"}],"replies":[{"embeddable":true,"href":"https:\/\/stylingagenten.com\/sv\/wp-json\/wp\/v2\/comments?post=16116"}],"version-history":[{"count":0,"href":"https:\/\/stylingagenten.com\/sv\/wp-json\/wp\/v2\/product\/16116\/revisions"}],"wp:featuredmedia":[{"embeddable":true,"href":"https:\/\/stylingagenten.com\/sv\/wp-json\/wp\/v2\/media\/16114"}],"wp:attachment":[{"href":"https:\/\/stylingagenten.com\/sv\/wp-json\/wp\/v2\/media?parent=16116"}],"wp:term":[{"taxonomy":"product_brand","embeddable":true,"href":"https:\/\/stylingagenten.com\/sv\/wp-json\/wp\/v2\/product_brand?post=16116"},{"taxonomy":"product_cat","embeddable":true,"href":"https:\/\/stylingagenten.com\/sv\/wp-json\/wp\/v2\/product_cat?post=16116"},{"taxonomy":"product_tag","embeddable":true,"href":"https:\/\/stylingagenten.com\/sv\/wp-json\/wp\/v2\/product_tag?post=16116"},{"taxonomy":"berocket_brand","embeddable":true,"href":"https:\/\/stylingagenten.com\/sv\/wp-json\/wp\/v2\/berocket_brand?post=16116"}],"curies":[{"name":"wp","href":"https:\/\/api.w.org\/{rel}","templated":true}]}}