{"id":16111,"date":"2025-01-24T13:07:23","date_gmt":"2025-01-24T13:07:23","guid":{"rendered":"https:\/\/staging2.stylingagenten.com\/sv\/produkt\/hugo-boss-boss-bottled-parfum-100ml\/"},"modified":"2026-04-12T09:58:26","modified_gmt":"2026-04-12T09:58:26","slug":"hugo-boss-boss-bottled-parfum-100ml","status":"publish","type":"product","link":"https:\/\/stylingagenten.com\/sv\/produkt\/hugo-boss-boss-bottled-parfum-100ml\/","title":{"rendered":"Hugo Boss Boss Bottled Parfum 100ml"},"content":{"rendered":"<p>Hugo Boss Boss Bottled Parfum 100ml<br \/>Att vara sin egen BOSS \u00e4r att leva som en. Att vara en man som litar p\u00e5 sina instinkter. Han v\u00e4ntar inte p\u00e5 att saker ska h\u00e4nda \u2013 han f\u00e5r dem att h\u00e4nda. Han tar kontroll \u00f6ver sitt liv eftersom han vet att handling \u00e4r v\u00e4gen fram\u00e5t. Den styrka och karisma som kommer fr\u00e5n att man k\u00e4nner sig sj\u00e4lv. Han \u00e4r raffinerad och hans v\u00e4rme \u00e4r inspirerande. BOSS Bottled Parfum for Men avspeglar hans starka attityd \u2013 en djup doft som lockar med vackra noter av tr\u00e4, amber, orris och fikon.<br \/>&#8211;<br \/>BOSS Bottled Parfum for Men \u00e4r skapad av parfym\u00f6rerna Annick M\u00e9nardo och Suzy Le Helley, och denna doft \u00e4r den hittills mest koncentrerade i den ikoniska BOSS Bottled-doftserien. Denna tr\u00e4iga eau de parfum inleder med friska noter av mandarin och noter av kryddig r\u00f6kelse. Boss-parfymen avsl\u00f6jar ett fascinerande djup och kraft med hj\u00e4rtnoter av orris och fikon, som avspeglar mannens starka karisma. Doften avrundas med noter av cedertr\u00e4 och vegetabiliskt l\u00e4der som ger doften v\u00e4rme, kraft och l\u00e5ngvarig intensitet.<br \/>&#8211;<br \/>Den v\u00e4lk\u00e4nda BOSS Bottled-flaskan \u00e4r lackad i matt svart och den svarta korken har en vacker, borstad finish. Flaskan och den mattsvarta asken \u00e4r pr\u00e4glad med guldbokst\u00e4ver som avspeglar denna dj\u00e4rva herrdoft.<br \/>&#8211;<br \/>Doftnoter:<br \/>Toppnoter: Mandarin, r\u00f6kelse<br \/>Hj\u00e4rtnoter: Orris, fikon<br \/>Basnoter: Cedertr\u00e4, vegetabiliskt l\u00e4de<\/p>\n","protected":false},"excerpt":{"rendered":"<p>Hugo Boss Boss Bottled Parfum 100mlAtt vara sin egen BOSS \u00e4r att leva som en. Att vara en man som litar p\u00e5 sina instinkter. Han v\u00e4ntar inte p\u00e5 att saker ska h\u00e4nda \u2013 han f\u00e5r dem att h\u00e4nda. Han tar kontroll \u00f6ver sitt liv eftersom han vet att handling \u00e4r v\u00e4gen fram\u00e5t. Den styrka och [&hellip;]<\/p>\n","protected":false},"featured_media":16102,"comment_status":"open","ping_status":"closed","template":"","meta":{"_trash_the_other_posts":false},"product_brand":[],"product_cat":[708,735,1000,1006,535],"product_tag":[3023],"berocket_brand":[1339],"class_list":{"0":"post-16111","1":"product","2":"type-product","3":"status-publish","4":"has-post-thumbnail","6":"product_cat-eau-de-parfum-herr","7":"product_cat-kampanj","8":"product_cat-kampanj-for-honom","9":"product_cat-kampanjpris","10":"product_cat-parfym-herr","11":"product_tag-hugo-boss-boss-bottled-parfum","12":"pa_brand-hugo-boss","13":"pa_variant-100ml","14":"berocket_brand-hugo-boss","16":"first","17":"instock","18":"sale","19":"taxable","20":"shipping-taxable","21":"purchasable","22":"product-type-simple"},"_links":{"self":[{"href":"https:\/\/stylingagenten.com\/sv\/wp-json\/wp\/v2\/product\/16111","targetHints":{"allow":["GET"]}}],"collection":[{"href":"https:\/\/stylingagenten.com\/sv\/wp-json\/wp\/v2\/product"}],"about":[{"href":"https:\/\/stylingagenten.com\/sv\/wp-json\/wp\/v2\/types\/product"}],"replies":[{"embeddable":true,"href":"https:\/\/stylingagenten.com\/sv\/wp-json\/wp\/v2\/comments?post=16111"}],"version-history":[{"count":0,"href":"https:\/\/stylingagenten.com\/sv\/wp-json\/wp\/v2\/product\/16111\/revisions"}],"wp:featuredmedia":[{"embeddable":true,"href":"https:\/\/stylingagenten.com\/sv\/wp-json\/wp\/v2\/media\/16102"}],"wp:attachment":[{"href":"https:\/\/stylingagenten.com\/sv\/wp-json\/wp\/v2\/media?parent=16111"}],"wp:term":[{"taxonomy":"product_brand","embeddable":true,"href":"https:\/\/stylingagenten.com\/sv\/wp-json\/wp\/v2\/product_brand?post=16111"},{"taxonomy":"product_cat","embeddable":true,"href":"https:\/\/stylingagenten.com\/sv\/wp-json\/wp\/v2\/product_cat?post=16111"},{"taxonomy":"product_tag","embeddable":true,"href":"https:\/\/stylingagenten.com\/sv\/wp-json\/wp\/v2\/product_tag?post=16111"},{"taxonomy":"berocket_brand","embeddable":true,"href":"https:\/\/stylingagenten.com\/sv\/wp-json\/wp\/v2\/berocket_brand?post=16111"}],"curies":[{"name":"wp","href":"https:\/\/api.w.org\/{rel}","templated":true}]}}