{"id":16084,"date":"2025-01-24T13:07:18","date_gmt":"2025-01-24T13:07:18","guid":{"rendered":"https:\/\/staging2.stylingagenten.com\/sv\/produkt\/paris-hilton-gold-rush-edp-100ml\/"},"modified":"2026-04-08T15:27:22","modified_gmt":"2026-04-08T15:27:22","slug":"paris-hilton-gold-rush-edp-100ml","status":"publish","type":"product","link":"https:\/\/stylingagenten.com\/sv\/produkt\/paris-hilton-gold-rush-edp-100ml\/","title":{"rendered":"Paris Hilton Gold Rush Edp 100ml"},"content":{"rendered":"<p>Paris Hilton Gold Rush Edp 100ml<br \/>Parfymen g\u00f6r sig b\u00e4st p\u00e5 dagen under h\u00f6sten och v\u00e5ren, men fungerar s\u00e5klart \u00e4ven p\u00e5 natten och under de andra \u00e5rstiderna.<br \/>Doften \u00e4r p\u00e5tagligt s\u00f6t, sm\u00e5tt mj\u00f6lkig, pulvrig och n\u00f6tig. Den har \u00e4ven en ljuvlig vaniljdoft.<br \/>Toppnoterna best\u00e5r av Bergamott, Citron och Nektarin. Sedan f\u00f6ljer hj\u00e4rtnoterna med Orchid, Rose och Violet. Till sist f\u00f6ljer basnoterna med Pralin, Cashmir tr\u00e4 och Vanilj.<\/p>\n","protected":false},"excerpt":{"rendered":"<p>Paris Hilton Gold Rush Edp 100mlParfymen g\u00f6r sig b\u00e4st p\u00e5 dagen under h\u00f6sten och v\u00e5ren, men fungerar s\u00e5klart \u00e4ven p\u00e5 natten och under de andra \u00e5rstiderna.Doften \u00e4r p\u00e5tagligt s\u00f6t, sm\u00e5tt mj\u00f6lkig, pulvrig och n\u00f6tig. Den har \u00e4ven en ljuvlig vaniljdoft.Toppnoterna best\u00e5r av Bergamott, Citron och Nektarin. Sedan f\u00f6ljer hj\u00e4rtnoterna med Orchid, Rose och Violet. Till [&hellip;]<\/p>\n","protected":false},"featured_media":16082,"comment_status":"open","ping_status":"closed","template":"","meta":{"_trash_the_other_posts":false},"product_brand":[],"product_cat":[706,735,999,1006,534],"product_tag":[],"berocket_brand":[1051],"class_list":{"0":"post-16084","1":"product","2":"type-product","3":"status-publish","4":"has-post-thumbnail","6":"product_cat-eau-de-parfum-dam","7":"product_cat-kampanj","8":"product_cat-kampanj-for-henne","9":"product_cat-kampanjpris","10":"product_cat-parfym-dam","11":"pa_brand-paris-hilton","12":"berocket_brand-paris-hilton","14":"first","15":"instock","16":"sale","17":"taxable","18":"shipping-taxable","19":"purchasable","20":"product-type-simple"},"_links":{"self":[{"href":"https:\/\/stylingagenten.com\/sv\/wp-json\/wp\/v2\/product\/16084","targetHints":{"allow":["GET"]}}],"collection":[{"href":"https:\/\/stylingagenten.com\/sv\/wp-json\/wp\/v2\/product"}],"about":[{"href":"https:\/\/stylingagenten.com\/sv\/wp-json\/wp\/v2\/types\/product"}],"replies":[{"embeddable":true,"href":"https:\/\/stylingagenten.com\/sv\/wp-json\/wp\/v2\/comments?post=16084"}],"version-history":[{"count":0,"href":"https:\/\/stylingagenten.com\/sv\/wp-json\/wp\/v2\/product\/16084\/revisions"}],"wp:featuredmedia":[{"embeddable":true,"href":"https:\/\/stylingagenten.com\/sv\/wp-json\/wp\/v2\/media\/16082"}],"wp:attachment":[{"href":"https:\/\/stylingagenten.com\/sv\/wp-json\/wp\/v2\/media?parent=16084"}],"wp:term":[{"taxonomy":"product_brand","embeddable":true,"href":"https:\/\/stylingagenten.com\/sv\/wp-json\/wp\/v2\/product_brand?post=16084"},{"taxonomy":"product_cat","embeddable":true,"href":"https:\/\/stylingagenten.com\/sv\/wp-json\/wp\/v2\/product_cat?post=16084"},{"taxonomy":"product_tag","embeddable":true,"href":"https:\/\/stylingagenten.com\/sv\/wp-json\/wp\/v2\/product_tag?post=16084"},{"taxonomy":"berocket_brand","embeddable":true,"href":"https:\/\/stylingagenten.com\/sv\/wp-json\/wp\/v2\/berocket_brand?post=16084"}],"curies":[{"name":"wp","href":"https:\/\/api.w.org\/{rel}","templated":true}]}}