{"id":16046,"date":"2025-01-24T13:07:04","date_gmt":"2025-01-24T13:07:04","guid":{"rendered":"https:\/\/staging2.stylingagenten.com\/sv\/produkt\/giftset-marc-jacobs-perfect-edp-50ml-body-lotion-75ml\/"},"modified":"2026-03-11T22:07:15","modified_gmt":"2026-03-11T22:07:15","slug":"giftset-marc-jacobs-perfect-edp-50ml-body-lotion-75ml","status":"publish","type":"product","link":"https:\/\/stylingagenten.com\/sv\/produkt\/giftset-marc-jacobs-perfect-edp-50ml-body-lotion-75ml\/","title":{"rendered":"Giftset Marc Jacobs Perfect Edp 50ml + Body Lotion 75ml"},"content":{"rendered":"<p>Inneh\u00e5ller: Marc Jacobs Perfect Edp 50ml + Body Lotion 75ml<\/p>\n<p>Modern, ljus och feminin. Uppt\u00e4ck Marc Jacobs nya doft Perfect Eau de Parfum, en lekfull och beroendeframkallande blommig doft skapad av parfym\u00f6ren Domitille Michalon-Bertier. Perfect \u00e4r en hyllning till dig sj\u00e4lv, till sj\u00e4lvacceptans och originalitet. Liksom tatueringen p\u00e5 Marc Jacobs handled \u201dperfect\u201d s\u00e5 f\u00f6respr\u00e5kar doften &#8211; du \u00e4r perfekt precis som du \u00e4r.<br \/>&#8211;<br \/>Perfect Eau de Parfum \u00e4r en ov\u00e4ntad och p\u00e5 samma g\u00e5ng harmonisk parfym d\u00e4r fr\u00e4scha blommor m\u00f6ter harmoniska, mjuka doftackord. Doften \u00f6ppnar upp med noter av saftiga rabarber och p\u00e5sklilja, och i hj\u00e4rtat finner vi kr\u00e4mig mandelmj\u00f6lk. Perfect \u00e4r ingenting man f\u00f6rv\u00e4ntar sig, men allt du beh\u00f6ver vara.<br \/>&#8211;<br \/>Topp: Rabarber, P\u00e5sklilja<br \/>Hj\u00e4rta: Mandelmj\u00f6lk<br \/>Bas: Cedertr\u00e4, Cashmeran<\/p>\n","protected":false},"excerpt":{"rendered":"<p>Inneh\u00e5ller: Marc Jacobs Perfect Edp 50ml + Body Lotion 75ml Modern, ljus och feminin. Uppt\u00e4ck Marc Jacobs nya doft Perfect Eau de Parfum, en lekfull och beroendeframkallande blommig doft skapad av parfym\u00f6ren Domitille Michalon-Bertier. Perfect \u00e4r en hyllning till dig sj\u00e4lv, till sj\u00e4lvacceptans och originalitet. Liksom tatueringen p\u00e5 Marc Jacobs handled \u201dperfect\u201d s\u00e5 f\u00f6respr\u00e5kar doften [&hellip;]<\/p>\n","protected":false},"featured_media":16044,"comment_status":"open","ping_status":"closed","template":"","meta":{"_trash_the_other_posts":false},"product_brand":[],"product_cat":[544,735,999,1005],"product_tag":[],"berocket_brand":[1069],"class_list":{"0":"post-16046","1":"product","2":"type-product","3":"status-publish","4":"has-post-thumbnail","6":"product_cat-giftset-parfym-dam","7":"product_cat-kampanj","8":"product_cat-kampanj-for-henne","9":"product_cat-outlet","10":"pa_brand-marc-jacobs","11":"berocket_brand-marc-jacobs","13":"first","14":"instock","15":"sale","16":"taxable","17":"shipping-taxable","18":"purchasable","19":"product-type-simple"},"_links":{"self":[{"href":"https:\/\/stylingagenten.com\/sv\/wp-json\/wp\/v2\/product\/16046","targetHints":{"allow":["GET"]}}],"collection":[{"href":"https:\/\/stylingagenten.com\/sv\/wp-json\/wp\/v2\/product"}],"about":[{"href":"https:\/\/stylingagenten.com\/sv\/wp-json\/wp\/v2\/types\/product"}],"replies":[{"embeddable":true,"href":"https:\/\/stylingagenten.com\/sv\/wp-json\/wp\/v2\/comments?post=16046"}],"version-history":[{"count":0,"href":"https:\/\/stylingagenten.com\/sv\/wp-json\/wp\/v2\/product\/16046\/revisions"}],"wp:featuredmedia":[{"embeddable":true,"href":"https:\/\/stylingagenten.com\/sv\/wp-json\/wp\/v2\/media\/16044"}],"wp:attachment":[{"href":"https:\/\/stylingagenten.com\/sv\/wp-json\/wp\/v2\/media?parent=16046"}],"wp:term":[{"taxonomy":"product_brand","embeddable":true,"href":"https:\/\/stylingagenten.com\/sv\/wp-json\/wp\/v2\/product_brand?post=16046"},{"taxonomy":"product_cat","embeddable":true,"href":"https:\/\/stylingagenten.com\/sv\/wp-json\/wp\/v2\/product_cat?post=16046"},{"taxonomy":"product_tag","embeddable":true,"href":"https:\/\/stylingagenten.com\/sv\/wp-json\/wp\/v2\/product_tag?post=16046"},{"taxonomy":"berocket_brand","embeddable":true,"href":"https:\/\/stylingagenten.com\/sv\/wp-json\/wp\/v2\/berocket_brand?post=16046"}],"curies":[{"name":"wp","href":"https:\/\/api.w.org\/{rel}","templated":true}]}}