{"id":15984,"date":"2025-01-24T11:57:05","date_gmt":"2025-01-24T11:57:05","guid":{"rendered":"https:\/\/staging2.stylingagenten.com\/sv\/produkt\/revlon-salon-straight-copper-smooth-styler\/"},"modified":"2026-01-26T18:06:57","modified_gmt":"2026-01-26T18:06:57","slug":"revlon-salon-straight-copper-smooth-styler","status":"publish","type":"product","link":"https:\/\/stylingagenten.com\/sv\/produkt\/revlon-salon-straight-copper-smooth-styler\/","title":{"rendered":"Revlon Salon Straight Copper Smooth Styler"},"content":{"rendered":"<p>REVLON Salon Straight Copper Smooth Hair Straightener ger den ultimata salongprestandan f\u00f6r en l\u00e5ngvarig, reducerad frizz, rak och blank stil.<br \/>Med 10 sekunders snabb uppv\u00e4rmning och extra l\u00e5nga 125 mm rundade plattor kan du snabbt och smidigt uppn\u00e5 resultat, inklusive flips och v\u00e5gor, och den smala designen ger dig m\u00f6jlighet att n\u00e4rma sig r\u00f6tterna.<br \/>Fixa din stil p\u00e5 nolltid med 10 sekunders snabb uppv\u00e4rmning och digitalt exakt v\u00e4rmeinst\u00e4llning upp till professionell niv\u00e5 235 \u00b0 C. H\u00f6g v\u00e4rme \u00f6verf\u00f6rs j\u00e4mnt och snabbt f\u00f6r att skydda h\u00e5ret fr\u00e5n \u00f6verstyling med XL Advanced Copper stylingyta som ger \u00f6verl\u00e4gsen v\u00e4rme\u00f6verf\u00f6ring och h\u00e5llbarhet.<br \/>Det sofistikerade Smart Heat Memory Platt\u00e5ngen minns automatiskt din senast valda v\u00e4rmeinst\u00e4llning och True Grip rundade plattor skapar lockar eller v\u00e5gor i vilken h\u00e5rtyp som helst. Komplett med automatisk dubbelsp\u00e4nning f\u00f6r v\u00e4rldsomsp\u00e4nnande anv\u00e4ndning*.<\/p>\n<p>\u2022 Avancerad koppar 3X keramisk teknik \u00e4r varsam med h\u00e5ret och ger 63% mer glans<br \/>\u2022 Kopparplattor hj\u00e4lper till att styra frizz i 24 timmar, vilket ger snabbare styling, f\u00e4rre hot spots<br \/>\u2022 30 variabla inst\u00e4llningar upp till 235 \u00b0 C, vilket ger optimal frihet n\u00e4r det g\u00e4ller att styla h\u00e5ret<br \/>\u2022 Extra l\u00e5nga 125 mm rundade plattor f\u00f6r att uppn\u00e5 vackert snyggt resultat p\u00e5 nolltid, inklusive flips och v\u00e5gor<br \/>\u2022 Extra l\u00e5ng sv\u00e4ngkabel, automatisk avst\u00e4ngning,<\/p>\n","protected":false},"excerpt":{"rendered":"<p>REVLON Salon Straight Copper Smooth Hair Straightener ger den ultimata salongprestandan f\u00f6r en l\u00e5ngvarig, reducerad frizz, rak och blank stil.Med 10 sekunders snabb uppv\u00e4rmning och extra l\u00e5nga 125 mm rundade plattor kan du snabbt och smidigt uppn\u00e5 resultat, inklusive flips och v\u00e5gor, och den smala designen ger dig m\u00f6jlighet att n\u00e4rma sig r\u00f6tterna.Fixa din stil [&hellip;]<\/p>\n","protected":false},"featured_media":15978,"comment_status":"open","ping_status":"closed","template":"","meta":{"_trash_the_other_posts":false},"product_brand":[],"product_cat":[589],"product_tag":[],"berocket_brand":[1040],"class_list":{"0":"post-15984","1":"product","2":"type-product","3":"status-publish","4":"has-post-thumbnail","6":"product_cat-plattang","7":"pa_brand-revlon","8":"berocket_brand-revlon","10":"first","11":"instock","12":"sale","13":"taxable","14":"shipping-taxable","15":"purchasable","16":"product-type-simple"},"_links":{"self":[{"href":"https:\/\/stylingagenten.com\/sv\/wp-json\/wp\/v2\/product\/15984","targetHints":{"allow":["GET"]}}],"collection":[{"href":"https:\/\/stylingagenten.com\/sv\/wp-json\/wp\/v2\/product"}],"about":[{"href":"https:\/\/stylingagenten.com\/sv\/wp-json\/wp\/v2\/types\/product"}],"replies":[{"embeddable":true,"href":"https:\/\/stylingagenten.com\/sv\/wp-json\/wp\/v2\/comments?post=15984"}],"version-history":[{"count":0,"href":"https:\/\/stylingagenten.com\/sv\/wp-json\/wp\/v2\/product\/15984\/revisions"}],"wp:featuredmedia":[{"embeddable":true,"href":"https:\/\/stylingagenten.com\/sv\/wp-json\/wp\/v2\/media\/15978"}],"wp:attachment":[{"href":"https:\/\/stylingagenten.com\/sv\/wp-json\/wp\/v2\/media?parent=15984"}],"wp:term":[{"taxonomy":"product_brand","embeddable":true,"href":"https:\/\/stylingagenten.com\/sv\/wp-json\/wp\/v2\/product_brand?post=15984"},{"taxonomy":"product_cat","embeddable":true,"href":"https:\/\/stylingagenten.com\/sv\/wp-json\/wp\/v2\/product_cat?post=15984"},{"taxonomy":"product_tag","embeddable":true,"href":"https:\/\/stylingagenten.com\/sv\/wp-json\/wp\/v2\/product_tag?post=15984"},{"taxonomy":"berocket_brand","embeddable":true,"href":"https:\/\/stylingagenten.com\/sv\/wp-json\/wp\/v2\/berocket_brand?post=15984"}],"curies":[{"name":"wp","href":"https:\/\/api.w.org\/{rel}","templated":true}]}}