{"id":15972,"date":"2025-01-24T11:57:03","date_gmt":"2025-01-24T11:57:03","guid":{"rendered":"https:\/\/staging2.stylingagenten.com\/sv\/produkt\/revlon-one-step-double-straight\/"},"modified":"2026-03-11T22:05:20","modified_gmt":"2026-03-11T22:05:20","slug":"revlon-one-step-double-straight","status":"publish","type":"product","link":"https:\/\/stylingagenten.com\/sv\/produkt\/revlon-one-step-double-straight\/","title":{"rendered":"Revlon One-Step Double Straight"},"content":{"rendered":"<p>Revlon One-Step Double Straight<br \/>Revlon Double Straight \u00e4r en revolutionerande platt\u00e5ng med en innovativ design. Dubbelplattan skapar dubbelt s\u00e5 stor r\u00e4tningskraft under h\u00e5rstyling, med ett enda svep. Den f\u00f6rsta plattan r\u00e4tar ut h\u00e5ret, medan den andra plattan g\u00f6r ditt h\u00e5r mjukare och rakare \u00e4n du \u00e4r van vid. Det blir ingen v\u00e4rmef\u00f6rlust, vilket ger snabbare resultat p\u00e5 kortare tid. H\u00e5ret blir inte bara silkeslent, utan \u00e4ven friskare.<br \/>Kopparkeramiska plattor: S\u00e4kerst\u00e4ller j\u00e4mn v\u00e4rme\u00f6verf\u00f6ring och snabbare styling med ett ultramjukt resultat.<\/p>\n<p>&#8211; LED-sk\u00e4rm: 10 LED-temperaturinst\u00e4llningar upp till 235 \u00b0C<br \/>&#8211; L\u00e5sbara strykytor<br \/>&#8211; Rundade kanter<br \/>&#8211; Automatisk avst\u00e4ngning efter 60 min<br \/>&#8211; Cool tip<\/p>\n","protected":false},"excerpt":{"rendered":"<p>Revlon One-Step Double StraightRevlon Double Straight \u00e4r en revolutionerande platt\u00e5ng med en innovativ design. Dubbelplattan skapar dubbelt s\u00e5 stor r\u00e4tningskraft under h\u00e5rstyling, med ett enda svep. Den f\u00f6rsta plattan r\u00e4tar ut h\u00e5ret, medan den andra plattan g\u00f6r ditt h\u00e5r mjukare och rakare \u00e4n du \u00e4r van vid. Det blir ingen v\u00e4rmef\u00f6rlust, vilket ger snabbare resultat [&hellip;]<\/p>\n","protected":false},"featured_media":15967,"comment_status":"open","ping_status":"closed","template":"","meta":{"_trash_the_other_posts":false},"product_brand":[],"product_cat":[589],"product_tag":[],"berocket_brand":[1040],"class_list":{"0":"post-15972","1":"product","2":"type-product","3":"status-publish","4":"has-post-thumbnail","6":"product_cat-plattang","7":"pa_brand-revlon","8":"berocket_brand-revlon","10":"first","11":"instock","12":"sale","13":"taxable","14":"shipping-taxable","15":"purchasable","16":"product-type-simple"},"_links":{"self":[{"href":"https:\/\/stylingagenten.com\/sv\/wp-json\/wp\/v2\/product\/15972","targetHints":{"allow":["GET"]}}],"collection":[{"href":"https:\/\/stylingagenten.com\/sv\/wp-json\/wp\/v2\/product"}],"about":[{"href":"https:\/\/stylingagenten.com\/sv\/wp-json\/wp\/v2\/types\/product"}],"replies":[{"embeddable":true,"href":"https:\/\/stylingagenten.com\/sv\/wp-json\/wp\/v2\/comments?post=15972"}],"version-history":[{"count":0,"href":"https:\/\/stylingagenten.com\/sv\/wp-json\/wp\/v2\/product\/15972\/revisions"}],"wp:featuredmedia":[{"embeddable":true,"href":"https:\/\/stylingagenten.com\/sv\/wp-json\/wp\/v2\/media\/15967"}],"wp:attachment":[{"href":"https:\/\/stylingagenten.com\/sv\/wp-json\/wp\/v2\/media?parent=15972"}],"wp:term":[{"taxonomy":"product_brand","embeddable":true,"href":"https:\/\/stylingagenten.com\/sv\/wp-json\/wp\/v2\/product_brand?post=15972"},{"taxonomy":"product_cat","embeddable":true,"href":"https:\/\/stylingagenten.com\/sv\/wp-json\/wp\/v2\/product_cat?post=15972"},{"taxonomy":"product_tag","embeddable":true,"href":"https:\/\/stylingagenten.com\/sv\/wp-json\/wp\/v2\/product_tag?post=15972"},{"taxonomy":"berocket_brand","embeddable":true,"href":"https:\/\/stylingagenten.com\/sv\/wp-json\/wp\/v2\/berocket_brand?post=15972"}],"curies":[{"name":"wp","href":"https:\/\/api.w.org\/{rel}","templated":true}]}}