{"id":15957,"date":"2025-01-24T11:57:00","date_gmt":"2025-01-24T11:57:00","guid":{"rendered":"https:\/\/staging2.stylingagenten.com\/sv\/produkt\/loreal-infaillible-24h-fresh-wear-powder-foundation-vanilla-120\/"},"modified":"2026-03-26T03:58:23","modified_gmt":"2026-03-26T03:58:23","slug":"loreal-infaillible-24h-fresh-wear-powder-foundation-vanilla-120","status":"publish","type":"product","link":"https:\/\/stylingagenten.com\/sv\/produkt\/loreal-infaillible-24h-fresh-wear-powder-foundation-vanilla-120\/","title":{"rendered":"L&#8217;Oreal Infaillible 24h Fresh Wear Powder Foundation Vanilla 120"},"content":{"rendered":"<p>Uppt\u00e4ck Infallible 24H Fresh Wear Foundation In A Powder fr\u00e5n L&#8217;Or\u00e9al Paris. Puderfoundation som t\u00e4cker, samtidigt som den ger ett matt resultat utan att bli kakig. Detta \u00e4r mer \u00e4n bara ett puder! Produkten \u00e4r berikad med fina pigment som f\u00e5ngas av huden f\u00f6r en matt och naturlig finish hela dagen. Den \u00e4r l\u00e4tt att tona ut och ger huden en naturlig, felfri, sammetslen och matt finish. &#8211; Tillg\u00e4nglig i 8 nyanser f\u00f6r att matcha olika hudtoner. Smetar inte ut. Svettresistent. Vattenfast. &#8211; V\u00e4rme- och fuktresistent F\u00e5 ut mer av ditt puder!<\/p>\n","protected":false},"excerpt":{"rendered":"<p>Uppt\u00e4ck Infallible 24H Fresh Wear Foundation In A Powder fr\u00e5n L&#8217;Or\u00e9al Paris. Puderfoundation som t\u00e4cker, samtidigt som den ger ett matt resultat utan att bli kakig. Detta \u00e4r mer \u00e4n bara ett puder! Produkten \u00e4r berikad med fina pigment som f\u00e5ngas av huden f\u00f6r en matt och naturlig finish hela dagen. Den \u00e4r l\u00e4tt att [&hellip;]<\/p>\n","protected":false},"featured_media":15952,"comment_status":"open","ping_status":"closed","template":"","meta":{"_trash_the_other_posts":false},"product_brand":[],"product_cat":[718],"product_tag":[3332],"berocket_brand":[1019],"class_list":{"0":"post-15957","1":"product","2":"type-product","3":"status-publish","4":"has-post-thumbnail","6":"product_cat-puderfoundation","7":"product_tag-loreal-infaillible-24h-fresh-wear-powder-foundation","8":"pa_brand-loreal-paris","9":"pa_variant-vanilla-120","10":"berocket_brand-loreal","12":"first","13":"instock","14":"sale","15":"taxable","16":"shipping-taxable","17":"purchasable","18":"product-type-simple"},"_links":{"self":[{"href":"https:\/\/stylingagenten.com\/sv\/wp-json\/wp\/v2\/product\/15957","targetHints":{"allow":["GET"]}}],"collection":[{"href":"https:\/\/stylingagenten.com\/sv\/wp-json\/wp\/v2\/product"}],"about":[{"href":"https:\/\/stylingagenten.com\/sv\/wp-json\/wp\/v2\/types\/product"}],"replies":[{"embeddable":true,"href":"https:\/\/stylingagenten.com\/sv\/wp-json\/wp\/v2\/comments?post=15957"}],"version-history":[{"count":0,"href":"https:\/\/stylingagenten.com\/sv\/wp-json\/wp\/v2\/product\/15957\/revisions"}],"wp:featuredmedia":[{"embeddable":true,"href":"https:\/\/stylingagenten.com\/sv\/wp-json\/wp\/v2\/media\/15952"}],"wp:attachment":[{"href":"https:\/\/stylingagenten.com\/sv\/wp-json\/wp\/v2\/media?parent=15957"}],"wp:term":[{"taxonomy":"product_brand","embeddable":true,"href":"https:\/\/stylingagenten.com\/sv\/wp-json\/wp\/v2\/product_brand?post=15957"},{"taxonomy":"product_cat","embeddable":true,"href":"https:\/\/stylingagenten.com\/sv\/wp-json\/wp\/v2\/product_cat?post=15957"},{"taxonomy":"product_tag","embeddable":true,"href":"https:\/\/stylingagenten.com\/sv\/wp-json\/wp\/v2\/product_tag?post=15957"},{"taxonomy":"berocket_brand","embeddable":true,"href":"https:\/\/stylingagenten.com\/sv\/wp-json\/wp\/v2\/berocket_brand?post=15957"}],"curies":[{"name":"wp","href":"https:\/\/api.w.org\/{rel}","templated":true}]}}