{"id":15945,"date":"2025-01-24T11:56:57","date_gmt":"2025-01-24T11:56:57","guid":{"rendered":"https:\/\/staging2.stylingagenten.com\/sv\/produkt\/yves-saint-laurent-y-men-edt-40ml\/"},"modified":"2026-03-17T15:26:48","modified_gmt":"2026-03-17T15:26:48","slug":"yves-saint-laurent-y-men-edt-40ml","status":"publish","type":"product","link":"https:\/\/stylingagenten.com\/sv\/produkt\/yves-saint-laurent-y-men-edt-40ml\/","title":{"rendered":"Yves Saint Laurent Y Men Edt 40ml"},"content":{"rendered":"<p>Yves Saint Laurent Y Men Edt 40ml<br \/>Y-mannen: Den kreativa och sj\u00e4lvst\u00e4ndiga mannen.<\/p>\n<p>Y NEW EAU DE TOILETTE f\u00e5ngar ett nytt och mer intimt kapitel i historien om Y-mannen, och f\u00f6rmedlas av Y:s ikoniska ambassad\u00f6r Lenny Kravitz. En or\u00e4dd man som m\u00f6ter alla utmaningar och tror p\u00e5 sig sj\u00e4lv. Han utstr\u00e5lar alla erfarenheter som har gjort honom till den han \u00e4r. Hans motto: F\u00f6r att veta vart du ska m\u00e5ste du veta var du kommer ifr\u00e5n. Hitta dina r\u00f6tter. Lyssna p\u00e5 ljuden, upplev f\u00f6rnimmelserna och k\u00e4nn dofterna som formade dig. Y not?<\/p>\n<p>Den fr\u00e4scha och intensivt sexiga doften av sj\u00e4lvf\u00f6rverkligande.<\/p>\n<p>Nya Y EAU DE TOILETTE \u00e4r en mineraldoft med tr\u00e4noter som kontrasterar mot frisk lavendel och aromatisk salvia fr\u00e5n Provence med ett krispigt gr\u00f6nskande hj\u00e4rta av geranium bourbon fr\u00e5n Madagaskar: tre ingredienser som skapats f\u00f6r YSL BEAUTY. Fr\u00e4sch\u00f6r matchas av v\u00e4rmen fr\u00e5n sensuella tr\u00e4slag, sexig ambra och beroendeframkallande r\u00f6kelse. En ny niv\u00e5 av intensitet. En ny, bl\u00e5 v\u00e5g av renhet och sensualitet. Y EAU DE TOILETTE \u00e4r uppfriskande, kraftfull och h\u00e5llbar: 12 timmars exceptionell intensitet i en spraypuff. L\u00e4tt att anv\u00e4nda. L\u00e4tt att \u00e4lska. Den \u00e4r coolare, hetare och h\u00e5ller l\u00e4ngre \u00e4n n\u00e5gonsin.<\/p>\n","protected":false},"excerpt":{"rendered":"<p>Yves Saint Laurent Y Men Edt 40mlY-mannen: Den kreativa och sj\u00e4lvst\u00e4ndiga mannen. Y NEW EAU DE TOILETTE f\u00e5ngar ett nytt och mer intimt kapitel i historien om Y-mannen, och f\u00f6rmedlas av Y:s ikoniska ambassad\u00f6r Lenny Kravitz. En or\u00e4dd man som m\u00f6ter alla utmaningar och tror p\u00e5 sig sj\u00e4lv. Han utstr\u00e5lar alla erfarenheter som har gjort [&hellip;]<\/p>\n","protected":false},"featured_media":15939,"comment_status":"open","ping_status":"closed","template":"","meta":{"_trash_the_other_posts":false},"product_brand":[],"product_cat":[709],"product_tag":[],"berocket_brand":[1119],"class_list":{"0":"post-15945","1":"product","2":"type-product","3":"status-publish","4":"has-post-thumbnail","6":"product_cat-eau-de-toilette-herr","7":"pa_brand-yves-saint-laurent","8":"berocket_brand-yves-saint-laurent","10":"first","11":"outofstock","12":"sale","13":"taxable","14":"shipping-taxable","15":"purchasable","16":"product-type-simple"},"_links":{"self":[{"href":"https:\/\/stylingagenten.com\/sv\/wp-json\/wp\/v2\/product\/15945","targetHints":{"allow":["GET"]}}],"collection":[{"href":"https:\/\/stylingagenten.com\/sv\/wp-json\/wp\/v2\/product"}],"about":[{"href":"https:\/\/stylingagenten.com\/sv\/wp-json\/wp\/v2\/types\/product"}],"replies":[{"embeddable":true,"href":"https:\/\/stylingagenten.com\/sv\/wp-json\/wp\/v2\/comments?post=15945"}],"version-history":[{"count":0,"href":"https:\/\/stylingagenten.com\/sv\/wp-json\/wp\/v2\/product\/15945\/revisions"}],"wp:featuredmedia":[{"embeddable":true,"href":"https:\/\/stylingagenten.com\/sv\/wp-json\/wp\/v2\/media\/15939"}],"wp:attachment":[{"href":"https:\/\/stylingagenten.com\/sv\/wp-json\/wp\/v2\/media?parent=15945"}],"wp:term":[{"taxonomy":"product_brand","embeddable":true,"href":"https:\/\/stylingagenten.com\/sv\/wp-json\/wp\/v2\/product_brand?post=15945"},{"taxonomy":"product_cat","embeddable":true,"href":"https:\/\/stylingagenten.com\/sv\/wp-json\/wp\/v2\/product_cat?post=15945"},{"taxonomy":"product_tag","embeddable":true,"href":"https:\/\/stylingagenten.com\/sv\/wp-json\/wp\/v2\/product_tag?post=15945"},{"taxonomy":"berocket_brand","embeddable":true,"href":"https:\/\/stylingagenten.com\/sv\/wp-json\/wp\/v2\/berocket_brand?post=15945"}],"curies":[{"name":"wp","href":"https:\/\/api.w.org\/{rel}","templated":true}]}}