{"id":15919,"date":"2025-01-24T11:56:51","date_gmt":"2025-01-24T11:56:51","guid":{"rendered":"https:\/\/staging2.stylingagenten.com\/sv\/produkt\/sisley-leau-revee-disa-edt-50ml\/"},"modified":"2026-03-11T22:06:50","modified_gmt":"2026-03-11T22:06:50","slug":"sisley-leau-revee-disa-edt-50ml","status":"publish","type":"product","link":"https:\/\/stylingagenten.com\/sv\/produkt\/sisley-leau-revee-disa-edt-50ml\/","title":{"rendered":"Sisley L&#8217;eau Revee d&#8217;Isa Edt 50ml"},"content":{"rendered":"<p>Sisley L&#8217;eau Revee d&#8217;Isa Edt 50ml<br \/>Dr\u00f6mmar g\u00f6der v\u00e5r kreativitet och inspirerar oss genom bilder, minnen och k\u00e4nslor. Eaux R\u00eav\u00e9es uttrycker denna fantasirika plats d\u00e4r inspirationer kolliderar, f\u00f6renas och uppg\u00e5r i varandra \u2013 precis som de olika generationerna av familjen d&#8217;Ornano, Sisleys skapare, inspirerar varandra.<br \/>Denna kollektion best\u00e5r av sex olika dofter, med doftkoder som har en perfekt ambivalent natur.<br \/>NYUTSLAGEN JASMIN, FULL AV SOLSKEN<br \/>Eau R\u00eav\u00e9e d&#8217;Isa har den f\u00f6rf\u00f6riska dr\u00f6mmens djuphet och l\u00e4tthet. Full av kontraster sammanf\u00f6r den en mirakul\u00f6s kombination av essenser och alkemi som b\u00e5de k\u00e4nns sj\u00e4lvklar och \u00e4nd\u00e5 lyckas \u00f6verraska. Denna doft kombinerar det maskulina med det feminina och har livskraften hos en vit blomma blandad med intensiva kryddor.<\/p>\n","protected":false},"excerpt":{"rendered":"<p>Sisley L&#8217;eau Revee d&#8217;Isa Edt 50mlDr\u00f6mmar g\u00f6der v\u00e5r kreativitet och inspirerar oss genom bilder, minnen och k\u00e4nslor. Eaux R\u00eav\u00e9es uttrycker denna fantasirika plats d\u00e4r inspirationer kolliderar, f\u00f6renas och uppg\u00e5r i varandra \u2013 precis som de olika generationerna av familjen d&#8217;Ornano, Sisleys skapare, inspirerar varandra.Denna kollektion best\u00e5r av sex olika dofter, med doftkoder som har en [&hellip;]<\/p>\n","protected":false},"featured_media":15916,"comment_status":"open","ping_status":"closed","template":"","meta":{"_trash_the_other_posts":false},"product_brand":[],"product_cat":[707,735,999,1006],"product_tag":[],"berocket_brand":[1195],"class_list":{"0":"post-15919","1":"product","2":"type-product","3":"status-publish","4":"has-post-thumbnail","6":"product_cat-eau-de-toilette-dam","7":"product_cat-kampanj","8":"product_cat-kampanj-for-henne","9":"product_cat-kampanjpris","10":"pa_brand-sisley","11":"berocket_brand-sisley","13":"first","14":"instock","15":"sale","16":"taxable","17":"shipping-taxable","18":"purchasable","19":"product-type-simple"},"_links":{"self":[{"href":"https:\/\/stylingagenten.com\/sv\/wp-json\/wp\/v2\/product\/15919","targetHints":{"allow":["GET"]}}],"collection":[{"href":"https:\/\/stylingagenten.com\/sv\/wp-json\/wp\/v2\/product"}],"about":[{"href":"https:\/\/stylingagenten.com\/sv\/wp-json\/wp\/v2\/types\/product"}],"replies":[{"embeddable":true,"href":"https:\/\/stylingagenten.com\/sv\/wp-json\/wp\/v2\/comments?post=15919"}],"version-history":[{"count":0,"href":"https:\/\/stylingagenten.com\/sv\/wp-json\/wp\/v2\/product\/15919\/revisions"}],"wp:featuredmedia":[{"embeddable":true,"href":"https:\/\/stylingagenten.com\/sv\/wp-json\/wp\/v2\/media\/15916"}],"wp:attachment":[{"href":"https:\/\/stylingagenten.com\/sv\/wp-json\/wp\/v2\/media?parent=15919"}],"wp:term":[{"taxonomy":"product_brand","embeddable":true,"href":"https:\/\/stylingagenten.com\/sv\/wp-json\/wp\/v2\/product_brand?post=15919"},{"taxonomy":"product_cat","embeddable":true,"href":"https:\/\/stylingagenten.com\/sv\/wp-json\/wp\/v2\/product_cat?post=15919"},{"taxonomy":"product_tag","embeddable":true,"href":"https:\/\/stylingagenten.com\/sv\/wp-json\/wp\/v2\/product_tag?post=15919"},{"taxonomy":"berocket_brand","embeddable":true,"href":"https:\/\/stylingagenten.com\/sv\/wp-json\/wp\/v2\/berocket_brand?post=15919"}],"curies":[{"name":"wp","href":"https:\/\/api.w.org\/{rel}","templated":true}]}}