{"id":15889,"date":"2025-01-24T11:56:45","date_gmt":"2025-01-24T11:56:45","guid":{"rendered":"https:\/\/staging2.stylingagenten.com\/sv\/produkt\/chupa-chups-lip-balm-juicy-watermelon\/"},"modified":"2026-04-01T05:38:34","modified_gmt":"2026-04-01T05:38:34","slug":"chupa-chups-lip-balm-juicy-watermelon","status":"publish","type":"product","link":"https:\/\/stylingagenten.com\/sv\/produkt\/chupa-chups-lip-balm-juicy-watermelon\/","title":{"rendered":"Chupa Chups Lip Balm Juicy Watermelon"},"content":{"rendered":"<p>Chupa Chups Lip Balm Juicy Watermelon<br \/>S\u00f6ta lipbalms i h\u00e4rliga dofter inspirerat fr\u00e5n Chupa Chups s\u00f6ta godis-klubbor. V\u00e4lj mellan olika goda dofter. L\u00e4ppbalsam i h\u00e4ftiga utseenden och i snygga nyanser!<\/p>\n","protected":false},"excerpt":{"rendered":"<p>Chupa Chups Lip Balm Juicy WatermelonS\u00f6ta lipbalms i h\u00e4rliga dofter inspirerat fr\u00e5n Chupa Chups s\u00f6ta godis-klubbor. V\u00e4lj mellan olika goda dofter. L\u00e4ppbalsam i h\u00e4ftiga utseenden och i snygga nyanser!<\/p>\n","protected":false},"featured_media":15888,"comment_status":"open","ping_status":"closed","template":"","meta":{"_trash_the_other_posts":false},"product_brand":[],"product_cat":[580],"product_tag":[2718],"berocket_brand":[1413,1238],"class_list":{"0":"post-15889","1":"product","2":"type-product","3":"status-publish","4":"has-post-thumbnail","6":"product_cat-lappbalsam","7":"product_tag-chupa-chups-lip-balm-juicy","8":"pa_brand-lip-smacker","9":"pa_variant-watermelon","10":"berocket_brand-chupa-chups","11":"berocket_brand-lip-smacker","13":"first","14":"instock","15":"sale","16":"taxable","17":"shipping-taxable","18":"purchasable","19":"product-type-simple"},"_links":{"self":[{"href":"https:\/\/stylingagenten.com\/sv\/wp-json\/wp\/v2\/product\/15889","targetHints":{"allow":["GET"]}}],"collection":[{"href":"https:\/\/stylingagenten.com\/sv\/wp-json\/wp\/v2\/product"}],"about":[{"href":"https:\/\/stylingagenten.com\/sv\/wp-json\/wp\/v2\/types\/product"}],"replies":[{"embeddable":true,"href":"https:\/\/stylingagenten.com\/sv\/wp-json\/wp\/v2\/comments?post=15889"}],"version-history":[{"count":0,"href":"https:\/\/stylingagenten.com\/sv\/wp-json\/wp\/v2\/product\/15889\/revisions"}],"wp:featuredmedia":[{"embeddable":true,"href":"https:\/\/stylingagenten.com\/sv\/wp-json\/wp\/v2\/media\/15888"}],"wp:attachment":[{"href":"https:\/\/stylingagenten.com\/sv\/wp-json\/wp\/v2\/media?parent=15889"}],"wp:term":[{"taxonomy":"product_brand","embeddable":true,"href":"https:\/\/stylingagenten.com\/sv\/wp-json\/wp\/v2\/product_brand?post=15889"},{"taxonomy":"product_cat","embeddable":true,"href":"https:\/\/stylingagenten.com\/sv\/wp-json\/wp\/v2\/product_cat?post=15889"},{"taxonomy":"product_tag","embeddable":true,"href":"https:\/\/stylingagenten.com\/sv\/wp-json\/wp\/v2\/product_tag?post=15889"},{"taxonomy":"berocket_brand","embeddable":true,"href":"https:\/\/stylingagenten.com\/sv\/wp-json\/wp\/v2\/berocket_brand?post=15889"}],"curies":[{"name":"wp","href":"https:\/\/api.w.org\/{rel}","templated":true}]}}