{"id":15867,"date":"2025-01-24T11:56:39","date_gmt":"2025-01-24T11:56:39","guid":{"rendered":"https:\/\/staging2.stylingagenten.com\/sv\/produkt\/max-factor-colour-elixir-lipstick-velvet-matte-lipstick-raisin-65\/"},"modified":"2026-03-02T16:07:51","modified_gmt":"2026-03-02T16:07:51","slug":"max-factor-colour-elixir-lipstick-velvet-matte-lipstick-raisin-65","status":"publish","type":"product","link":"https:\/\/stylingagenten.com\/sv\/produkt\/max-factor-colour-elixir-lipstick-velvet-matte-lipstick-raisin-65\/","title":{"rendered":"Max Factor Colour Elixir Lipstick Velvet Matte Lipstick Raisin 65"},"content":{"rendered":"<p>Max Factor Colour Elixir Lipstick Velvet Matte Lipstick Raisin 65 \u00e4r perfekt f\u00f6r dig som \u00e4lskar ett l\u00e4ppstift med massor av vacker f\u00e4rg och en behaglig k\u00e4nsla som h\u00e5ller l\u00e4nge. Detta f\u00e4rgintensiva, matta l\u00e4ppstift ger en vacker finish med bara ett enda drag, \u00e4r enkelt att applicera exakt och k\u00e4nns behagligt hela dagen.<br \/>&#8211;<br \/>Max Factor Colour Elixir Lipstick Velvet Matte \u00e4r veganskt och fullsp\u00e4ckat med hudv\u00e5rdande ingredienser, bl.a. ricinolja, aloe vera, sheasm\u00f6r och avokadoolja. L\u00e4ppstiftet \u00e4r berikat med ett naturligt fuktgivande komplex, som g\u00f6r att l\u00e4pparna k\u00e4nns \u00e5terfuktade hela dagen, \u00e4ven n\u00e4r du har tagit bort l\u00e4ppstiftet! Den kr\u00e4miga och l\u00e4tta konsistensen g\u00f6r att l\u00e4ppstiftet glider l\u00e4tt \u00f6ver l\u00e4pparna och ger full t\u00e4ckning i ett enda drag.<\/p>\n","protected":false},"excerpt":{"rendered":"<p>Max Factor Colour Elixir Lipstick Velvet Matte Lipstick Raisin 65 \u00e4r perfekt f\u00f6r dig som \u00e4lskar ett l\u00e4ppstift med massor av vacker f\u00e4rg och en behaglig k\u00e4nsla som h\u00e5ller l\u00e4nge. Detta f\u00e4rgintensiva, matta l\u00e4ppstift ger en vacker finish med bara ett enda drag, \u00e4r enkelt att applicera exakt och k\u00e4nns behagligt hela dagen.&#8211;Max Factor Colour [&hellip;]<\/p>\n","protected":false},"featured_media":15861,"comment_status":"open","ping_status":"closed","template":"","meta":{"_trash_the_other_posts":false},"product_brand":[],"product_cat":[607],"product_tag":[3580],"berocket_brand":[1013],"class_list":{"0":"post-15867","1":"product","2":"type-product","3":"status-publish","4":"has-post-thumbnail","6":"product_cat-lappstift","7":"product_tag-max-factor-colour-elixir-lipstick-velvet-matte-lipstick","8":"pa_brand-max-factor","9":"pa_variant-raisin-65","10":"berocket_brand-max-factor","12":"first","13":"instock","14":"sale","15":"taxable","16":"shipping-taxable","17":"purchasable","18":"product-type-simple"},"_links":{"self":[{"href":"https:\/\/stylingagenten.com\/sv\/wp-json\/wp\/v2\/product\/15867","targetHints":{"allow":["GET"]}}],"collection":[{"href":"https:\/\/stylingagenten.com\/sv\/wp-json\/wp\/v2\/product"}],"about":[{"href":"https:\/\/stylingagenten.com\/sv\/wp-json\/wp\/v2\/types\/product"}],"replies":[{"embeddable":true,"href":"https:\/\/stylingagenten.com\/sv\/wp-json\/wp\/v2\/comments?post=15867"}],"version-history":[{"count":0,"href":"https:\/\/stylingagenten.com\/sv\/wp-json\/wp\/v2\/product\/15867\/revisions"}],"wp:featuredmedia":[{"embeddable":true,"href":"https:\/\/stylingagenten.com\/sv\/wp-json\/wp\/v2\/media\/15861"}],"wp:attachment":[{"href":"https:\/\/stylingagenten.com\/sv\/wp-json\/wp\/v2\/media?parent=15867"}],"wp:term":[{"taxonomy":"product_brand","embeddable":true,"href":"https:\/\/stylingagenten.com\/sv\/wp-json\/wp\/v2\/product_brand?post=15867"},{"taxonomy":"product_cat","embeddable":true,"href":"https:\/\/stylingagenten.com\/sv\/wp-json\/wp\/v2\/product_cat?post=15867"},{"taxonomy":"product_tag","embeddable":true,"href":"https:\/\/stylingagenten.com\/sv\/wp-json\/wp\/v2\/product_tag?post=15867"},{"taxonomy":"berocket_brand","embeddable":true,"href":"https:\/\/stylingagenten.com\/sv\/wp-json\/wp\/v2\/berocket_brand?post=15867"}],"curies":[{"name":"wp","href":"https:\/\/api.w.org\/{rel}","templated":true}]}}