{"id":15848,"date":"2025-01-24T11:56:35","date_gmt":"2025-01-24T11:56:35","guid":{"rendered":"https:\/\/staging2.stylingagenten.com\/sv\/produkt\/calvin-klein-euphoria-for-men-after-shave-100ml\/"},"modified":"2026-04-08T15:58:27","modified_gmt":"2026-04-08T15:58:27","slug":"calvin-klein-euphoria-for-men-after-shave-100ml","status":"publish","type":"product","link":"https:\/\/stylingagenten.com\/sv\/produkt\/calvin-klein-euphoria-for-men-after-shave-100ml\/","title":{"rendered":"Calvin Klein Euphoria For Men After Shave 100ml"},"content":{"rendered":"<p>Calvin Klein Euphoria For Men After Shave 100ml<br \/>Detta \u00e4r en fr\u00e4sch och vedartad doft f\u00f6r m\u00e4n. Den inneh\u00e5ller ingef\u00e4ra, peppar, svart basilika, salvia, cedertr\u00e4, b\u00e4rnsten, patchouli, brasiliansk furu och mocka.<\/p>\n","protected":false},"excerpt":{"rendered":"<p>Calvin Klein Euphoria For Men After Shave 100mlDetta \u00e4r en fr\u00e4sch och vedartad doft f\u00f6r m\u00e4n. Den inneh\u00e5ller ingef\u00e4ra, peppar, svart basilika, salvia, cedertr\u00e4, b\u00e4rnsten, patchouli, brasiliansk furu och mocka.<\/p>\n","protected":false},"featured_media":15842,"comment_status":"open","ping_status":"closed","template":"","meta":{"_trash_the_other_posts":false},"product_brand":[],"product_cat":[689],"product_tag":[],"berocket_brand":[1014],"class_list":{"0":"post-15848","1":"product","2":"type-product","3":"status-publish","4":"has-post-thumbnail","6":"product_cat-aftershave","7":"pa_brand-calvin-klein","8":"berocket_brand-calvin-klein","10":"first","11":"instock","12":"sale","13":"taxable","14":"shipping-taxable","15":"purchasable","16":"product-type-simple"},"_links":{"self":[{"href":"https:\/\/stylingagenten.com\/sv\/wp-json\/wp\/v2\/product\/15848","targetHints":{"allow":["GET"]}}],"collection":[{"href":"https:\/\/stylingagenten.com\/sv\/wp-json\/wp\/v2\/product"}],"about":[{"href":"https:\/\/stylingagenten.com\/sv\/wp-json\/wp\/v2\/types\/product"}],"replies":[{"embeddable":true,"href":"https:\/\/stylingagenten.com\/sv\/wp-json\/wp\/v2\/comments?post=15848"}],"version-history":[{"count":0,"href":"https:\/\/stylingagenten.com\/sv\/wp-json\/wp\/v2\/product\/15848\/revisions"}],"wp:featuredmedia":[{"embeddable":true,"href":"https:\/\/stylingagenten.com\/sv\/wp-json\/wp\/v2\/media\/15842"}],"wp:attachment":[{"href":"https:\/\/stylingagenten.com\/sv\/wp-json\/wp\/v2\/media?parent=15848"}],"wp:term":[{"taxonomy":"product_brand","embeddable":true,"href":"https:\/\/stylingagenten.com\/sv\/wp-json\/wp\/v2\/product_brand?post=15848"},{"taxonomy":"product_cat","embeddable":true,"href":"https:\/\/stylingagenten.com\/sv\/wp-json\/wp\/v2\/product_cat?post=15848"},{"taxonomy":"product_tag","embeddable":true,"href":"https:\/\/stylingagenten.com\/sv\/wp-json\/wp\/v2\/product_tag?post=15848"},{"taxonomy":"berocket_brand","embeddable":true,"href":"https:\/\/stylingagenten.com\/sv\/wp-json\/wp\/v2\/berocket_brand?post=15848"}],"curies":[{"name":"wp","href":"https:\/\/api.w.org\/{rel}","templated":true}]}}