{"id":15837,"date":"2025-01-24T11:56:34","date_gmt":"2025-01-24T11:56:34","guid":{"rendered":"https:\/\/staging2.stylingagenten.com\/sv\/produkt\/old-spice-whitewater-after-shave-lotion-100ml\/"},"modified":"2026-04-13T07:10:52","modified_gmt":"2026-04-13T07:10:52","slug":"old-spice-whitewater-after-shave-lotion-100ml","status":"publish","type":"product","link":"https:\/\/stylingagenten.com\/sv\/produkt\/old-spice-whitewater-after-shave-lotion-100ml\/","title":{"rendered":"Old Spice Whitewater After Shave Lotion 100ml"},"content":{"rendered":"<p>Old Spice Whitewater After Shave Lotion 100ml<br \/>Lugnar huden efter rakning och ger den en h\u00e4rlig doft fr\u00e5n samma kollektion. After shave-v\u00e5rden Old Spice Whitewater After Shave Lotion \u00e4r perfekt f\u00f6r en modern man som gillar att ta hand om sig sj\u00e4lv.<\/p>\n","protected":false},"excerpt":{"rendered":"<p>Old Spice Whitewater After Shave Lotion 100mlLugnar huden efter rakning och ger den en h\u00e4rlig doft fr\u00e5n samma kollektion. After shave-v\u00e5rden Old Spice Whitewater After Shave Lotion \u00e4r perfekt f\u00f6r en modern man som gillar att ta hand om sig sj\u00e4lv.<\/p>\n","protected":false},"featured_media":15835,"comment_status":"open","ping_status":"closed","template":"","meta":{"_trash_the_other_posts":false},"product_brand":[],"product_cat":[689],"product_tag":[],"berocket_brand":[1258],"class_list":{"0":"post-15837","1":"product","2":"type-product","3":"status-publish","4":"has-post-thumbnail","6":"product_cat-aftershave","7":"pa_brand-old-spice","8":"berocket_brand-old-spice","10":"first","11":"instock","12":"sale","13":"taxable","14":"shipping-taxable","15":"purchasable","16":"product-type-simple"},"_links":{"self":[{"href":"https:\/\/stylingagenten.com\/sv\/wp-json\/wp\/v2\/product\/15837","targetHints":{"allow":["GET"]}}],"collection":[{"href":"https:\/\/stylingagenten.com\/sv\/wp-json\/wp\/v2\/product"}],"about":[{"href":"https:\/\/stylingagenten.com\/sv\/wp-json\/wp\/v2\/types\/product"}],"replies":[{"embeddable":true,"href":"https:\/\/stylingagenten.com\/sv\/wp-json\/wp\/v2\/comments?post=15837"}],"version-history":[{"count":0,"href":"https:\/\/stylingagenten.com\/sv\/wp-json\/wp\/v2\/product\/15837\/revisions"}],"wp:featuredmedia":[{"embeddable":true,"href":"https:\/\/stylingagenten.com\/sv\/wp-json\/wp\/v2\/media\/15835"}],"wp:attachment":[{"href":"https:\/\/stylingagenten.com\/sv\/wp-json\/wp\/v2\/media?parent=15837"}],"wp:term":[{"taxonomy":"product_brand","embeddable":true,"href":"https:\/\/stylingagenten.com\/sv\/wp-json\/wp\/v2\/product_brand?post=15837"},{"taxonomy":"product_cat","embeddable":true,"href":"https:\/\/stylingagenten.com\/sv\/wp-json\/wp\/v2\/product_cat?post=15837"},{"taxonomy":"product_tag","embeddable":true,"href":"https:\/\/stylingagenten.com\/sv\/wp-json\/wp\/v2\/product_tag?post=15837"},{"taxonomy":"berocket_brand","embeddable":true,"href":"https:\/\/stylingagenten.com\/sv\/wp-json\/wp\/v2\/berocket_brand?post=15837"}],"curies":[{"name":"wp","href":"https:\/\/api.w.org\/{rel}","templated":true}]}}