{"id":15795,"date":"2025-01-24T11:56:24","date_gmt":"2025-01-24T11:56:24","guid":{"rendered":"https:\/\/staging2.stylingagenten.com\/sv\/produkt\/kokie-doubletime-full-cover-concealer-108-deep-tan\/"},"modified":"2025-12-18T21:51:23","modified_gmt":"2025-12-18T21:51:23","slug":"kokie-doubletime-full-cover-concealer-108-deep-tan","status":"publish","type":"product","link":"https:\/\/stylingagenten.com\/sv\/produkt\/kokie-doubletime-full-cover-concealer-108-deep-tan\/","title":{"rendered":"Kokie Doubletime Full Cover Concealer &#8211; 108 Deep Tan"},"content":{"rendered":"<p>Kokie Doubletime Full Coverage Concealer \u00e4r utformad f\u00f6r att ge dig full t\u00e4ckning, kamouflera imperfektioner och ge dig en str\u00e5lande, picture-perfect finish! Med sin avancerade formula och stora applikator med doe foot-design erbjuder den \u00f6verl\u00e4gsen t\u00e4ckning och enkel applicering. Dess rika och kr\u00e4miga textur blandar sig s\u00f6ml\u00f6st in i din hud och d\u00f6ljer effektivt oj\u00e4mnheter, m\u00f6rka cirklar, rodnad och missf\u00e4rgningar. Concealern ger inte bara exceptionell t\u00e4ckning, den har ocks\u00e5 en l\u00e5ngvarig, smudge-proof formula som s\u00e4kerst\u00e4ller att din look f\u00f6rblir intakt under hela dagen.<\/p>\n<p><em>\u2022 L\u00e5ngvarig<br \/>\u2022 Full t\u00e4ckning<br \/>\u2022 Smudge-proof formula<\/em><\/p>\n","protected":false},"excerpt":{"rendered":"<p>Kokie Doubletime Full Coverage Concealer \u00e4r utformad f\u00f6r att ge dig full t\u00e4ckning, kamouflera imperfektioner och ge dig en str\u00e5lande, picture-perfect finish! Med sin avancerade formula och stora applikator med doe foot-design erbjuder den \u00f6verl\u00e4gsen t\u00e4ckning och enkel applicering. Dess rika och kr\u00e4miga textur blandar sig s\u00f6ml\u00f6st in i din hud och d\u00f6ljer effektivt oj\u00e4mnheter, [&hellip;]<\/p>\n","protected":false},"featured_media":15786,"comment_status":"open","ping_status":"closed","template":"","meta":{"_trash_the_other_posts":false},"product_brand":[],"product_cat":[567,1005],"product_tag":[3229],"berocket_brand":[1198],"class_list":{"0":"post-15795","1":"product","2":"type-product","3":"status-publish","4":"has-post-thumbnail","6":"product_cat-concealer","7":"product_cat-outlet","8":"product_tag-kokie-doubletime-full-cover-concealer","9":"pa_brand-kokie-cosmetics","10":"pa_variant-108-deep-tan","11":"berocket_brand-kokie-cosmetics","13":"first","14":"instock","15":"sale","16":"taxable","17":"shipping-taxable","18":"purchasable","19":"product-type-simple"},"_links":{"self":[{"href":"https:\/\/stylingagenten.com\/sv\/wp-json\/wp\/v2\/product\/15795","targetHints":{"allow":["GET"]}}],"collection":[{"href":"https:\/\/stylingagenten.com\/sv\/wp-json\/wp\/v2\/product"}],"about":[{"href":"https:\/\/stylingagenten.com\/sv\/wp-json\/wp\/v2\/types\/product"}],"replies":[{"embeddable":true,"href":"https:\/\/stylingagenten.com\/sv\/wp-json\/wp\/v2\/comments?post=15795"}],"version-history":[{"count":0,"href":"https:\/\/stylingagenten.com\/sv\/wp-json\/wp\/v2\/product\/15795\/revisions"}],"wp:featuredmedia":[{"embeddable":true,"href":"https:\/\/stylingagenten.com\/sv\/wp-json\/wp\/v2\/media\/15786"}],"wp:attachment":[{"href":"https:\/\/stylingagenten.com\/sv\/wp-json\/wp\/v2\/media?parent=15795"}],"wp:term":[{"taxonomy":"product_brand","embeddable":true,"href":"https:\/\/stylingagenten.com\/sv\/wp-json\/wp\/v2\/product_brand?post=15795"},{"taxonomy":"product_cat","embeddable":true,"href":"https:\/\/stylingagenten.com\/sv\/wp-json\/wp\/v2\/product_cat?post=15795"},{"taxonomy":"product_tag","embeddable":true,"href":"https:\/\/stylingagenten.com\/sv\/wp-json\/wp\/v2\/product_tag?post=15795"},{"taxonomy":"berocket_brand","embeddable":true,"href":"https:\/\/stylingagenten.com\/sv\/wp-json\/wp\/v2\/berocket_brand?post=15795"}],"curies":[{"name":"wp","href":"https:\/\/api.w.org\/{rel}","templated":true}]}}