{"id":15703,"date":"2025-01-24T11:56:03","date_gmt":"2025-01-24T11:56:03","guid":{"rendered":"https:\/\/staging2.stylingagenten.com\/sv\/produkt\/lacoste-l-12-12-blanc-eau-intense-edt-50ml\/"},"modified":"2026-03-21T14:47:24","modified_gmt":"2026-03-21T14:47:24","slug":"lacoste-l-12-12-blanc-eau-intense-edt-50ml","status":"publish","type":"product","link":"https:\/\/stylingagenten.com\/sv\/produkt\/lacoste-l-12-12-blanc-eau-intense-edt-50ml\/","title":{"rendered":"Lacoste L.12.12 Blanc Eau Intense Edt 50ml"},"content":{"rendered":"<p>Upplev den oemotst\u00e5ndliga fr\u00e4schheten i Lacoste L.12.12 Blanc Eau Intense. Skapa dina egna regler och var dig sj\u00e4lv med Lacoste Eau de Toilette Intense.<\/p>\n<p>Denna intensiva och friska herrdoft kombinerar saftig mandarin och lavendel, som framh\u00e4vs av en varmt doftackord av vitt l\u00e4der och vetiver. Kontrasten mellan det varma och det kalla ger denna maskulina foug\u00e8re-doft sin helt unika elegans.<\/p>\n<p>Flaskans skiftande f\u00e4rger anspelar p\u00e5 doftens styrka medan formen, den lilla pik\u00e9-graveringen och den broderade krokodilen f\u00f6r tankarna till den ikoniska pik\u00e9tr\u00f6jan designad av Ren\u00e9 Lacoste. Han revolutionerade sportstilen och omdefinierade reglerna genom att kombinera elegans, sj\u00e4lvs\u00e4kerhet och dynamik. Som en hyllning till hans rebelliska stil ger L.12.12 Blanc Eau Intense alla m\u00f6jligheten att visa sin unika maskulinitet genom att b\u00e4ra doften \u2013 precis som en Lacoste-pik\u00e9.<\/p>\n<p>Lacoste L.12.12 Blanc Eau Intense Eau de Toilette for Men: Fr\u00e5n pik\u00e9tr\u00f6jan till doften.<\/p>\n","protected":false},"excerpt":{"rendered":"<p>Upplev den oemotst\u00e5ndliga fr\u00e4schheten i Lacoste L.12.12 Blanc Eau Intense. Skapa dina egna regler och var dig sj\u00e4lv med Lacoste Eau de Toilette Intense. Denna intensiva och friska herrdoft kombinerar saftig mandarin och lavendel, som framh\u00e4vs av en varmt doftackord av vitt l\u00e4der och vetiver. Kontrasten mellan det varma och det kalla ger denna maskulina [&hellip;]<\/p>\n","protected":false},"featured_media":15691,"comment_status":"open","ping_status":"closed","template":"","meta":{"_trash_the_other_posts":false},"product_brand":[],"product_cat":[709,735,1000],"product_tag":[3265],"berocket_brand":[1066],"class_list":{"0":"post-15703","1":"product","2":"type-product","3":"status-publish","4":"has-post-thumbnail","6":"product_cat-eau-de-toilette-herr","7":"product_cat-kampanj","8":"product_cat-kampanj-for-honom","9":"product_tag-lacoste-l-12-12-blanc-eau-intense-edt","10":"pa_brand-lacoste","11":"pa_variant-50ml","12":"berocket_brand-lacoste","14":"first","15":"outofstock","16":"sale","17":"taxable","18":"shipping-taxable","19":"purchasable","20":"product-type-simple"},"_links":{"self":[{"href":"https:\/\/stylingagenten.com\/sv\/wp-json\/wp\/v2\/product\/15703","targetHints":{"allow":["GET"]}}],"collection":[{"href":"https:\/\/stylingagenten.com\/sv\/wp-json\/wp\/v2\/product"}],"about":[{"href":"https:\/\/stylingagenten.com\/sv\/wp-json\/wp\/v2\/types\/product"}],"replies":[{"embeddable":true,"href":"https:\/\/stylingagenten.com\/sv\/wp-json\/wp\/v2\/comments?post=15703"}],"version-history":[{"count":0,"href":"https:\/\/stylingagenten.com\/sv\/wp-json\/wp\/v2\/product\/15703\/revisions"}],"wp:featuredmedia":[{"embeddable":true,"href":"https:\/\/stylingagenten.com\/sv\/wp-json\/wp\/v2\/media\/15691"}],"wp:attachment":[{"href":"https:\/\/stylingagenten.com\/sv\/wp-json\/wp\/v2\/media?parent=15703"}],"wp:term":[{"taxonomy":"product_brand","embeddable":true,"href":"https:\/\/stylingagenten.com\/sv\/wp-json\/wp\/v2\/product_brand?post=15703"},{"taxonomy":"product_cat","embeddable":true,"href":"https:\/\/stylingagenten.com\/sv\/wp-json\/wp\/v2\/product_cat?post=15703"},{"taxonomy":"product_tag","embeddable":true,"href":"https:\/\/stylingagenten.com\/sv\/wp-json\/wp\/v2\/product_tag?post=15703"},{"taxonomy":"berocket_brand","embeddable":true,"href":"https:\/\/stylingagenten.com\/sv\/wp-json\/wp\/v2\/berocket_brand?post=15703"}],"curies":[{"name":"wp","href":"https:\/\/api.w.org\/{rel}","templated":true}]}}