{"id":15643,"date":"2025-01-24T11:55:50","date_gmt":"2025-01-24T11:55:50","guid":{"rendered":"https:\/\/staging2.stylingagenten.com\/sv\/produkt\/david-beckham-classic-edt-100ml\/"},"modified":"2026-04-14T09:52:23","modified_gmt":"2026-04-14T09:52:23","slug":"david-beckham-classic-edt-100ml","status":"publish","type":"product","link":"https:\/\/stylingagenten.com\/sv\/produkt\/david-beckham-classic-edt-100ml\/","title":{"rendered":"David Beckham Classic Edt 100ml"},"content":{"rendered":"<p>David Beckham Fragrances presenterar Classic &#8211; en tidl\u00f6s Eau de Toilette for Men med en elegant twist. Doften \u00e4r inspirerad av David Beckhams respekt f\u00f6r klassikerna, och den \u00e4r perfekt f\u00f6r alla tillf\u00e4llen. Denna fr\u00e4scha herrdoft av amber och tr\u00e4 \u00f6ppnar med en explosion av fr\u00e4schhet: En sprudlande gin tonic-not kombinerat med galbanum och lime. Den friska och samtidigt kryddiga hj\u00e4rtnoten av cypress, muskotn\u00f6t och myntablad glider \u00f6ver i en raffinerad signatur av varma tr\u00e4noter och beroendeframkallande amber. Den cylinderformade flaskan \u00e4r utsmyckad med ett vackert fiskbensm\u00f6nster och den eleganta, silverf\u00e4rgade korken ger designen p\u00e5 denna David Beckham Eau de Toilette ett modernt och maskulint drag. Classic Collection \u00e4r en oemotst\u00e5ndlig tolkning av klassikernas styrka: Varje doft \u00e4r skapad med noga utvalda ingredienser som har bevisat sitt v\u00e4rde genom tiderna<\/p>\n","protected":false},"excerpt":{"rendered":"<p>David Beckham Fragrances presenterar Classic &#8211; en tidl\u00f6s Eau de Toilette for Men med en elegant twist. Doften \u00e4r inspirerad av David Beckhams respekt f\u00f6r klassikerna, och den \u00e4r perfekt f\u00f6r alla tillf\u00e4llen. Denna fr\u00e4scha herrdoft av amber och tr\u00e4 \u00f6ppnar med en explosion av fr\u00e4schhet: En sprudlande gin tonic-not kombinerat med galbanum och lime. [&hellip;]<\/p>\n","protected":false},"featured_media":15634,"comment_status":"open","ping_status":"closed","template":"","meta":{"_trash_the_other_posts":false},"product_brand":[],"product_cat":[709,735,1000],"product_tag":[2791],"berocket_brand":[1281],"class_list":{"0":"post-15643","1":"product","2":"type-product","3":"status-publish","4":"has-post-thumbnail","6":"product_cat-eau-de-toilette-herr","7":"product_cat-kampanj","8":"product_cat-kampanj-for-honom","9":"product_tag-david-beckham-classic-edt","10":"pa_brand-david-beckham","11":"pa_variant-100ml","12":"berocket_brand-david-beckham","14":"first","15":"instock","16":"sale","17":"taxable","18":"shipping-taxable","19":"purchasable","20":"product-type-simple"},"_links":{"self":[{"href":"https:\/\/stylingagenten.com\/sv\/wp-json\/wp\/v2\/product\/15643","targetHints":{"allow":["GET"]}}],"collection":[{"href":"https:\/\/stylingagenten.com\/sv\/wp-json\/wp\/v2\/product"}],"about":[{"href":"https:\/\/stylingagenten.com\/sv\/wp-json\/wp\/v2\/types\/product"}],"replies":[{"embeddable":true,"href":"https:\/\/stylingagenten.com\/sv\/wp-json\/wp\/v2\/comments?post=15643"}],"version-history":[{"count":0,"href":"https:\/\/stylingagenten.com\/sv\/wp-json\/wp\/v2\/product\/15643\/revisions"}],"wp:featuredmedia":[{"embeddable":true,"href":"https:\/\/stylingagenten.com\/sv\/wp-json\/wp\/v2\/media\/15634"}],"wp:attachment":[{"href":"https:\/\/stylingagenten.com\/sv\/wp-json\/wp\/v2\/media?parent=15643"}],"wp:term":[{"taxonomy":"product_brand","embeddable":true,"href":"https:\/\/stylingagenten.com\/sv\/wp-json\/wp\/v2\/product_brand?post=15643"},{"taxonomy":"product_cat","embeddable":true,"href":"https:\/\/stylingagenten.com\/sv\/wp-json\/wp\/v2\/product_cat?post=15643"},{"taxonomy":"product_tag","embeddable":true,"href":"https:\/\/stylingagenten.com\/sv\/wp-json\/wp\/v2\/product_tag?post=15643"},{"taxonomy":"berocket_brand","embeddable":true,"href":"https:\/\/stylingagenten.com\/sv\/wp-json\/wp\/v2\/berocket_brand?post=15643"}],"curies":[{"name":"wp","href":"https:\/\/api.w.org\/{rel}","templated":true}]}}