{"id":15629,"date":"2025-01-24T11:55:47","date_gmt":"2025-01-24T11:55:47","guid":{"rendered":"https:\/\/staging2.stylingagenten.com\/sv\/produkt\/paco-rabanne-olympea-blossom-edp-50ml\/"},"modified":"2026-04-08T07:08:28","modified_gmt":"2026-04-08T07:08:28","slug":"paco-rabanne-olympea-blossom-edp-50ml","status":"publish","type":"product","link":"https:\/\/stylingagenten.com\/sv\/produkt\/paco-rabanne-olympea-blossom-edp-50ml\/","title":{"rendered":"Paco Rabanne Olymp\u00e9a Blossom Edp 50ml"},"content":{"rendered":"<p>Paco Rabanne introducerar en ny upplevelse av femininet med Olymp\u00e9a Blossom Eau de Parfum, en fruktig floraldoft som symboliserar ov\u00e4ntad sensualitet. En gudomlig duell mellan uppfriskande blomblad och djup sensualitet. Doften \u00f6ppnar upp med en het bris av fr\u00e4scha rosor och svartvinb\u00e4rssorbet som m\u00f6ter kryddiga noter och frostat p\u00e4ron i hj\u00e4rtat. Friskheten fr\u00e5n blomman s\u00e4tts i en het kontrast mot ljuv vanilj som blandas samman med kashmirtr\u00e4. Ett doftsp\u00e5r av mysk f\u00f6rst\u00e4rker och g\u00f6r att doften h\u00e5ller l\u00e4nge och skapar magi p\u00e5 din hud.<br \/>Doftfamilj: chypre floral<br \/>Toppnot: ros\u00e9peppar, ros<br \/>Hj\u00e4rtnot: p\u00e4ron, svartvinb\u00e4rssorbet<br \/>Basnot: vanilj, kashmirtr\u00e4<\/p>\n","protected":false},"excerpt":{"rendered":"<p>Paco Rabanne introducerar en ny upplevelse av femininet med Olymp\u00e9a Blossom Eau de Parfum, en fruktig floraldoft som symboliserar ov\u00e4ntad sensualitet. En gudomlig duell mellan uppfriskande blomblad och djup sensualitet. Doften \u00f6ppnar upp med en het bris av fr\u00e4scha rosor och svartvinb\u00e4rssorbet som m\u00f6ter kryddiga noter och frostat p\u00e4ron i hj\u00e4rtat. Friskheten fr\u00e5n blomman s\u00e4tts [&hellip;]<\/p>\n","protected":false},"featured_media":15620,"comment_status":"open","ping_status":"closed","template":"","meta":{"_trash_the_other_posts":false},"product_brand":[],"product_cat":[706,735,999,1006],"product_tag":[3869],"berocket_brand":[1048],"class_list":{"0":"post-15629","1":"product","2":"type-product","3":"status-publish","4":"has-post-thumbnail","6":"product_cat-eau-de-parfum-dam","7":"product_cat-kampanj","8":"product_cat-kampanj-for-henne","9":"product_cat-kampanjpris","10":"product_tag-paco-rabanne-olympea-blossom-edp","11":"pa_brand-paco-rabanne","12":"pa_variant-50ml","13":"berocket_brand-paco-rabanne","15":"first","16":"outofstock","17":"sale","18":"taxable","19":"shipping-taxable","20":"purchasable","21":"product-type-simple"},"_links":{"self":[{"href":"https:\/\/stylingagenten.com\/sv\/wp-json\/wp\/v2\/product\/15629","targetHints":{"allow":["GET"]}}],"collection":[{"href":"https:\/\/stylingagenten.com\/sv\/wp-json\/wp\/v2\/product"}],"about":[{"href":"https:\/\/stylingagenten.com\/sv\/wp-json\/wp\/v2\/types\/product"}],"replies":[{"embeddable":true,"href":"https:\/\/stylingagenten.com\/sv\/wp-json\/wp\/v2\/comments?post=15629"}],"version-history":[{"count":0,"href":"https:\/\/stylingagenten.com\/sv\/wp-json\/wp\/v2\/product\/15629\/revisions"}],"wp:featuredmedia":[{"embeddable":true,"href":"https:\/\/stylingagenten.com\/sv\/wp-json\/wp\/v2\/media\/15620"}],"wp:attachment":[{"href":"https:\/\/stylingagenten.com\/sv\/wp-json\/wp\/v2\/media?parent=15629"}],"wp:term":[{"taxonomy":"product_brand","embeddable":true,"href":"https:\/\/stylingagenten.com\/sv\/wp-json\/wp\/v2\/product_brand?post=15629"},{"taxonomy":"product_cat","embeddable":true,"href":"https:\/\/stylingagenten.com\/sv\/wp-json\/wp\/v2\/product_cat?post=15629"},{"taxonomy":"product_tag","embeddable":true,"href":"https:\/\/stylingagenten.com\/sv\/wp-json\/wp\/v2\/product_tag?post=15629"},{"taxonomy":"berocket_brand","embeddable":true,"href":"https:\/\/stylingagenten.com\/sv\/wp-json\/wp\/v2\/berocket_brand?post=15629"}],"curies":[{"name":"wp","href":"https:\/\/api.w.org\/{rel}","templated":true}]}}