{"id":15579,"date":"2025-01-24T11:55:35","date_gmt":"2025-01-24T11:55:35","guid":{"rendered":"https:\/\/staging2.stylingagenten.com\/sv\/produkt\/makeup-revolution-pro-lustre-blusher-peach\/"},"modified":"2026-04-09T14:48:28","modified_gmt":"2026-04-09T14:48:28","slug":"makeup-revolution-pro-lustre-blusher-peach","status":"publish","type":"product","link":"https:\/\/stylingagenten.com\/sv\/produkt\/makeup-revolution-pro-lustre-blusher-peach\/","title":{"rendered":"Makeup Revolution PRO Lustre Blusher &#8211; Peach"},"content":{"rendered":"<p>Makeup Revolution PRO Lustre Blusher &#8211; Peach <br \/>Uts\u00f6kt smink \u00e4r om\u00f6jligt att f\u00f6rest\u00e4lla sig utan ett elegant skimmer som kompletterar looken med l\u00e4tthet och k\u00e4nslighet. F\u00f6r att f\u00e5 jobbet gjort utan att \u00f6verbelasta din makeup med f\u00f6r m\u00e5nga pigment, ta en n\u00e4rmare titt p\u00e5 Powder Blush Luster Blusher fr\u00e5n Revolution Pro! Den silkeslena konsistensen t\u00e4cker huden j\u00e4mnt med ett tunt lager, maskerar noggrant mindre brister, betonar positivt utseendets egenskaper, modellerar ansiktet. Blush med en glanseffekt betonar naturligheten i den valda looken och berikar den med tusentals ljusreflekterande mikropartiklar. Den dekorativa produkten dissonerar inte med andra typer av kosmetika, gl\u00e4djer med \u00f6kad h\u00e5llbarhet och anv\u00e4ndarv\u00e4nlighet &#8211; den anpassar sig s\u00f6ml\u00f6st till olika applikatorer, konsumeras l\u00e5ngsamt och smulas inte under dagen.<\/p>\n","protected":false},"excerpt":{"rendered":"<p>Makeup Revolution PRO Lustre Blusher &#8211; Peach Uts\u00f6kt smink \u00e4r om\u00f6jligt att f\u00f6rest\u00e4lla sig utan ett elegant skimmer som kompletterar looken med l\u00e4tthet och k\u00e4nslighet. F\u00f6r att f\u00e5 jobbet gjort utan att \u00f6verbelasta din makeup med f\u00f6r m\u00e5nga pigment, ta en n\u00e4rmare titt p\u00e5 Powder Blush Luster Blusher fr\u00e5n Revolution Pro! Den silkeslena konsistensen t\u00e4cker [&hellip;]<\/p>\n","protected":false},"featured_media":15575,"comment_status":"open","ping_status":"closed","template":"","meta":{"_trash_the_other_posts":false},"product_brand":[],"product_cat":[613],"product_tag":[],"berocket_brand":[1050],"class_list":{"0":"post-15579","1":"product","2":"type-product","3":"status-publish","4":"has-post-thumbnail","6":"product_cat-rouge","7":"pa_brand-makeup-revolution","8":"berocket_brand-makeup-revolution","10":"first","11":"instock","12":"sale","13":"taxable","14":"shipping-taxable","15":"purchasable","16":"product-type-simple"},"_links":{"self":[{"href":"https:\/\/stylingagenten.com\/sv\/wp-json\/wp\/v2\/product\/15579","targetHints":{"allow":["GET"]}}],"collection":[{"href":"https:\/\/stylingagenten.com\/sv\/wp-json\/wp\/v2\/product"}],"about":[{"href":"https:\/\/stylingagenten.com\/sv\/wp-json\/wp\/v2\/types\/product"}],"replies":[{"embeddable":true,"href":"https:\/\/stylingagenten.com\/sv\/wp-json\/wp\/v2\/comments?post=15579"}],"version-history":[{"count":0,"href":"https:\/\/stylingagenten.com\/sv\/wp-json\/wp\/v2\/product\/15579\/revisions"}],"wp:featuredmedia":[{"embeddable":true,"href":"https:\/\/stylingagenten.com\/sv\/wp-json\/wp\/v2\/media\/15575"}],"wp:attachment":[{"href":"https:\/\/stylingagenten.com\/sv\/wp-json\/wp\/v2\/media?parent=15579"}],"wp:term":[{"taxonomy":"product_brand","embeddable":true,"href":"https:\/\/stylingagenten.com\/sv\/wp-json\/wp\/v2\/product_brand?post=15579"},{"taxonomy":"product_cat","embeddable":true,"href":"https:\/\/stylingagenten.com\/sv\/wp-json\/wp\/v2\/product_cat?post=15579"},{"taxonomy":"product_tag","embeddable":true,"href":"https:\/\/stylingagenten.com\/sv\/wp-json\/wp\/v2\/product_tag?post=15579"},{"taxonomy":"berocket_brand","embeddable":true,"href":"https:\/\/stylingagenten.com\/sv\/wp-json\/wp\/v2\/berocket_brand?post=15579"}],"curies":[{"name":"wp","href":"https:\/\/api.w.org\/{rel}","templated":true}]}}