{"id":15577,"date":"2025-01-24T11:55:35","date_gmt":"2025-01-24T11:55:35","guid":{"rendered":"https:\/\/staging2.stylingagenten.com\/sv\/produkt\/makeup-revolution-pro-rockstar-shadow-palette-noir-edition\/"},"modified":"2025-12-18T21:52:47","modified_gmt":"2025-12-18T21:52:47","slug":"makeup-revolution-pro-rockstar-shadow-palette-noir-edition","status":"publish","type":"product","link":"https:\/\/stylingagenten.com\/sv\/produkt\/makeup-revolution-pro-rockstar-shadow-palette-noir-edition\/","title":{"rendered":"Makeup Revolution PRO Rockstar Shadow Palette Noir Edition"},"content":{"rendered":"<p>K\u00e4nn dig som en riktig rockstj\u00e4rna! Revolution PRO Rockstar Eyeshadow Palette l\u00e5ter dig skapa en fantastisk \u00f6gonmakeup och prova de mest sofistikerade och sofistikerade glamor\u00f6sa lookerna! Paletten har de mest unika nyanserna, inklusive sm\u00f6rmjuka rosa och nakenf\u00e4rger, samt skimrande koppar och brunt. Med denna lyxiga palett \u00e4r du fri att experimentera med smink till ditt hj\u00e4rta och skapa en m\u00e4ngd olika trendiga looks varje dag!<\/p>\n","protected":false},"excerpt":{"rendered":"<p>K\u00e4nn dig som en riktig rockstj\u00e4rna! Revolution PRO Rockstar Eyeshadow Palette l\u00e5ter dig skapa en fantastisk \u00f6gonmakeup och prova de mest sofistikerade och sofistikerade glamor\u00f6sa lookerna! Paletten har de mest unika nyanserna, inklusive sm\u00f6rmjuka rosa och nakenf\u00e4rger, samt skimrande koppar och brunt. Med denna lyxiga palett \u00e4r du fri att experimentera med smink till ditt [&hellip;]<\/p>\n","protected":false},"featured_media":15573,"comment_status":"open","ping_status":"closed","template":"","meta":{"_trash_the_other_posts":false},"product_brand":[],"product_cat":[581],"product_tag":[],"berocket_brand":[1050],"class_list":{"0":"post-15577","1":"product","2":"type-product","3":"status-publish","4":"has-post-thumbnail","6":"product_cat-ogonskugga","7":"pa_brand-makeup-revolution","8":"berocket_brand-makeup-revolution","10":"first","11":"instock","12":"sale","13":"taxable","14":"shipping-taxable","15":"purchasable","16":"product-type-simple"},"_links":{"self":[{"href":"https:\/\/stylingagenten.com\/sv\/wp-json\/wp\/v2\/product\/15577","targetHints":{"allow":["GET"]}}],"collection":[{"href":"https:\/\/stylingagenten.com\/sv\/wp-json\/wp\/v2\/product"}],"about":[{"href":"https:\/\/stylingagenten.com\/sv\/wp-json\/wp\/v2\/types\/product"}],"replies":[{"embeddable":true,"href":"https:\/\/stylingagenten.com\/sv\/wp-json\/wp\/v2\/comments?post=15577"}],"version-history":[{"count":0,"href":"https:\/\/stylingagenten.com\/sv\/wp-json\/wp\/v2\/product\/15577\/revisions"}],"wp:featuredmedia":[{"embeddable":true,"href":"https:\/\/stylingagenten.com\/sv\/wp-json\/wp\/v2\/media\/15573"}],"wp:attachment":[{"href":"https:\/\/stylingagenten.com\/sv\/wp-json\/wp\/v2\/media?parent=15577"}],"wp:term":[{"taxonomy":"product_brand","embeddable":true,"href":"https:\/\/stylingagenten.com\/sv\/wp-json\/wp\/v2\/product_brand?post=15577"},{"taxonomy":"product_cat","embeddable":true,"href":"https:\/\/stylingagenten.com\/sv\/wp-json\/wp\/v2\/product_cat?post=15577"},{"taxonomy":"product_tag","embeddable":true,"href":"https:\/\/stylingagenten.com\/sv\/wp-json\/wp\/v2\/product_tag?post=15577"},{"taxonomy":"berocket_brand","embeddable":true,"href":"https:\/\/stylingagenten.com\/sv\/wp-json\/wp\/v2\/berocket_brand?post=15577"}],"curies":[{"name":"wp","href":"https:\/\/api.w.org\/{rel}","templated":true}]}}