{"id":15570,"date":"2025-01-24T11:55:33","date_gmt":"2025-01-24T11:55:33","guid":{"rendered":"https:\/\/staging2.stylingagenten.com\/sv\/produkt\/makeup-revolution-pro-cc-perfecting-pressed-powder-beige\/"},"modified":"2025-12-27T07:26:40","modified_gmt":"2025-12-27T07:26:40","slug":"makeup-revolution-pro-cc-perfecting-pressed-powder-beige","status":"publish","type":"product","link":"https:\/\/stylingagenten.com\/sv\/produkt\/makeup-revolution-pro-cc-perfecting-pressed-powder-beige\/","title":{"rendered":"Makeup Revolution PRO CC Perfecting Pressed Powder &#8211; Beige"},"content":{"rendered":"<p>Pro CC Perfecting Pressed Powder med \u00e5terfuktande hyaluronsyra och v\u00e5rdande antioxidanter ger din hud en h\u00e4rlig k\u00e4nsla. Det fina pudret sm\u00e4lter in i hyn och ger en l\u00e4tt t\u00e4ckning, samtidigt som makeupen f\u00f6rblir fixerad.<\/p>\n","protected":false},"excerpt":{"rendered":"<p>Pro CC Perfecting Pressed Powder med \u00e5terfuktande hyaluronsyra och v\u00e5rdande antioxidanter ger din hud en h\u00e4rlig k\u00e4nsla. Det fina pudret sm\u00e4lter in i hyn och ger en l\u00e4tt t\u00e4ckning, samtidigt som makeupen f\u00f6rblir fixerad.<\/p>\n","protected":false},"featured_media":15567,"comment_status":"open","ping_status":"closed","template":"","meta":{"_trash_the_other_posts":false},"product_brand":[],"product_cat":[606],"product_tag":[3449],"berocket_brand":[1050],"class_list":{"0":"post-15570","1":"product","2":"type-product","3":"status-publish","4":"has-post-thumbnail","6":"product_cat-puder","7":"product_tag-makeup-revolution-pro-cc-perfecting-pressed-powder","8":"pa_brand-makeup-revolution","9":"pa_variant-beige","10":"berocket_brand-makeup-revolution","12":"first","13":"instock","14":"sale","15":"taxable","16":"shipping-taxable","17":"purchasable","18":"product-type-simple"},"_links":{"self":[{"href":"https:\/\/stylingagenten.com\/sv\/wp-json\/wp\/v2\/product\/15570","targetHints":{"allow":["GET"]}}],"collection":[{"href":"https:\/\/stylingagenten.com\/sv\/wp-json\/wp\/v2\/product"}],"about":[{"href":"https:\/\/stylingagenten.com\/sv\/wp-json\/wp\/v2\/types\/product"}],"replies":[{"embeddable":true,"href":"https:\/\/stylingagenten.com\/sv\/wp-json\/wp\/v2\/comments?post=15570"}],"version-history":[{"count":0,"href":"https:\/\/stylingagenten.com\/sv\/wp-json\/wp\/v2\/product\/15570\/revisions"}],"wp:featuredmedia":[{"embeddable":true,"href":"https:\/\/stylingagenten.com\/sv\/wp-json\/wp\/v2\/media\/15567"}],"wp:attachment":[{"href":"https:\/\/stylingagenten.com\/sv\/wp-json\/wp\/v2\/media?parent=15570"}],"wp:term":[{"taxonomy":"product_brand","embeddable":true,"href":"https:\/\/stylingagenten.com\/sv\/wp-json\/wp\/v2\/product_brand?post=15570"},{"taxonomy":"product_cat","embeddable":true,"href":"https:\/\/stylingagenten.com\/sv\/wp-json\/wp\/v2\/product_cat?post=15570"},{"taxonomy":"product_tag","embeddable":true,"href":"https:\/\/stylingagenten.com\/sv\/wp-json\/wp\/v2\/product_tag?post=15570"},{"taxonomy":"berocket_brand","embeddable":true,"href":"https:\/\/stylingagenten.com\/sv\/wp-json\/wp\/v2\/berocket_brand?post=15570"}],"curies":[{"name":"wp","href":"https:\/\/api.w.org\/{rel}","templated":true}]}}