{"id":15524,"date":"2025-01-24T11:55:21","date_gmt":"2025-01-24T11:55:21","guid":{"rendered":"https:\/\/staging2.stylingagenten.com\/sv\/produkt\/goldwell-dualsenses-curls-waves-hydrating-serum-spray-150ml\/"},"modified":"2026-04-02T09:38:30","modified_gmt":"2026-04-02T09:38:30","slug":"goldwell-dualsenses-curls-waves-hydrating-serum-spray-150ml","status":"publish","type":"product","link":"https:\/\/stylingagenten.com\/sv\/produkt\/goldwell-dualsenses-curls-waves-hydrating-serum-spray-150ml\/","title":{"rendered":"Goldwell Dualsenses Curls &amp; Waves Hydrating Serum Spray 150ml"},"content":{"rendered":"<p>Goldwell Curls &amp; Waves Dualsenses Hydrating Serum Spray 150ml<br \/>Leave-in spray f\u00f6r naturligt v\u00e5gigt, lockigt och permanentat h\u00e5r med en blandning av microPROtec complex och mj\u00f6lkprotein. St\u00e4rker och \u00e5terfuktar omedelbart h\u00e5ret och skapar liv i lockarna. Ger perfekt sammah\u00e5llna lockar och kontrollerar frizz. Ger v\u00e4rmeskydd. Skaka v\u00e4l och spraya p\u00e5 handdukstorkat h\u00e5r. Sk\u00f6lj inte ur.<\/p>\n","protected":false},"excerpt":{"rendered":"<p>Goldwell Curls &amp; Waves Dualsenses Hydrating Serum Spray 150mlLeave-in spray f\u00f6r naturligt v\u00e5gigt, lockigt och permanentat h\u00e5r med en blandning av microPROtec complex och mj\u00f6lkprotein. St\u00e4rker och \u00e5terfuktar omedelbart h\u00e5ret och skapar liv i lockarna. Ger perfekt sammah\u00e5llna lockar och kontrollerar frizz. Ger v\u00e4rmeskydd. Skaka v\u00e4l och spraya p\u00e5 handdukstorkat h\u00e5r. Sk\u00f6lj inte ur.<\/p>\n","protected":false},"featured_media":15523,"comment_status":"open","ping_status":"closed","template":"","meta":{"_trash_the_other_posts":false},"product_brand":[],"product_cat":[615],"product_tag":[],"berocket_brand":[1328],"class_list":{"0":"post-15524","1":"product","2":"type-product","3":"status-publish","4":"has-post-thumbnail","6":"product_cat-harserum","7":"pa_brand-goldwell","8":"berocket_brand-goldwell","10":"first","11":"instock","12":"sale","13":"taxable","14":"shipping-taxable","15":"purchasable","16":"product-type-simple"},"_links":{"self":[{"href":"https:\/\/stylingagenten.com\/sv\/wp-json\/wp\/v2\/product\/15524","targetHints":{"allow":["GET"]}}],"collection":[{"href":"https:\/\/stylingagenten.com\/sv\/wp-json\/wp\/v2\/product"}],"about":[{"href":"https:\/\/stylingagenten.com\/sv\/wp-json\/wp\/v2\/types\/product"}],"replies":[{"embeddable":true,"href":"https:\/\/stylingagenten.com\/sv\/wp-json\/wp\/v2\/comments?post=15524"}],"version-history":[{"count":0,"href":"https:\/\/stylingagenten.com\/sv\/wp-json\/wp\/v2\/product\/15524\/revisions"}],"wp:featuredmedia":[{"embeddable":true,"href":"https:\/\/stylingagenten.com\/sv\/wp-json\/wp\/v2\/media\/15523"}],"wp:attachment":[{"href":"https:\/\/stylingagenten.com\/sv\/wp-json\/wp\/v2\/media?parent=15524"}],"wp:term":[{"taxonomy":"product_brand","embeddable":true,"href":"https:\/\/stylingagenten.com\/sv\/wp-json\/wp\/v2\/product_brand?post=15524"},{"taxonomy":"product_cat","embeddable":true,"href":"https:\/\/stylingagenten.com\/sv\/wp-json\/wp\/v2\/product_cat?post=15524"},{"taxonomy":"product_tag","embeddable":true,"href":"https:\/\/stylingagenten.com\/sv\/wp-json\/wp\/v2\/product_tag?post=15524"},{"taxonomy":"berocket_brand","embeddable":true,"href":"https:\/\/stylingagenten.com\/sv\/wp-json\/wp\/v2\/berocket_brand?post=15524"}],"curies":[{"name":"wp","href":"https:\/\/api.w.org\/{rel}","templated":true}]}}