{"id":15511,"date":"2025-01-24T11:55:16","date_gmt":"2025-01-24T11:55:16","guid":{"rendered":"https:\/\/staging2.stylingagenten.com\/sv\/produkt\/neutrogena-blackhead-eliminating-cleansing-toner-200ml\/"},"modified":"2025-11-18T15:50:57","modified_gmt":"2025-11-18T15:50:57","slug":"neutrogena-blackhead-eliminating-cleansing-toner-200ml","status":"publish","type":"product","link":"https:\/\/stylingagenten.com\/sv\/produkt\/neutrogena-blackhead-eliminating-cleansing-toner-200ml\/","title":{"rendered":"Neutrogena Blackhead Eliminating Cleansing Toner 200ml"},"content":{"rendered":"<p>Neutrogena Blackhead Eliminating Cleansing Toner \u00e4r ett ansiktsvatten som reng\u00f6r huden och hj\u00e4lper till att avl\u00e4gsna och f\u00f6rebygga uppkomsten av pormaskar.<br \/>Neutrogenas Blackhead Toner inneh\u00e5ller salicysyra som reng\u00f6r huden p\u00e5 djupet. Ansiktsvattnet \u00e4r kliniskt bevisat att hj\u00e4lpa till att f\u00f6rebygga pormaskar och uppkomsten av nya pormaskar. Har en formula som verkar p\u00e5 djupet f\u00f6r att avl\u00e4gsna orenheter och \u00f6verfl\u00f6dig olja, och g\u00f6ra huden sl\u00e4tare och j\u00e4mnare.<\/p>\n","protected":false},"excerpt":{"rendered":"<p>Neutrogena Blackhead Eliminating Cleansing Toner \u00e4r ett ansiktsvatten som reng\u00f6r huden och hj\u00e4lper till att avl\u00e4gsna och f\u00f6rebygga uppkomsten av pormaskar.Neutrogenas Blackhead Toner inneh\u00e5ller salicysyra som reng\u00f6r huden p\u00e5 djupet. Ansiktsvattnet \u00e4r kliniskt bevisat att hj\u00e4lpa till att f\u00f6rebygga pormaskar och uppkomsten av nya pormaskar. Har en formula som verkar p\u00e5 djupet f\u00f6r att avl\u00e4gsna [&hellip;]<\/p>\n","protected":false},"featured_media":15510,"comment_status":"open","ping_status":"closed","template":"","meta":{"_trash_the_other_posts":false},"product_brand":[],"product_cat":[654],"product_tag":[],"berocket_brand":[1262],"class_list":{"0":"post-15511","1":"product","2":"type-product","3":"status-publish","4":"has-post-thumbnail","6":"product_cat-toner","7":"pa_brand-neutrogena","8":"berocket_brand-neutrogena","10":"first","11":"outofstock","12":"sale","13":"taxable","14":"shipping-taxable","15":"purchasable","16":"product-type-simple"},"_links":{"self":[{"href":"https:\/\/stylingagenten.com\/sv\/wp-json\/wp\/v2\/product\/15511","targetHints":{"allow":["GET"]}}],"collection":[{"href":"https:\/\/stylingagenten.com\/sv\/wp-json\/wp\/v2\/product"}],"about":[{"href":"https:\/\/stylingagenten.com\/sv\/wp-json\/wp\/v2\/types\/product"}],"replies":[{"embeddable":true,"href":"https:\/\/stylingagenten.com\/sv\/wp-json\/wp\/v2\/comments?post=15511"}],"version-history":[{"count":0,"href":"https:\/\/stylingagenten.com\/sv\/wp-json\/wp\/v2\/product\/15511\/revisions"}],"wp:featuredmedia":[{"embeddable":true,"href":"https:\/\/stylingagenten.com\/sv\/wp-json\/wp\/v2\/media\/15510"}],"wp:attachment":[{"href":"https:\/\/stylingagenten.com\/sv\/wp-json\/wp\/v2\/media?parent=15511"}],"wp:term":[{"taxonomy":"product_brand","embeddable":true,"href":"https:\/\/stylingagenten.com\/sv\/wp-json\/wp\/v2\/product_brand?post=15511"},{"taxonomy":"product_cat","embeddable":true,"href":"https:\/\/stylingagenten.com\/sv\/wp-json\/wp\/v2\/product_cat?post=15511"},{"taxonomy":"product_tag","embeddable":true,"href":"https:\/\/stylingagenten.com\/sv\/wp-json\/wp\/v2\/product_tag?post=15511"},{"taxonomy":"berocket_brand","embeddable":true,"href":"https:\/\/stylingagenten.com\/sv\/wp-json\/wp\/v2\/berocket_brand?post=15511"}],"curies":[{"name":"wp","href":"https:\/\/api.w.org\/{rel}","templated":true}]}}