{"id":15501,"date":"2025-01-24T11:55:12","date_gmt":"2025-01-24T11:55:12","guid":{"rendered":"https:\/\/staging2.stylingagenten.com\/sv\/produkt\/toppik-hair-building-fibers-large-27-5g-auburn\/"},"modified":"2026-04-09T06:48:24","modified_gmt":"2026-04-09T06:48:24","slug":"toppik-hair-building-fibers-large-27-5g-auburn","status":"publish","type":"product","link":"https:\/\/stylingagenten.com\/sv\/produkt\/toppik-hair-building-fibers-large-27-5g-auburn\/","title":{"rendered":"Toppik Hair Building Fibers Large 27.5g &#8211; Auburn"},"content":{"rendered":"<p id=\"isPasted\" style=\"line-height:normal\">V\u00e4rldens mest s\u00e5lda stylingprodukt f\u00f6r tunnh\u00e5riga. \u00c4ntligen finns nu ett s\u00e4kert, enkelt och naturligt s\u00e4tt att d\u00f6lja sitt h\u00e5ravfall.<br \/>&nbsp;Toppiks avancerade tillverkningsprocess g\u00f6r att h\u00e5ret f\u00e5r tillbaka den t\u00e4thet och volym det en g\u00e5ng hade, utan transplantation eller andra dyra behandlingar.<br \/>&nbsp;<br \/>&nbsp;Toppik \u00e4r en produkt f\u00f6r dig som \u00e4r tunnh\u00e5rig. Toppik \u00e4r sm\u00e5 mikrofibrer som enkelt appliceras i ditt h\u00e5r och tack vare en avancerad tillverkningsprocess f\u00e4ster det vid dina h\u00e5rstr\u00e5n med hj\u00e4lp av dess statiska elektricitet. D\u00e5 Toppik \u00e4r helt naturliga h\u00e5rfibrer gjorda av organiskt keratin protein, samma som ditt h\u00e5r, s\u00e5 \u00e4r det helt ofarligt och kan inte skada ditt h\u00e5r.<\/p>\n","protected":false},"excerpt":{"rendered":"<p>V\u00e4rldens mest s\u00e5lda stylingprodukt f\u00f6r tunnh\u00e5riga. \u00c4ntligen finns nu ett s\u00e4kert, enkelt och naturligt s\u00e4tt att d\u00f6lja sitt h\u00e5ravfall.&nbsp;Toppiks avancerade tillverkningsprocess g\u00f6r att h\u00e5ret f\u00e5r tillbaka den t\u00e4thet och volym det en g\u00e5ng hade, utan transplantation eller andra dyra behandlingar.&nbsp;&nbsp;Toppik \u00e4r en produkt f\u00f6r dig som \u00e4r tunnh\u00e5rig. Toppik \u00e4r sm\u00e5 mikrofibrer som enkelt appliceras [&hellip;]<\/p>\n","protected":false},"featured_media":15500,"comment_status":"open","ping_status":"closed","template":"","meta":{"_trash_the_other_posts":false},"product_brand":[],"product_cat":[640],"product_tag":[4190],"berocket_brand":[1207],"class_list":{"0":"post-15501","1":"product","2":"type-product","3":"status-publish","4":"has-post-thumbnail","6":"product_cat-root-cover","7":"product_tag-toppik-hair-building-fibers-large-27-5g","8":"pa_brand-toppik","9":"pa_variant-auburn","10":"berocket_brand-toppik","12":"first","13":"instock","14":"sale","15":"taxable","16":"shipping-taxable","17":"purchasable","18":"product-type-simple"},"_links":{"self":[{"href":"https:\/\/stylingagenten.com\/sv\/wp-json\/wp\/v2\/product\/15501","targetHints":{"allow":["GET"]}}],"collection":[{"href":"https:\/\/stylingagenten.com\/sv\/wp-json\/wp\/v2\/product"}],"about":[{"href":"https:\/\/stylingagenten.com\/sv\/wp-json\/wp\/v2\/types\/product"}],"replies":[{"embeddable":true,"href":"https:\/\/stylingagenten.com\/sv\/wp-json\/wp\/v2\/comments?post=15501"}],"version-history":[{"count":0,"href":"https:\/\/stylingagenten.com\/sv\/wp-json\/wp\/v2\/product\/15501\/revisions"}],"wp:featuredmedia":[{"embeddable":true,"href":"https:\/\/stylingagenten.com\/sv\/wp-json\/wp\/v2\/media\/15500"}],"wp:attachment":[{"href":"https:\/\/stylingagenten.com\/sv\/wp-json\/wp\/v2\/media?parent=15501"}],"wp:term":[{"taxonomy":"product_brand","embeddable":true,"href":"https:\/\/stylingagenten.com\/sv\/wp-json\/wp\/v2\/product_brand?post=15501"},{"taxonomy":"product_cat","embeddable":true,"href":"https:\/\/stylingagenten.com\/sv\/wp-json\/wp\/v2\/product_cat?post=15501"},{"taxonomy":"product_tag","embeddable":true,"href":"https:\/\/stylingagenten.com\/sv\/wp-json\/wp\/v2\/product_tag?post=15501"},{"taxonomy":"berocket_brand","embeddable":true,"href":"https:\/\/stylingagenten.com\/sv\/wp-json\/wp\/v2\/berocket_brand?post=15501"}],"curies":[{"name":"wp","href":"https:\/\/api.w.org\/{rel}","templated":true}]}}