{"id":15429,"date":"2025-01-24T11:54:46","date_gmt":"2025-01-24T11:54:46","guid":{"rendered":"https:\/\/staging2.stylingagenten.com\/sv\/produkt\/artdeco-high-definition-compact-powder-2-light-ivory-10g\/"},"modified":"2026-03-13T10:07:48","modified_gmt":"2026-03-13T10:07:48","slug":"artdeco-high-definition-compact-powder-2-light-ivory-10g","status":"publish","type":"product","link":"https:\/\/stylingagenten.com\/sv\/produkt\/artdeco-high-definition-compact-powder-2-light-ivory-10g\/","title":{"rendered":"Artdeco High Definition Compact Powder 2 Light Ivory 10g"},"content":{"rendered":"<p>High Definition Compact Powder har en silkeslen textur som blir ett med huden, den \u00e4r knappt synbar ens p\u00e5 n\u00e4ra h\u00e5ll! Den mjuka och l\u00e4tta formulan \u00e4r l\u00e4ttapplicerad, och huden f\u00f6rblir matt tack vare oljeabsorberande egenskaper. M\u00f6rka ringar, rynkor och oj\u00e4mnheter d\u00f6ljs tack vare ljusreflekterande pigment.<\/p>\n<p>\u2022 Silkeslen textur som blir ett med huden<br \/>\u2022 Oljeabsorberande egenskaper f\u00f6r matt hud<br \/>\u2022 Ljusreflekterande pigment d\u00f6ljer m\u00f6rka ringar, rynkor och oj\u00e4mnheter<br \/>\u2022 Vegansk<\/p>\n","protected":false},"excerpt":{"rendered":"<p>High Definition Compact Powder har en silkeslen textur som blir ett med huden, den \u00e4r knappt synbar ens p\u00e5 n\u00e4ra h\u00e5ll! Den mjuka och l\u00e4tta formulan \u00e4r l\u00e4ttapplicerad, och huden f\u00f6rblir matt tack vare oljeabsorberande egenskaper. M\u00f6rka ringar, rynkor och oj\u00e4mnheter d\u00f6ljs tack vare ljusreflekterande pigment. \u2022 Silkeslen textur som blir ett med huden\u2022 Oljeabsorberande [&hellip;]<\/p>\n","protected":false},"featured_media":15423,"comment_status":"open","ping_status":"closed","template":"","meta":{"_trash_the_other_posts":false},"product_brand":[],"product_cat":[1005,606],"product_tag":[2435],"berocket_brand":[1385],"class_list":{"0":"post-15429","1":"product","2":"type-product","3":"status-publish","4":"has-post-thumbnail","6":"product_cat-outlet","7":"product_cat-puder","8":"product_tag-artdeco-high-definition-compact-powder-10g","9":"pa_brand-artdeco","10":"pa_variant-2-light-ivory","11":"berocket_brand-artdeco","13":"first","14":"instock","15":"sale","16":"taxable","17":"shipping-taxable","18":"purchasable","19":"product-type-simple"},"_links":{"self":[{"href":"https:\/\/stylingagenten.com\/sv\/wp-json\/wp\/v2\/product\/15429","targetHints":{"allow":["GET"]}}],"collection":[{"href":"https:\/\/stylingagenten.com\/sv\/wp-json\/wp\/v2\/product"}],"about":[{"href":"https:\/\/stylingagenten.com\/sv\/wp-json\/wp\/v2\/types\/product"}],"replies":[{"embeddable":true,"href":"https:\/\/stylingagenten.com\/sv\/wp-json\/wp\/v2\/comments?post=15429"}],"version-history":[{"count":0,"href":"https:\/\/stylingagenten.com\/sv\/wp-json\/wp\/v2\/product\/15429\/revisions"}],"wp:featuredmedia":[{"embeddable":true,"href":"https:\/\/stylingagenten.com\/sv\/wp-json\/wp\/v2\/media\/15423"}],"wp:attachment":[{"href":"https:\/\/stylingagenten.com\/sv\/wp-json\/wp\/v2\/media?parent=15429"}],"wp:term":[{"taxonomy":"product_brand","embeddable":true,"href":"https:\/\/stylingagenten.com\/sv\/wp-json\/wp\/v2\/product_brand?post=15429"},{"taxonomy":"product_cat","embeddable":true,"href":"https:\/\/stylingagenten.com\/sv\/wp-json\/wp\/v2\/product_cat?post=15429"},{"taxonomy":"product_tag","embeddable":true,"href":"https:\/\/stylingagenten.com\/sv\/wp-json\/wp\/v2\/product_tag?post=15429"},{"taxonomy":"berocket_brand","embeddable":true,"href":"https:\/\/stylingagenten.com\/sv\/wp-json\/wp\/v2\/berocket_brand?post=15429"}],"curies":[{"name":"wp","href":"https:\/\/api.w.org\/{rel}","templated":true}]}}