{"id":15362,"date":"2025-01-24T11:54:27","date_gmt":"2025-01-24T11:54:27","guid":{"rendered":"https:\/\/staging2.stylingagenten.com\/sv\/produkt\/artdeco-translucent-loose-powder-refill-02-light-8g\/"},"modified":"2026-02-20T11:26:27","modified_gmt":"2026-02-20T11:26:27","slug":"artdeco-translucent-loose-powder-refill-02-light-8g","status":"publish","type":"product","link":"https:\/\/stylingagenten.com\/sv\/produkt\/artdeco-translucent-loose-powder-refill-02-light-8g\/","title":{"rendered":"Artdeco Translucent Loose Powder Refill 02 Light 8g"},"content":{"rendered":"<p>Translucent Loose Powder genomskinligt l\u00f6st puder fixerar makeup med ett osynligt lager och l\u00e4mnar en j\u00e4mn och fr\u00e4sch hy hela dagen. Pulver t\u00e4cker l\u00e4tt och j\u00e4mnt hela makeupen, utan att tynga ner den och utan att f\u00f6rvr\u00e4nga hyn. Konsistensen inneh\u00e5ller inte talk, sm\u00e4lter och sitter l\u00e4nge p\u00e5 huden. Dessutom kan genomskinligt l\u00f6st pulver ers\u00e4ttas med en reservbricka. Komponenterna i det l\u00f6sa pudret ger huden en elegant och str\u00e5lande finish. Naturligt glimmer ger huden en silkesmatt effekt, och f\u00e4ster optimalt p\u00e5 huden. Risst\u00e4rkelse har talgabsorberande egenskaper. Inneh\u00e5ller vitamin E.<\/p>\n","protected":false},"excerpt":{"rendered":"<p>Translucent Loose Powder genomskinligt l\u00f6st puder fixerar makeup med ett osynligt lager och l\u00e4mnar en j\u00e4mn och fr\u00e4sch hy hela dagen. Pulver t\u00e4cker l\u00e4tt och j\u00e4mnt hela makeupen, utan att tynga ner den och utan att f\u00f6rvr\u00e4nga hyn. Konsistensen inneh\u00e5ller inte talk, sm\u00e4lter och sitter l\u00e4nge p\u00e5 huden. Dessutom kan genomskinligt l\u00f6st pulver ers\u00e4ttas med [&hellip;]<\/p>\n","protected":false},"featured_media":15358,"comment_status":"open","ping_status":"closed","template":"","meta":{"_trash_the_other_posts":false},"product_brand":[],"product_cat":[1005,606],"product_tag":[],"berocket_brand":[1385],"class_list":{"0":"post-15362","1":"product","2":"type-product","3":"status-publish","4":"has-post-thumbnail","6":"product_cat-outlet","7":"product_cat-puder","8":"pa_brand-artdeco","9":"berocket_brand-artdeco","11":"first","12":"instock","13":"sale","14":"taxable","15":"shipping-taxable","16":"purchasable","17":"product-type-simple"},"_links":{"self":[{"href":"https:\/\/stylingagenten.com\/sv\/wp-json\/wp\/v2\/product\/15362","targetHints":{"allow":["GET"]}}],"collection":[{"href":"https:\/\/stylingagenten.com\/sv\/wp-json\/wp\/v2\/product"}],"about":[{"href":"https:\/\/stylingagenten.com\/sv\/wp-json\/wp\/v2\/types\/product"}],"replies":[{"embeddable":true,"href":"https:\/\/stylingagenten.com\/sv\/wp-json\/wp\/v2\/comments?post=15362"}],"version-history":[{"count":0,"href":"https:\/\/stylingagenten.com\/sv\/wp-json\/wp\/v2\/product\/15362\/revisions"}],"wp:featuredmedia":[{"embeddable":true,"href":"https:\/\/stylingagenten.com\/sv\/wp-json\/wp\/v2\/media\/15358"}],"wp:attachment":[{"href":"https:\/\/stylingagenten.com\/sv\/wp-json\/wp\/v2\/media?parent=15362"}],"wp:term":[{"taxonomy":"product_brand","embeddable":true,"href":"https:\/\/stylingagenten.com\/sv\/wp-json\/wp\/v2\/product_brand?post=15362"},{"taxonomy":"product_cat","embeddable":true,"href":"https:\/\/stylingagenten.com\/sv\/wp-json\/wp\/v2\/product_cat?post=15362"},{"taxonomy":"product_tag","embeddable":true,"href":"https:\/\/stylingagenten.com\/sv\/wp-json\/wp\/v2\/product_tag?post=15362"},{"taxonomy":"berocket_brand","embeddable":true,"href":"https:\/\/stylingagenten.com\/sv\/wp-json\/wp\/v2\/berocket_brand?post=15362"}],"curies":[{"name":"wp","href":"https:\/\/api.w.org\/{rel}","templated":true}]}}