{"id":15331,"date":"2025-01-24T11:54:09","date_gmt":"2025-01-24T11:54:09","guid":{"rendered":"https:\/\/staging2.stylingagenten.com\/sv\/produkt\/filorga-time-filler-eyes-5xp-15ml\/"},"modified":"2026-04-08T08:48:26","modified_gmt":"2026-04-08T08:48:26","slug":"filorga-time-filler-eyes-5xp-15ml","status":"publish","type":"product","link":"https:\/\/stylingagenten.com\/sv\/produkt\/filorga-time-filler-eyes-5xp-15ml\/","title":{"rendered":"Filorga Time-Filler Eyes 5XP 15ml"},"content":{"rendered":"<p>En korrigerande anti-aging \u00f6gonkr\u00e4m som motverkar alla typer av rynkor. Time-Filler Eyes 5 XP \u00e4r ett resultat av Filorgas expertis inom estetisk medicin och reducerar alla typer av rynkor runt \u00f6gonen, bekymmersrynkor, m\u00f6rka ringar och h\u00e4ngiga \u00f6gonlock. \u00c4ven \u00f6gonfransarna upplevs st\u00e4rkta. \u00d6gonpartiet kommer se yngre, sl\u00e4tare och piggare ut. Kliniskt bevisad effektivitet. Testad under oftalmologisk kontroll.<\/p>\n<p>\u2022 \u00d6gonkr\u00e4m med anti-aging effekt<br \/>\u2022 Reducerar rynkor, fina linjer och m\u00f6rka ringar<br \/>\u2022 Ger en sl\u00e4tare hud som upplevs yngre<br \/>\u2022 \u00d6gonfransarna upplevs st\u00e4rkta<\/p>\n","protected":false},"excerpt":{"rendered":"<p>En korrigerande anti-aging \u00f6gonkr\u00e4m som motverkar alla typer av rynkor. Time-Filler Eyes 5 XP \u00e4r ett resultat av Filorgas expertis inom estetisk medicin och reducerar alla typer av rynkor runt \u00f6gonen, bekymmersrynkor, m\u00f6rka ringar och h\u00e4ngiga \u00f6gonlock. \u00c4ven \u00f6gonfransarna upplevs st\u00e4rkta. \u00d6gonpartiet kommer se yngre, sl\u00e4tare och piggare ut. Kliniskt bevisad effektivitet. Testad under oftalmologisk [&hellip;]<\/p>\n","protected":false},"featured_media":15327,"comment_status":"open","ping_status":"closed","template":"","meta":{"_trash_the_other_posts":false},"product_brand":[],"product_cat":[623],"product_tag":[],"berocket_brand":[1317],"class_list":{"0":"post-15331","1":"product","2":"type-product","3":"status-publish","4":"has-post-thumbnail","6":"product_cat-ogonkram","7":"pa_brand-filorga","8":"berocket_brand-filorga","10":"first","11":"instock","12":"sale","13":"taxable","14":"shipping-taxable","15":"purchasable","16":"product-type-simple"},"_links":{"self":[{"href":"https:\/\/stylingagenten.com\/sv\/wp-json\/wp\/v2\/product\/15331","targetHints":{"allow":["GET"]}}],"collection":[{"href":"https:\/\/stylingagenten.com\/sv\/wp-json\/wp\/v2\/product"}],"about":[{"href":"https:\/\/stylingagenten.com\/sv\/wp-json\/wp\/v2\/types\/product"}],"replies":[{"embeddable":true,"href":"https:\/\/stylingagenten.com\/sv\/wp-json\/wp\/v2\/comments?post=15331"}],"version-history":[{"count":0,"href":"https:\/\/stylingagenten.com\/sv\/wp-json\/wp\/v2\/product\/15331\/revisions"}],"wp:featuredmedia":[{"embeddable":true,"href":"https:\/\/stylingagenten.com\/sv\/wp-json\/wp\/v2\/media\/15327"}],"wp:attachment":[{"href":"https:\/\/stylingagenten.com\/sv\/wp-json\/wp\/v2\/media?parent=15331"}],"wp:term":[{"taxonomy":"product_brand","embeddable":true,"href":"https:\/\/stylingagenten.com\/sv\/wp-json\/wp\/v2\/product_brand?post=15331"},{"taxonomy":"product_cat","embeddable":true,"href":"https:\/\/stylingagenten.com\/sv\/wp-json\/wp\/v2\/product_cat?post=15331"},{"taxonomy":"product_tag","embeddable":true,"href":"https:\/\/stylingagenten.com\/sv\/wp-json\/wp\/v2\/product_tag?post=15331"},{"taxonomy":"berocket_brand","embeddable":true,"href":"https:\/\/stylingagenten.com\/sv\/wp-json\/wp\/v2\/berocket_brand?post=15331"}],"curies":[{"name":"wp","href":"https:\/\/api.w.org\/{rel}","templated":true}]}}