{"id":15263,"date":"2025-01-24T11:53:37","date_gmt":"2025-01-24T11:53:37","guid":{"rendered":"https:\/\/staging2.stylingagenten.com\/sv\/produkt\/b-tan-forever-ever-self-tan-mousse-200ml\/"},"modified":"2026-02-12T13:07:55","modified_gmt":"2026-02-12T13:07:55","slug":"b-tan-forever-ever-self-tan-mousse-200ml","status":"publish","type":"product","link":"https:\/\/stylingagenten.com\/sv\/produkt\/b-tan-forever-ever-self-tan-mousse-200ml\/","title":{"rendered":"b.tan Forever + Ever Self Tan Mousse 200ml"},"content":{"rendered":"<p>Forever + Ever Self Tan Mousse \u00e4r en extra l\u00e5ngvarig brun-utan-sol i mousseform. Moussen ger en naturligt m\u00f6rk och snygg solbr\u00e4nna p\u00e5 en timme, helt utan den typiska brun-utan-sol doften. H\u00e5ller upp till 11 dagar. Synliga resultat p\u00e5 1 timme. L\u00e5t verka i upp till 8 timmar f\u00f6r m\u00f6rkare resultat. Moussen \u00e4r 100% vegansk och fri fr\u00e5n parabener.<\/p>\n","protected":false},"excerpt":{"rendered":"<p>Forever + Ever Self Tan Mousse \u00e4r en extra l\u00e5ngvarig brun-utan-sol i mousseform. Moussen ger en naturligt m\u00f6rk och snygg solbr\u00e4nna p\u00e5 en timme, helt utan den typiska brun-utan-sol doften. H\u00e5ller upp till 11 dagar. Synliga resultat p\u00e5 1 timme. L\u00e5t verka i upp till 8 timmar f\u00f6r m\u00f6rkare resultat. Moussen \u00e4r 100% vegansk och [&hellip;]<\/p>\n","protected":false},"featured_media":15256,"comment_status":"open","ping_status":"closed","template":"","meta":{"_trash_the_other_posts":false},"product_brand":[],"product_cat":[561],"product_tag":[],"berocket_brand":[1406],"class_list":{"0":"post-15263","1":"product","2":"type-product","3":"status-publish","4":"has-post-thumbnail","6":"product_cat-brun-utan-sol","7":"pa_brand-b-tan","8":"berocket_brand-btan","10":"first","11":"instock","12":"sale","13":"taxable","14":"shipping-taxable","15":"purchasable","16":"product-type-simple"},"_links":{"self":[{"href":"https:\/\/stylingagenten.com\/sv\/wp-json\/wp\/v2\/product\/15263","targetHints":{"allow":["GET"]}}],"collection":[{"href":"https:\/\/stylingagenten.com\/sv\/wp-json\/wp\/v2\/product"}],"about":[{"href":"https:\/\/stylingagenten.com\/sv\/wp-json\/wp\/v2\/types\/product"}],"replies":[{"embeddable":true,"href":"https:\/\/stylingagenten.com\/sv\/wp-json\/wp\/v2\/comments?post=15263"}],"version-history":[{"count":0,"href":"https:\/\/stylingagenten.com\/sv\/wp-json\/wp\/v2\/product\/15263\/revisions"}],"wp:featuredmedia":[{"embeddable":true,"href":"https:\/\/stylingagenten.com\/sv\/wp-json\/wp\/v2\/media\/15256"}],"wp:attachment":[{"href":"https:\/\/stylingagenten.com\/sv\/wp-json\/wp\/v2\/media?parent=15263"}],"wp:term":[{"taxonomy":"product_brand","embeddable":true,"href":"https:\/\/stylingagenten.com\/sv\/wp-json\/wp\/v2\/product_brand?post=15263"},{"taxonomy":"product_cat","embeddable":true,"href":"https:\/\/stylingagenten.com\/sv\/wp-json\/wp\/v2\/product_cat?post=15263"},{"taxonomy":"product_tag","embeddable":true,"href":"https:\/\/stylingagenten.com\/sv\/wp-json\/wp\/v2\/product_tag?post=15263"},{"taxonomy":"berocket_brand","embeddable":true,"href":"https:\/\/stylingagenten.com\/sv\/wp-json\/wp\/v2\/berocket_brand?post=15263"}],"curies":[{"name":"wp","href":"https:\/\/api.w.org\/{rel}","templated":true}]}}