{"id":15235,"date":"2025-01-24T11:53:23","date_gmt":"2025-01-24T11:53:23","guid":{"rendered":"https:\/\/staging2.stylingagenten.com\/sv\/produkt\/im-from-mugwort-essence-160ml\/"},"modified":"2025-12-18T21:43:10","modified_gmt":"2025-12-18T21:43:10","slug":"im-from-mugwort-essence-160ml","status":"publish","type":"product","link":"https:\/\/stylingagenten.com\/sv\/produkt\/im-from-mugwort-essence-160ml\/","title":{"rendered":"I&#8217;m From Mugwort Essence 160ml"},"content":{"rendered":"<p>Detta \u00e4r en mycket lugnande essens som best\u00e5r av 100% ren mugwort (Mal\u00f6rt) extrakt. Den uppfriskande, l\u00e4tta formulan absorberas snabbt av huden och bist\u00e5r med djup \u00e5terfuktning djupt ner i huden. Verkar mycket lugnande och reparerande p\u00e5 k\u00e4nslig hud.<\/p>\n<p>Tips! Kan \u00e4ven anv\u00e4ndas som en fuktmask n\u00e4r huden k\u00e4nns tr\u00f6tt och torr. Applicera rikligt med essence p\u00e5 bomullspads och tryck mot omr\u00e5den med behov av extra fukt. L\u00e5t verka i 5-10 minuter.<\/p>\n<p>Passar alla hudtyper.<\/p>\n","protected":false},"excerpt":{"rendered":"<p>Detta \u00e4r en mycket lugnande essens som best\u00e5r av 100% ren mugwort (Mal\u00f6rt) extrakt. Den uppfriskande, l\u00e4tta formulan absorberas snabbt av huden och bist\u00e5r med djup \u00e5terfuktning djupt ner i huden. Verkar mycket lugnande och reparerande p\u00e5 k\u00e4nslig hud. Tips! Kan \u00e4ven anv\u00e4ndas som en fuktmask n\u00e4r huden k\u00e4nns tr\u00f6tt och torr. Applicera rikligt med [&hellip;]<\/p>\n","protected":false},"featured_media":15231,"comment_status":"open","ping_status":"closed","template":"","meta":{"_trash_the_other_posts":false},"product_brand":[],"product_cat":[1001,614],"product_tag":[3071],"berocket_brand":[1407],"class_list":{"0":"post-15235","1":"product","2":"type-product","3":"status-publish","4":"has-post-thumbnail","6":"product_cat-k-beauty","7":"product_cat-serum","8":"product_tag-im-from-mugwort-essence","9":"pa_brand-im-from","10":"pa_variant-160ml","11":"berocket_brand-im-from","13":"first","14":"instock","15":"sale","16":"taxable","17":"shipping-taxable","18":"purchasable","19":"product-type-simple"},"_links":{"self":[{"href":"https:\/\/stylingagenten.com\/sv\/wp-json\/wp\/v2\/product\/15235","targetHints":{"allow":["GET"]}}],"collection":[{"href":"https:\/\/stylingagenten.com\/sv\/wp-json\/wp\/v2\/product"}],"about":[{"href":"https:\/\/stylingagenten.com\/sv\/wp-json\/wp\/v2\/types\/product"}],"replies":[{"embeddable":true,"href":"https:\/\/stylingagenten.com\/sv\/wp-json\/wp\/v2\/comments?post=15235"}],"version-history":[{"count":0,"href":"https:\/\/stylingagenten.com\/sv\/wp-json\/wp\/v2\/product\/15235\/revisions"}],"wp:featuredmedia":[{"embeddable":true,"href":"https:\/\/stylingagenten.com\/sv\/wp-json\/wp\/v2\/media\/15231"}],"wp:attachment":[{"href":"https:\/\/stylingagenten.com\/sv\/wp-json\/wp\/v2\/media?parent=15235"}],"wp:term":[{"taxonomy":"product_brand","embeddable":true,"href":"https:\/\/stylingagenten.com\/sv\/wp-json\/wp\/v2\/product_brand?post=15235"},{"taxonomy":"product_cat","embeddable":true,"href":"https:\/\/stylingagenten.com\/sv\/wp-json\/wp\/v2\/product_cat?post=15235"},{"taxonomy":"product_tag","embeddable":true,"href":"https:\/\/stylingagenten.com\/sv\/wp-json\/wp\/v2\/product_tag?post=15235"},{"taxonomy":"berocket_brand","embeddable":true,"href":"https:\/\/stylingagenten.com\/sv\/wp-json\/wp\/v2\/berocket_brand?post=15235"}],"curies":[{"name":"wp","href":"https:\/\/api.w.org\/{rel}","templated":true}]}}