{"id":15097,"date":"2025-01-24T11:51:28","date_gmt":"2025-01-24T11:51:28","guid":{"rendered":"https:\/\/staging2.stylingagenten.com\/sv\/produkt\/bareminerals-gen-nude-powder-blush-strike-a-rose\/"},"modified":"2025-12-18T21:42:16","modified_gmt":"2025-12-18T21:42:16","slug":"bareminerals-gen-nude-powder-blush-strike-a-rose","status":"publish","type":"product","link":"https:\/\/stylingagenten.com\/sv\/produkt\/bareminerals-gen-nude-powder-blush-strike-a-rose\/","title":{"rendered":"BareMinerals Gen Nude Powder Blush Strike A Rose"},"content":{"rendered":"<p>Gen Nude\u2122 Powder Blush \u00e4r ett viktl\u00f6st blush som finns i 12 nyanser som h\u00e4rmar en naturlig rodnad f\u00f6r alla hudtoner.<br \/>Den hudv\u00e5rdande, l\u00e4ttjobbade formulan har l\u00e5ng h\u00e5llbarhet och inneh\u00e5ller ett blurrande mineralkomplex f\u00f6r en uppfr\u00e4schad, utj\u00e4mnad effekt.<br \/>Gen Nude\u2122 Powder Blush f\u00f6rh\u00f6jer ditt utseende och ger en h\u00e4lsosam och str\u00e5lande f\u00e4rg till dina kinder.<\/p>\n","protected":false},"excerpt":{"rendered":"<p>Gen Nude\u2122 Powder Blush \u00e4r ett viktl\u00f6st blush som finns i 12 nyanser som h\u00e4rmar en naturlig rodnad f\u00f6r alla hudtoner.Den hudv\u00e5rdande, l\u00e4ttjobbade formulan har l\u00e5ng h\u00e5llbarhet och inneh\u00e5ller ett blurrande mineralkomplex f\u00f6r en uppfr\u00e4schad, utj\u00e4mnad effekt.Gen Nude\u2122 Powder Blush f\u00f6rh\u00f6jer ditt utseende och ger en h\u00e4lsosam och str\u00e5lande f\u00e4rg till dina kinder.<\/p>\n","protected":false},"featured_media":15088,"comment_status":"open","ping_status":"closed","template":"","meta":{"_trash_the_other_posts":false},"product_brand":[],"product_cat":[613],"product_tag":[2478],"berocket_brand":[1256],"class_list":{"0":"post-15097","1":"product","2":"type-product","3":"status-publish","4":"has-post-thumbnail","6":"product_cat-rouge","7":"product_tag-bareminerals-gen-nude-powder-blush","8":"pa_brand-id-bareminerals","9":"pa_variant-strike-a-rose","10":"berocket_brand-bareminerals","12":"first","13":"instock","14":"sale","15":"taxable","16":"shipping-taxable","17":"purchasable","18":"product-type-simple"},"_links":{"self":[{"href":"https:\/\/stylingagenten.com\/sv\/wp-json\/wp\/v2\/product\/15097","targetHints":{"allow":["GET"]}}],"collection":[{"href":"https:\/\/stylingagenten.com\/sv\/wp-json\/wp\/v2\/product"}],"about":[{"href":"https:\/\/stylingagenten.com\/sv\/wp-json\/wp\/v2\/types\/product"}],"replies":[{"embeddable":true,"href":"https:\/\/stylingagenten.com\/sv\/wp-json\/wp\/v2\/comments?post=15097"}],"version-history":[{"count":0,"href":"https:\/\/stylingagenten.com\/sv\/wp-json\/wp\/v2\/product\/15097\/revisions"}],"wp:featuredmedia":[{"embeddable":true,"href":"https:\/\/stylingagenten.com\/sv\/wp-json\/wp\/v2\/media\/15088"}],"wp:attachment":[{"href":"https:\/\/stylingagenten.com\/sv\/wp-json\/wp\/v2\/media?parent=15097"}],"wp:term":[{"taxonomy":"product_brand","embeddable":true,"href":"https:\/\/stylingagenten.com\/sv\/wp-json\/wp\/v2\/product_brand?post=15097"},{"taxonomy":"product_cat","embeddable":true,"href":"https:\/\/stylingagenten.com\/sv\/wp-json\/wp\/v2\/product_cat?post=15097"},{"taxonomy":"product_tag","embeddable":true,"href":"https:\/\/stylingagenten.com\/sv\/wp-json\/wp\/v2\/product_tag?post=15097"},{"taxonomy":"berocket_brand","embeddable":true,"href":"https:\/\/stylingagenten.com\/sv\/wp-json\/wp\/v2\/berocket_brand?post=15097"}],"curies":[{"name":"wp","href":"https:\/\/api.w.org\/{rel}","templated":true}]}}