{"id":15027,"date":"2025-01-24T11:51:20","date_gmt":"2025-01-24T11:51:20","guid":{"rendered":"https:\/\/staging2.stylingagenten.com\/sv\/produkt\/beauty-uk-nails-no-30-candy-cloud-9ml\/"},"modified":"2025-12-18T21:34:33","modified_gmt":"2025-12-18T21:34:33","slug":"beauty-uk-nails-no-30-candy-cloud-9ml","status":"publish","type":"product","link":"https:\/\/stylingagenten.com\/sv\/produkt\/beauty-uk-nails-no-30-candy-cloud-9ml\/","title":{"rendered":"Beauty UK Nails no.30 Candy Cloud 9ml"},"content":{"rendered":"<p>Beauty UK Nails no.30 Candy Cloud \u00e4r en snabbtorkande, l\u00e5ngvarig, h\u00f6gblank nagellack.<br \/>Denna fantastiska allround formel har utvecklats f\u00f6r att erbjuda den perfekta balansen mellan t\u00e4ckning, f\u00e4rg, glans och slitstyrka. Varje nyans \u00e4r l\u00e4tt att applicera och ger en intensiv t\u00e4ckning som kommer att p\u00e5g\u00e5 i flera dagar utan att blekna eller flisa.<\/p>\n<p>Inneh\u00e5ll: 9 ml<\/p><\/p>\n","protected":false},"excerpt":{"rendered":"<p>Beauty UK Nails no.30 Candy Cloud \u00e4r en snabbtorkande, l\u00e5ngvarig, h\u00f6gblank nagellack.Denna fantastiska allround formel har utvecklats f\u00f6r att erbjuda den perfekta balansen mellan t\u00e4ckning, f\u00e4rg, glans och slitstyrka. Varje nyans \u00e4r l\u00e4tt att applicera och ger en intensiv t\u00e4ckning som kommer att p\u00e5g\u00e5 i flera dagar utan att blekna eller flisa. Inneh\u00e5ll: 9 ml<\/p>\n","protected":false},"featured_media":15025,"comment_status":"open","ping_status":"closed","template":"","meta":{"_trash_the_other_posts":false},"product_brand":[],"product_cat":[569],"product_tag":[2485],"berocket_brand":[1059],"class_list":{"0":"post-15027","1":"product","2":"type-product","3":"status-publish","4":"has-post-thumbnail","6":"product_cat-nagellack","7":"product_tag-beauty-uk-nail-polish","8":"pa_brand-beautyuk","9":"pa_variant-no-30-candy-cloud","10":"berocket_brand-beautyuk","12":"first","13":"instock","14":"sale","15":"taxable","16":"shipping-taxable","17":"purchasable","18":"product-type-simple"},"_links":{"self":[{"href":"https:\/\/stylingagenten.com\/sv\/wp-json\/wp\/v2\/product\/15027","targetHints":{"allow":["GET"]}}],"collection":[{"href":"https:\/\/stylingagenten.com\/sv\/wp-json\/wp\/v2\/product"}],"about":[{"href":"https:\/\/stylingagenten.com\/sv\/wp-json\/wp\/v2\/types\/product"}],"replies":[{"embeddable":true,"href":"https:\/\/stylingagenten.com\/sv\/wp-json\/wp\/v2\/comments?post=15027"}],"version-history":[{"count":0,"href":"https:\/\/stylingagenten.com\/sv\/wp-json\/wp\/v2\/product\/15027\/revisions"}],"wp:featuredmedia":[{"embeddable":true,"href":"https:\/\/stylingagenten.com\/sv\/wp-json\/wp\/v2\/media\/15025"}],"wp:attachment":[{"href":"https:\/\/stylingagenten.com\/sv\/wp-json\/wp\/v2\/media?parent=15027"}],"wp:term":[{"taxonomy":"product_brand","embeddable":true,"href":"https:\/\/stylingagenten.com\/sv\/wp-json\/wp\/v2\/product_brand?post=15027"},{"taxonomy":"product_cat","embeddable":true,"href":"https:\/\/stylingagenten.com\/sv\/wp-json\/wp\/v2\/product_cat?post=15027"},{"taxonomy":"product_tag","embeddable":true,"href":"https:\/\/stylingagenten.com\/sv\/wp-json\/wp\/v2\/product_tag?post=15027"},{"taxonomy":"berocket_brand","embeddable":true,"href":"https:\/\/stylingagenten.com\/sv\/wp-json\/wp\/v2\/berocket_brand?post=15027"}],"curies":[{"name":"wp","href":"https:\/\/api.w.org\/{rel}","templated":true}]}}