{"id":14973,"date":"2025-01-24T11:51:14","date_gmt":"2025-01-24T11:51:14","guid":{"rendered":"https:\/\/staging2.stylingagenten.com\/sv\/produkt\/wella-color-touch-deep-browns-7-7-walnut-brown\/"},"modified":"2026-03-31T05:38:24","modified_gmt":"2026-03-31T05:38:24","slug":"wella-color-touch-deep-browns-7-7-walnut-brown","status":"publish","type":"product","link":"https:\/\/stylingagenten.com\/sv\/produkt\/wella-color-touch-deep-browns-7-7-walnut-brown\/","title":{"rendered":"Wella Color Touch Deep Browns 7\/7 Walnut Brown"},"content":{"rendered":"<p>Color Touch \u00e4r ett f\u00e4rgsystem som best\u00e5r av intensivtoningar d\u00e4r skimrande f\u00e4rger och fantastisk glans skapar ett oemotst\u00e5ndligt och supernaturligt f\u00e4rgresultat. Uppn\u00e5 f\u00f6rb\u00e4ttrade f\u00e4rgresultat med Color Touch som ger upp till 63 % mer lyster och upp till 57% mer m\u00e5ngfacetterad f\u00e4rg j\u00e4mf\u00f6rt med obehandlat h\u00e5r. Det exklusiva Light2Colorkomplexet ger h\u00e5ret liv och skapar en harmoni av sk\u00f6ra f\u00e4rgpigment och ljus som framh\u00e4ver det vackra i ditt h\u00e5r med slingor av f\u00e4rg och ljus. Color Touch inneh\u00e5ller fiberprotein och naturliga vaxer som sl\u00e4tar ut h\u00e5ret och g\u00f6r det exceptionellt glansigt. Den v\u00e5rdande formulan \u00e4r skonsam och fri fr\u00e5n ammoniak, och den skyddar h\u00e5rets naturliga, inre struktur.<\/p>\n","protected":false},"excerpt":{"rendered":"<p>Color Touch \u00e4r ett f\u00e4rgsystem som best\u00e5r av intensivtoningar d\u00e4r skimrande f\u00e4rger och fantastisk glans skapar ett oemotst\u00e5ndligt och supernaturligt f\u00e4rgresultat. Uppn\u00e5 f\u00f6rb\u00e4ttrade f\u00e4rgresultat med Color Touch som ger upp till 63 % mer lyster och upp till 57% mer m\u00e5ngfacetterad f\u00e4rg j\u00e4mf\u00f6rt med obehandlat h\u00e5r. Det exklusiva Light2Colorkomplexet ger h\u00e5ret liv och skapar en [&hellip;]<\/p>\n","protected":false},"featured_media":14946,"comment_status":"open","ping_status":"closed","template":"","meta":{"_trash_the_other_posts":false},"product_brand":[],"product_cat":[1002],"product_tag":[4229],"berocket_brand":[1030],"class_list":{"0":"post-14973","1":"product","2":"type-product","3":"status-publish","4":"has-post-thumbnail","6":"product_cat-toning","7":"product_tag-wella-color-touch-deep-browns","8":"pa_brand-wella","9":"pa_variant-7-7-walnut-brown","10":"berocket_brand-wella","12":"first","13":"instock","14":"sale","15":"taxable","16":"shipping-taxable","17":"purchasable","18":"product-type-simple"},"_links":{"self":[{"href":"https:\/\/stylingagenten.com\/sv\/wp-json\/wp\/v2\/product\/14973","targetHints":{"allow":["GET"]}}],"collection":[{"href":"https:\/\/stylingagenten.com\/sv\/wp-json\/wp\/v2\/product"}],"about":[{"href":"https:\/\/stylingagenten.com\/sv\/wp-json\/wp\/v2\/types\/product"}],"replies":[{"embeddable":true,"href":"https:\/\/stylingagenten.com\/sv\/wp-json\/wp\/v2\/comments?post=14973"}],"version-history":[{"count":0,"href":"https:\/\/stylingagenten.com\/sv\/wp-json\/wp\/v2\/product\/14973\/revisions"}],"wp:featuredmedia":[{"embeddable":true,"href":"https:\/\/stylingagenten.com\/sv\/wp-json\/wp\/v2\/media\/14946"}],"wp:attachment":[{"href":"https:\/\/stylingagenten.com\/sv\/wp-json\/wp\/v2\/media?parent=14973"}],"wp:term":[{"taxonomy":"product_brand","embeddable":true,"href":"https:\/\/stylingagenten.com\/sv\/wp-json\/wp\/v2\/product_brand?post=14973"},{"taxonomy":"product_cat","embeddable":true,"href":"https:\/\/stylingagenten.com\/sv\/wp-json\/wp\/v2\/product_cat?post=14973"},{"taxonomy":"product_tag","embeddable":true,"href":"https:\/\/stylingagenten.com\/sv\/wp-json\/wp\/v2\/product_tag?post=14973"},{"taxonomy":"berocket_brand","embeddable":true,"href":"https:\/\/stylingagenten.com\/sv\/wp-json\/wp\/v2\/berocket_brand?post=14973"}],"curies":[{"name":"wp","href":"https:\/\/api.w.org\/{rel}","templated":true}]}}