{"id":14752,"date":"2025-01-24T11:50:53","date_gmt":"2025-01-24T11:50:53","guid":{"rendered":"https:\/\/staging2.stylingagenten.com\/sv\/produkt\/american-crew-daily-moisturizing-conditioner-450ml\/"},"modified":"2026-04-12T18:38:44","modified_gmt":"2026-04-12T18:38:44","slug":"american-crew-daily-moisturizing-conditioner-450ml","status":"publish","type":"product","link":"https:\/\/stylingagenten.com\/sv\/produkt\/american-crew-daily-moisturizing-conditioner-450ml\/","title":{"rendered":"American Crew Daily Moisturizing Conditioner 450ml"},"content":{"rendered":"<p>American Crew Daily Moisturizing Conditioner \u00e4r ett balsam f\u00f6r torrt h\u00e5r och h\u00e5rbotten. Tillf\u00f6r n\u00e4ring och st\u00e4rker h\u00e5ret utan att tynga ner det samt l\u00e4mnar h\u00e5ret mjukt och smidigt. Kan anv\u00e4ndas dagligen och har en naturlig och fr\u00e4sch doft. Silikonfri och vegansk formula.<\/p>\n","protected":false},"excerpt":{"rendered":"<p>American Crew Daily Moisturizing Conditioner \u00e4r ett balsam f\u00f6r torrt h\u00e5r och h\u00e5rbotten. Tillf\u00f6r n\u00e4ring och st\u00e4rker h\u00e5ret utan att tynga ner det samt l\u00e4mnar h\u00e5ret mjukt och smidigt. Kan anv\u00e4ndas dagligen och har en naturlig och fr\u00e4sch doft. Silikonfri och vegansk formula.<\/p>\n","protected":false},"featured_media":14749,"comment_status":"open","ping_status":"closed","template":"","meta":{"_trash_the_other_posts":false},"product_brand":[],"product_cat":[587],"product_tag":[2362],"berocket_brand":[1071],"class_list":{"0":"post-14752","1":"product","2":"type-product","3":"status-publish","4":"has-post-thumbnail","6":"product_cat-balsam","7":"product_tag-american-crew-daily-moisturizing-conditioner","8":"pa_brand-american-crew","9":"pa_variant-450ml","10":"berocket_brand-american-crew","12":"first","13":"instock","14":"sale","15":"taxable","16":"shipping-taxable","17":"purchasable","18":"product-type-simple"},"_links":{"self":[{"href":"https:\/\/stylingagenten.com\/sv\/wp-json\/wp\/v2\/product\/14752","targetHints":{"allow":["GET"]}}],"collection":[{"href":"https:\/\/stylingagenten.com\/sv\/wp-json\/wp\/v2\/product"}],"about":[{"href":"https:\/\/stylingagenten.com\/sv\/wp-json\/wp\/v2\/types\/product"}],"replies":[{"embeddable":true,"href":"https:\/\/stylingagenten.com\/sv\/wp-json\/wp\/v2\/comments?post=14752"}],"version-history":[{"count":0,"href":"https:\/\/stylingagenten.com\/sv\/wp-json\/wp\/v2\/product\/14752\/revisions"}],"wp:featuredmedia":[{"embeddable":true,"href":"https:\/\/stylingagenten.com\/sv\/wp-json\/wp\/v2\/media\/14749"}],"wp:attachment":[{"href":"https:\/\/stylingagenten.com\/sv\/wp-json\/wp\/v2\/media?parent=14752"}],"wp:term":[{"taxonomy":"product_brand","embeddable":true,"href":"https:\/\/stylingagenten.com\/sv\/wp-json\/wp\/v2\/product_brand?post=14752"},{"taxonomy":"product_cat","embeddable":true,"href":"https:\/\/stylingagenten.com\/sv\/wp-json\/wp\/v2\/product_cat?post=14752"},{"taxonomy":"product_tag","embeddable":true,"href":"https:\/\/stylingagenten.com\/sv\/wp-json\/wp\/v2\/product_tag?post=14752"},{"taxonomy":"berocket_brand","embeddable":true,"href":"https:\/\/stylingagenten.com\/sv\/wp-json\/wp\/v2\/berocket_brand?post=14752"}],"curies":[{"name":"wp","href":"https:\/\/api.w.org\/{rel}","templated":true}]}}