{"id":14738,"date":"2025-01-24T11:50:50","date_gmt":"2025-01-24T11:50:50","guid":{"rendered":"https:\/\/staging2.stylingagenten.com\/sv\/produkt\/wella-eimi-mistify-me-strong-500ml\/"},"modified":"2026-01-15T21:29:11","modified_gmt":"2026-01-15T21:29:11","slug":"wella-eimi-mistify-me-strong-500ml","status":"publish","type":"product","link":"https:\/\/stylingagenten.com\/sv\/produkt\/wella-eimi-mistify-me-strong-500ml\/","title":{"rendered":"Wella EIMI Mistify Me Strong 500ml"},"content":{"rendered":"<p>Wella EIMI Mistify Me Strong \u00e4r en snabbtorkande h\u00e5rspray med h\u00f6g stadga. Exklusiv MICROMIST-teknologi fixerar frisyren omedelbart. Den l\u00e4tta sprayen f\u00f6rdelar sig fint och naturligt i h\u00e5ret. Resultatet h\u00e5ller i upp till 24 timmar.<\/p>\n","protected":false},"excerpt":{"rendered":"<p>Wella EIMI Mistify Me Strong \u00e4r en snabbtorkande h\u00e5rspray med h\u00f6g stadga. Exklusiv MICROMIST-teknologi fixerar frisyren omedelbart. Den l\u00e4tta sprayen f\u00f6rdelar sig fint och naturligt i h\u00e5ret. Resultatet h\u00e5ller i upp till 24 timmar.<\/p>\n","protected":false},"featured_media":14726,"comment_status":"open","ping_status":"closed","template":"","meta":{"_trash_the_other_posts":false},"product_brand":[],"product_cat":[576],"product_tag":[4234],"berocket_brand":[1030],"class_list":{"0":"post-14738","1":"product","2":"type-product","3":"status-publish","4":"has-post-thumbnail","6":"product_cat-harspray","7":"product_tag-wella-eimi-mistify-me-strong","8":"pa_brand-wella","9":"pa_variant-500ml","10":"berocket_brand-wella","12":"first","13":"outofstock","14":"sale","15":"taxable","16":"shipping-taxable","17":"purchasable","18":"product-type-simple"},"_links":{"self":[{"href":"https:\/\/stylingagenten.com\/sv\/wp-json\/wp\/v2\/product\/14738","targetHints":{"allow":["GET"]}}],"collection":[{"href":"https:\/\/stylingagenten.com\/sv\/wp-json\/wp\/v2\/product"}],"about":[{"href":"https:\/\/stylingagenten.com\/sv\/wp-json\/wp\/v2\/types\/product"}],"replies":[{"embeddable":true,"href":"https:\/\/stylingagenten.com\/sv\/wp-json\/wp\/v2\/comments?post=14738"}],"version-history":[{"count":0,"href":"https:\/\/stylingagenten.com\/sv\/wp-json\/wp\/v2\/product\/14738\/revisions"}],"wp:featuredmedia":[{"embeddable":true,"href":"https:\/\/stylingagenten.com\/sv\/wp-json\/wp\/v2\/media\/14726"}],"wp:attachment":[{"href":"https:\/\/stylingagenten.com\/sv\/wp-json\/wp\/v2\/media?parent=14738"}],"wp:term":[{"taxonomy":"product_brand","embeddable":true,"href":"https:\/\/stylingagenten.com\/sv\/wp-json\/wp\/v2\/product_brand?post=14738"},{"taxonomy":"product_cat","embeddable":true,"href":"https:\/\/stylingagenten.com\/sv\/wp-json\/wp\/v2\/product_cat?post=14738"},{"taxonomy":"product_tag","embeddable":true,"href":"https:\/\/stylingagenten.com\/sv\/wp-json\/wp\/v2\/product_tag?post=14738"},{"taxonomy":"berocket_brand","embeddable":true,"href":"https:\/\/stylingagenten.com\/sv\/wp-json\/wp\/v2\/berocket_brand?post=14738"}],"curies":[{"name":"wp","href":"https:\/\/api.w.org\/{rel}","templated":true}]}}