{"id":14731,"date":"2025-01-24T11:50:50","date_gmt":"2025-01-24T11:50:50","guid":{"rendered":"https:\/\/staging2.stylingagenten.com\/sv\/produkt\/american-crew-daily-deep-moisturizing-shampoo-450ml\/"},"modified":"2026-04-11T16:18:34","modified_gmt":"2026-04-11T16:18:34","slug":"american-crew-daily-deep-moisturizing-shampoo-450ml","status":"publish","type":"product","link":"https:\/\/stylingagenten.com\/sv\/produkt\/american-crew-daily-deep-moisturizing-shampoo-450ml\/","title":{"rendered":"American Crew Daily Deep Moisturizing Shampoo 450ml"},"content":{"rendered":"<p>American Crew Daily Deep Moisturizing Shampoo \u00e4r ett milt reng\u00f6rande schampo som kan anv\u00e4ndas dagligen. Det tillf\u00f6r fukt och v\u00e5rd till h\u00e5ret och torr och irriterad h\u00e5rbotten. Inneh\u00e5ller naturligt reng\u00f6rande extrakt som inte tar bort h\u00e5rets naturliga oljor. Veteprotein och risb\u00f6nolja ger glans, fukt och styrka och timjan och rosmarin stimulerar h\u00e5rbotten. Anpassat f\u00f6r att bygga upp slitet h\u00e5r. Silikonfri och vegansk formula.<\/p>\n","protected":false},"excerpt":{"rendered":"<p>American Crew Daily Deep Moisturizing Shampoo \u00e4r ett milt reng\u00f6rande schampo som kan anv\u00e4ndas dagligen. Det tillf\u00f6r fukt och v\u00e5rd till h\u00e5ret och torr och irriterad h\u00e5rbotten. Inneh\u00e5ller naturligt reng\u00f6rande extrakt som inte tar bort h\u00e5rets naturliga oljor. Veteprotein och risb\u00f6nolja ger glans, fukt och styrka och timjan och rosmarin stimulerar h\u00e5rbotten. Anpassat f\u00f6r att [&hellip;]<\/p>\n","protected":false},"featured_media":14728,"comment_status":"open","ping_status":"closed","template":"","meta":{"_trash_the_other_posts":false},"product_brand":[],"product_cat":[563],"product_tag":[2361],"berocket_brand":[1071],"class_list":{"0":"post-14731","1":"product","2":"type-product","3":"status-publish","4":"has-post-thumbnail","6":"product_cat-schampo","7":"product_tag-american-crew-daily-deep-moisturizing-shampoo","8":"pa_brand-american-crew","9":"pa_variant-450ml","10":"berocket_brand-american-crew","12":"first","13":"instock","14":"sale","15":"taxable","16":"shipping-taxable","17":"purchasable","18":"product-type-simple"},"_links":{"self":[{"href":"https:\/\/stylingagenten.com\/sv\/wp-json\/wp\/v2\/product\/14731","targetHints":{"allow":["GET"]}}],"collection":[{"href":"https:\/\/stylingagenten.com\/sv\/wp-json\/wp\/v2\/product"}],"about":[{"href":"https:\/\/stylingagenten.com\/sv\/wp-json\/wp\/v2\/types\/product"}],"replies":[{"embeddable":true,"href":"https:\/\/stylingagenten.com\/sv\/wp-json\/wp\/v2\/comments?post=14731"}],"version-history":[{"count":0,"href":"https:\/\/stylingagenten.com\/sv\/wp-json\/wp\/v2\/product\/14731\/revisions"}],"wp:featuredmedia":[{"embeddable":true,"href":"https:\/\/stylingagenten.com\/sv\/wp-json\/wp\/v2\/media\/14728"}],"wp:attachment":[{"href":"https:\/\/stylingagenten.com\/sv\/wp-json\/wp\/v2\/media?parent=14731"}],"wp:term":[{"taxonomy":"product_brand","embeddable":true,"href":"https:\/\/stylingagenten.com\/sv\/wp-json\/wp\/v2\/product_brand?post=14731"},{"taxonomy":"product_cat","embeddable":true,"href":"https:\/\/stylingagenten.com\/sv\/wp-json\/wp\/v2\/product_cat?post=14731"},{"taxonomy":"product_tag","embeddable":true,"href":"https:\/\/stylingagenten.com\/sv\/wp-json\/wp\/v2\/product_tag?post=14731"},{"taxonomy":"berocket_brand","embeddable":true,"href":"https:\/\/stylingagenten.com\/sv\/wp-json\/wp\/v2\/berocket_brand?post=14731"}],"curies":[{"name":"wp","href":"https:\/\/api.w.org\/{rel}","templated":true}]}}