{"id":14719,"date":"2025-01-24T11:50:49","date_gmt":"2025-01-24T11:50:49","guid":{"rendered":"https:\/\/staging2.stylingagenten.com\/sv\/produkt\/wella-eimi-mistify-me-strong-300ml\/"},"modified":"2026-04-01T14:02:05","modified_gmt":"2026-04-01T14:02:05","slug":"wella-eimi-mistify-me-strong-300ml","status":"publish","type":"product","link":"https:\/\/stylingagenten.com\/sv\/produkt\/wella-eimi-mistify-me-strong-300ml\/","title":{"rendered":"Wella EIMI Mistify Me Strong 300ml"},"content":{"rendered":"<p>Wella EIMI Mistify Me Strong \u00e4r en snabbtorkande h\u00e5rspray med h\u00f6g stadga. Exklusiv MICROMIST-teknologi fixerar frisyren omedelbart. Den l\u00e4tta sprayen f\u00f6rdelar sig fint och naturligt i h\u00e5ret. Resultatet h\u00e5ller i upp till 24 timmar.<\/p>\n","protected":false},"excerpt":{"rendered":"<p>Wella EIMI Mistify Me Strong \u00e4r en snabbtorkande h\u00e5rspray med h\u00f6g stadga. Exklusiv MICROMIST-teknologi fixerar frisyren omedelbart. Den l\u00e4tta sprayen f\u00f6rdelar sig fint och naturligt i h\u00e5ret. Resultatet h\u00e5ller i upp till 24 timmar.<\/p>\n","protected":false},"featured_media":14713,"comment_status":"open","ping_status":"closed","template":"","meta":{"_trash_the_other_posts":false},"product_brand":[],"product_cat":[576],"product_tag":[4234],"berocket_brand":[1030],"class_list":{"0":"post-14719","1":"product","2":"type-product","3":"status-publish","4":"has-post-thumbnail","6":"product_cat-harspray","7":"product_tag-wella-eimi-mistify-me-strong","8":"pa_brand-wella","9":"pa_variant-300ml","10":"berocket_brand-wella","12":"first","13":"instock","14":"sale","15":"taxable","16":"shipping-taxable","17":"purchasable","18":"product-type-simple"},"_links":{"self":[{"href":"https:\/\/stylingagenten.com\/sv\/wp-json\/wp\/v2\/product\/14719","targetHints":{"allow":["GET"]}}],"collection":[{"href":"https:\/\/stylingagenten.com\/sv\/wp-json\/wp\/v2\/product"}],"about":[{"href":"https:\/\/stylingagenten.com\/sv\/wp-json\/wp\/v2\/types\/product"}],"replies":[{"embeddable":true,"href":"https:\/\/stylingagenten.com\/sv\/wp-json\/wp\/v2\/comments?post=14719"}],"version-history":[{"count":0,"href":"https:\/\/stylingagenten.com\/sv\/wp-json\/wp\/v2\/product\/14719\/revisions"}],"wp:featuredmedia":[{"embeddable":true,"href":"https:\/\/stylingagenten.com\/sv\/wp-json\/wp\/v2\/media\/14713"}],"wp:attachment":[{"href":"https:\/\/stylingagenten.com\/sv\/wp-json\/wp\/v2\/media?parent=14719"}],"wp:term":[{"taxonomy":"product_brand","embeddable":true,"href":"https:\/\/stylingagenten.com\/sv\/wp-json\/wp\/v2\/product_brand?post=14719"},{"taxonomy":"product_cat","embeddable":true,"href":"https:\/\/stylingagenten.com\/sv\/wp-json\/wp\/v2\/product_cat?post=14719"},{"taxonomy":"product_tag","embeddable":true,"href":"https:\/\/stylingagenten.com\/sv\/wp-json\/wp\/v2\/product_tag?post=14719"},{"taxonomy":"berocket_brand","embeddable":true,"href":"https:\/\/stylingagenten.com\/sv\/wp-json\/wp\/v2\/berocket_brand?post=14719"}],"curies":[{"name":"wp","href":"https:\/\/api.w.org\/{rel}","templated":true}]}}