{"id":14711,"date":"2025-01-24T11:50:48","date_gmt":"2025-01-24T11:50:48","guid":{"rendered":"https:\/\/staging2.stylingagenten.com\/sv\/produkt\/sachajuan-thickening-conditioner-250ml\/"},"modified":"2026-03-11T22:01:55","modified_gmt":"2026-03-11T22:01:55","slug":"sachajuan-thickening-conditioner-250ml","status":"publish","type":"product","link":"https:\/\/stylingagenten.com\/sv\/produkt\/sachajuan-thickening-conditioner-250ml\/","title":{"rendered":"SACHAJUAN Thickening Conditioner 250ml"},"content":{"rendered":"<p>SACHAJUAN Thickening Conditioner inneh\u00e5ller Thickening teknologi som ger h\u00e5ret n\u00e4ring, mjukhet och en fantastisk grund f\u00f6r styling. Verkar utredande och skyddande, samt g\u00f6r h\u00e5ret friskare, glansigare och vackrare. Bas formulan kompletteras med de v\u00e5rdande Ocean Silk Teknologi och goda egenskaper fr\u00e5n nya konditioneringsingredienser som ger fyllig och mjuk volym med en l\u00e4tt k\u00e4nsla. Ingredienser som vanligtvis finns i stylingprodukter g\u00f6r att varje h\u00e5r blir tjockare och hj\u00e4lper till att underl\u00e4tta styling med volym. V\u00e4rme- och UV-skydd arbetar tillsammans och ger ett starkt och h\u00e4lsosamt h\u00e5r, med \u00f6kad lyster. Signaturdoften Fruity Floral. Reng\u00f6r och konditionerar h\u00e5ret milt. Ger h\u00e5ret en f\u00f6ljsam mjuk volym.<\/p>\n<p>250ml<\/p>\n","protected":false},"excerpt":{"rendered":"<p>SACHAJUAN Thickening Conditioner inneh\u00e5ller Thickening teknologi som ger h\u00e5ret n\u00e4ring, mjukhet och en fantastisk grund f\u00f6r styling. Verkar utredande och skyddande, samt g\u00f6r h\u00e5ret friskare, glansigare och vackrare. Bas formulan kompletteras med de v\u00e5rdande Ocean Silk Teknologi och goda egenskaper fr\u00e5n nya konditioneringsingredienser som ger fyllig och mjuk volym med en l\u00e4tt k\u00e4nsla. Ingredienser som [&hellip;]<\/p>\n","protected":false},"featured_media":14710,"comment_status":"open","ping_status":"closed","template":"","meta":{"_trash_the_other_posts":false},"product_brand":[],"product_cat":[587],"product_tag":[4116],"berocket_brand":[1409],"class_list":{"0":"post-14711","1":"product","2":"type-product","3":"status-publish","4":"has-post-thumbnail","6":"product_cat-balsam","7":"product_tag-sachajuan-thickening-conditioner","8":"pa_brand-sachajuan","9":"pa_variant-250ml","10":"berocket_brand-sachajuan","12":"first","13":"instock","14":"sale","15":"taxable","16":"shipping-taxable","17":"purchasable","18":"product-type-simple"},"_links":{"self":[{"href":"https:\/\/stylingagenten.com\/sv\/wp-json\/wp\/v2\/product\/14711","targetHints":{"allow":["GET"]}}],"collection":[{"href":"https:\/\/stylingagenten.com\/sv\/wp-json\/wp\/v2\/product"}],"about":[{"href":"https:\/\/stylingagenten.com\/sv\/wp-json\/wp\/v2\/types\/product"}],"replies":[{"embeddable":true,"href":"https:\/\/stylingagenten.com\/sv\/wp-json\/wp\/v2\/comments?post=14711"}],"version-history":[{"count":0,"href":"https:\/\/stylingagenten.com\/sv\/wp-json\/wp\/v2\/product\/14711\/revisions"}],"wp:featuredmedia":[{"embeddable":true,"href":"https:\/\/stylingagenten.com\/sv\/wp-json\/wp\/v2\/media\/14710"}],"wp:attachment":[{"href":"https:\/\/stylingagenten.com\/sv\/wp-json\/wp\/v2\/media?parent=14711"}],"wp:term":[{"taxonomy":"product_brand","embeddable":true,"href":"https:\/\/stylingagenten.com\/sv\/wp-json\/wp\/v2\/product_brand?post=14711"},{"taxonomy":"product_cat","embeddable":true,"href":"https:\/\/stylingagenten.com\/sv\/wp-json\/wp\/v2\/product_cat?post=14711"},{"taxonomy":"product_tag","embeddable":true,"href":"https:\/\/stylingagenten.com\/sv\/wp-json\/wp\/v2\/product_tag?post=14711"},{"taxonomy":"berocket_brand","embeddable":true,"href":"https:\/\/stylingagenten.com\/sv\/wp-json\/wp\/v2\/berocket_brand?post=14711"}],"curies":[{"name":"wp","href":"https:\/\/api.w.org\/{rel}","templated":true}]}}