{"id":14702,"date":"2025-01-24T11:50:47","date_gmt":"2025-01-24T11:50:47","guid":{"rendered":"https:\/\/staging2.stylingagenten.com\/sv\/produkt\/sachajuan-colour-protect-conditioner-250ml\/"},"modified":"2026-03-11T22:02:57","modified_gmt":"2026-03-11T22:02:57","slug":"sachajuan-colour-protect-conditioner-250ml","status":"publish","type":"product","link":"https:\/\/stylingagenten.com\/sv\/produkt\/sachajuan-colour-protect-conditioner-250ml\/","title":{"rendered":"SACHAJUAN Colour Protect Conditioner 250ml"},"content":{"rendered":"<p>SACHAJUAN Colour Protect Conditioner \u00e4r ett balsam som skyddar f\u00e4rgade h\u00e5r och som inneh\u00e5ller Ocean Silk Technology och UV skydd. Har en mycket v\u00e5rdande och utredande effekt som g\u00f6r h\u00e5ret starkt, livfullt och glansigt.<\/p>\n<p>250ml<\/p>\n","protected":false},"excerpt":{"rendered":"<p>SACHAJUAN Colour Protect Conditioner \u00e4r ett balsam som skyddar f\u00e4rgade h\u00e5r och som inneh\u00e5ller Ocean Silk Technology och UV skydd. Har en mycket v\u00e5rdande och utredande effekt som g\u00f6r h\u00e5ret starkt, livfullt och glansigt. 250ml<\/p>\n","protected":false},"featured_media":14700,"comment_status":"open","ping_status":"closed","template":"","meta":{"_trash_the_other_posts":false},"product_brand":[],"product_cat":[587],"product_tag":[],"berocket_brand":[1409],"class_list":{"0":"post-14702","1":"product","2":"type-product","3":"status-publish","4":"has-post-thumbnail","6":"product_cat-balsam","7":"pa_brand-sachajuan","8":"berocket_brand-sachajuan","10":"first","11":"instock","12":"sale","13":"taxable","14":"shipping-taxable","15":"purchasable","16":"product-type-simple"},"_links":{"self":[{"href":"https:\/\/stylingagenten.com\/sv\/wp-json\/wp\/v2\/product\/14702","targetHints":{"allow":["GET"]}}],"collection":[{"href":"https:\/\/stylingagenten.com\/sv\/wp-json\/wp\/v2\/product"}],"about":[{"href":"https:\/\/stylingagenten.com\/sv\/wp-json\/wp\/v2\/types\/product"}],"replies":[{"embeddable":true,"href":"https:\/\/stylingagenten.com\/sv\/wp-json\/wp\/v2\/comments?post=14702"}],"version-history":[{"count":0,"href":"https:\/\/stylingagenten.com\/sv\/wp-json\/wp\/v2\/product\/14702\/revisions"}],"wp:featuredmedia":[{"embeddable":true,"href":"https:\/\/stylingagenten.com\/sv\/wp-json\/wp\/v2\/media\/14700"}],"wp:attachment":[{"href":"https:\/\/stylingagenten.com\/sv\/wp-json\/wp\/v2\/media?parent=14702"}],"wp:term":[{"taxonomy":"product_brand","embeddable":true,"href":"https:\/\/stylingagenten.com\/sv\/wp-json\/wp\/v2\/product_brand?post=14702"},{"taxonomy":"product_cat","embeddable":true,"href":"https:\/\/stylingagenten.com\/sv\/wp-json\/wp\/v2\/product_cat?post=14702"},{"taxonomy":"product_tag","embeddable":true,"href":"https:\/\/stylingagenten.com\/sv\/wp-json\/wp\/v2\/product_tag?post=14702"},{"taxonomy":"berocket_brand","embeddable":true,"href":"https:\/\/stylingagenten.com\/sv\/wp-json\/wp\/v2\/berocket_brand?post=14702"}],"curies":[{"name":"wp","href":"https:\/\/api.w.org\/{rel}","templated":true}]}}